{"id":870,"date":"2020-02-20T10:56:00","date_gmt":"2020-02-20T10:56:00","guid":{"rendered":"https:\/\/wordpress.iqonic.design\/product\/wp\/qloud\/?page_id=870"},"modified":"2023-06-07T10:20:17","modified_gmt":"2023-06-07T10:20:17","slug":"about-us","status":"publish","type":"page","link":"http:\/\/myclawd.alliancetek.net\/fr\/about-us\/","title":{"rendered":"\u00c0 propos de nous"},"content":{"rendered":"<div data-elementor-type=\"wp-page\" data-elementor-id=\"870\" class=\"elementor elementor-870\">\n\t\t\t\t\t\t\t\t\t<section class=\"elementor-section elementor-top-section elementor-element elementor-element-75a4749 elementor-section-stretched elementor-reverse-tablet elementor-reverse-mobile elementor-section-height-full elementor-section-boxed elementor-section-height-default elementor-section-items-middle\" data-id=\"75a4749\" data-element_type=\"section\" data-settings=\"{&quot;stretch_section&quot;:&quot;section-stretched&quot;,&quot;background_background&quot;:&quot;classic&quot;}\">\n\t\t\t\t\t\t<div class=\"elementor-container elementor-column-gap-default\">\n\t\t\t\t\t<div class=\"elementor-column elementor-col-50 elementor-top-column elementor-element elementor-element-c0243ac layouts-column-align-inherit layouts-section-position-none\" data-id=\"c0243ac\" data-element_type=\"column\" data-settings=\"{&quot;background_background&quot;:&quot;classic&quot;}\">\n\t\t\t<div class=\"elementor-widget-wrap elementor-element-populated\">\n\t\t\t\t\t\t\t\t<div class=\"hf-elementor-layout elementor-element elementor-element-01f1ba6 elementor-widget elementor-widget-image\" data-id=\"01f1ba6\" data-element_type=\"widget\" data-widget_type=\"image.default\">\n\t\t\t\t<div class=\"elementor-widget-container\">\n\t\t\t<style>\/*! elementor - v3.11.1 - 15-02-2023 *\/\n.elementor-widget-image{text-align:center}.elementor-widget-image a{display:inline-block}.elementor-widget-image a img[src$=\".svg\"]{width:48px}.elementor-widget-image img{vertical-align:middle;display:inline-block}<\/style>\t\t\t\t\t\t\t\t\t\t\t\t<img decoding=\"async\" src=\"http:\/\/myclawd.alliancetek.net\/wp-content\/uploads\/2023\/04\/digital-transformation-reality.png\" title=\"digital-transformation-reality\" alt=\"digital-transformation-reality\" loading=\"lazy\" \/>\t\t\t\t\t\t\t\t\t\t\t\t\t\t\t<\/div>\n\t\t\t\t<\/div>\n\t\t\t\t\t<\/div>\n\t\t<\/div>\n\t\t\t\t<div class=\"elementor-column elementor-col-50 elementor-top-column elementor-element elementor-element-f19a4ec layouts-column-align-inherit layouts-section-position-none\" data-id=\"f19a4ec\" data-element_type=\"column\">\n\t\t\t<div class=\"elementor-widget-wrap elementor-element-populated\">\n\t\t\t\t\t\t\t\t<section class=\"elementor-section elementor-inner-section elementor-element elementor-element-7c21b9b elementor-section-boxed elementor-section-height-default elementor-section-height-default\" data-id=\"7c21b9b\" data-element_type=\"section\">\n\t\t\t\t\t\t<div class=\"elementor-container elementor-column-gap-default\">\n\t\t\t\t\t<div class=\"elementor-column elementor-col-100 elementor-inner-column elementor-element elementor-element-56ee73b layouts-column-align-inherit layouts-section-position-none\" data-id=\"56ee73b\" data-element_type=\"column\">\n\t\t\t<div class=\"elementor-widget-wrap elementor-element-populated\">\n\t\t\t\t\t\t\t\t<div class=\"hf-elementor-layout elementor-element elementor-element-7875aaa elementor-widget elementor-widget-section_title\" data-id=\"7875aaa\" data-element_type=\"widget\" data-widget_type=\"section_title.default\">\n\t\t\t\t<div class=\"elementor-widget-container\">\n\t\t\t\t<div class=\"left iq-title-box iq-title-default iq-title-box-1\">\n\t\t<div class=\"iq-title-icon\">\n\t\t\t\t\t<\/div>\n\t\t\t<span class=\"iq-subtitle iq-title-box-1\">About us<\/span>\t\t<h5 class=\"iq-title\" >\n\t\t\tDes solutions centr\u00e9es sur les personnes et bas\u00e9es sur le cloud pour la transformation num\u00e9rique et les transactions commerciales mondiales.\t\t<\/h5>\n\t\t\t<p class=\"iq-title-desc\">Cr\u00e9\u00e9 en 2010 par des avocats qui ont vu un besoin sp\u00e9cifique sur le march\u00e9 de la transformation num\u00e9rique, Clawd Technologies fournit une v\u00e9rification de l'identit\u00e9 des personnes et des entit\u00e9s, des signatures \u00e9lectroniques am\u00e9lior\u00e9es tr\u00e8s probantes et des services de num\u00e9risation juridiquement authentiques aux entreprises qui doivent minimiser la fraude, permettre des obligations fiduciaires et assurer le transfert l\u00e9gal et transparent de responsabilit\u00e9. Notre \u00e9cosyst\u00e8me SaaS int\u00e9gr\u00e9 et de cha\u00eene de confiance brevet\u00e9 garantit la signature \u00e9lectronique la plus avanc\u00e9e disponible, l'authentification des documents pour cr\u00e9er des originaux num\u00e9riques et la possibilit\u00e9 de stocker des fichiers num\u00e9riques dans un coffre-fort s\u00e9curis\u00e9 pour prot\u00e9ger la m\u00e9moire d'entreprise.<\/p>\t<\/div>\n    \t\t<\/div>\n\t\t\t\t<\/div>\n\t\t\t\t\t<\/div>\n\t\t<\/div>\n\t\t\t\t\t\t\t<\/div>\n\t\t<\/section>\n\t\t\t\t\t<\/div>\n\t\t<\/div>\n\t\t\t\t\t\t\t<\/div>\n\t\t<\/section>\n\t\t\t\t\t\t\t<\/div>","protected":false},"excerpt":{"rendered":"<p>About us People-centric and cloud-based solutions for digital transformation and global business transactions. Created in 2010 by lawyers that saw a specific need in the market for digital transformation, Clawd Technologies provides individual and entity identity verification, high probative Enhanced eSignatures, and legally authentic digitization services to businesses that need to minimize fraud, enable fiduciary [&hellip;]<\/p>","protected":false},"author":1,"featured_media":0,"parent":0,"menu_order":0,"comment_status":"closed","ping_status":"closed","template":"","meta":[],"acf":[],"_links":{"self":[{"href":"http:\/\/myclawd.alliancetek.net\/fr\/wp-json\/wp\/v2\/pages\/870"}],"collection":[{"href":"http:\/\/myclawd.alliancetek.net\/fr\/wp-json\/wp\/v2\/pages"}],"about":[{"href":"http:\/\/myclawd.alliancetek.net\/fr\/wp-json\/wp\/v2\/types\/page"}],"author":[{"embeddable":true,"href":"http:\/\/myclawd.alliancetek.net\/fr\/wp-json\/wp\/v2\/users\/1"}],"replies":[{"embeddable":true,"href":"http:\/\/myclawd.alliancetek.net\/fr\/wp-json\/wp\/v2\/comments?post=870"}],"version-history":[{"count":40,"href":"http:\/\/myclawd.alliancetek.net\/fr\/wp-json\/wp\/v2\/pages\/870\/revisions"}],"predecessor-version":[{"id":28047,"href":"http:\/\/myclawd.alliancetek.net\/fr\/wp-json\/wp\/v2\/pages\/870\/revisions\/28047"}],"wp:attachment":[{"href":"http:\/\/myclawd.alliancetek.net\/fr\/wp-json\/wp\/v2\/media?parent=870"}],"curies":[{"name":"wp","href":"https:\/\/api.w.org\/{rel}","templated":true}]}}