{"id":793,"date":"2020-02-20T09:50:12","date_gmt":"2020-02-20T09:50:12","guid":{"rendered":"https:\/\/wordpress.iqonic.design\/product\/wp\/qloud\/?page_id=793"},"modified":"2023-07-31T10:04:42","modified_gmt":"2023-07-31T10:04:42","slug":"contact-us","status":"publish","type":"page","link":"http:\/\/myclawd.alliancetek.net\/fr\/contact-us\/","title":{"rendered":"Contactez nous"},"content":{"rendered":"<div data-elementor-type=\"wp-page\" data-elementor-id=\"793\" class=\"elementor elementor-793\">\n\t\t\t\t\t\t\t\t\t<div class=\"elementor-section elementor-top-section elementor-element elementor-element-c62a606 elementor-section-stretched elementor-section-boxed elementor-section-height-default elementor-section-height-default\" data-id=\"c62a606\" data-element_type=\"section\" data-settings=\"{&quot;stretch_section&quot;:&quot;section-stretched&quot;}\">\n\t\t\t\t\t\t<div class=\"elementor-container elementor-column-gap-default\">\n\t\t\t\t\t<div class=\"elementor-column elementor-col-100 elementor-top-column elementor-element elementor-element-3b44247 layouts-column-align-inherit layouts-section-position-none\" data-id=\"3b44247\" data-element_type=\"column\">\n\t\t\t<div class=\"elementor-widget-wrap elementor-element-populated\">\n\t\t\t\t\t\t\t\t<section class=\"elementor-section elementor-inner-section elementor-element elementor-element-c3a0a32 elementor-section-boxed elementor-section-height-default elementor-section-height-default\" data-id=\"c3a0a32\" data-element_type=\"section\">\n\t\t\t\t\t\t<div class=\"elementor-container elementor-column-gap-default\">\n\t\t\t\t\t<div class=\"elementor-column elementor-col-50 elementor-inner-column elementor-element elementor-element-8d52d78 layouts-column-align-inherit layouts-section-position-none\" data-id=\"8d52d78\" data-element_type=\"column\">\n\t\t\t<div class=\"elementor-widget-wrap elementor-element-populated\">\n\t\t\t\t\t\t\t\t<div class=\"hf-elementor-layout elementor-element elementor-element-2236647d elementor-widget elementor-widget-section_title\" data-id=\"2236647d\" data-element_type=\"widget\" data-widget_type=\"section_title.default\">\n\t\t\t\t<div class=\"elementor-widget-container\">\n\t\t\t\t<div class=\"left iq-title-box iq-title-default iq-title-box-1\">\n\t\t<div class=\"iq-title-icon\">\n\t\t\t\t\t<\/div>\n\t\t\t<span class=\"iq-subtitle iq-title-box-1\">Worldwide location<\/span>\t\t<h2 class=\"iq-title\" >\n\t\t\tComment nous trouver\t\t<\/h2>\n\t\t\t<p class=\"iq-title-desc\">Votre premi\u00e8re \u00e9tape pour garantir la v\u00e9rification de l'authenticit\u00e9, la gouvernance des informations et l'\u00e9tablissement d'un \u00e9cosyst\u00e8me de cha\u00eene de tra\u00e7abilit\u00e9 l\u00e9gale commence ici.<\/p>\t<\/div>\n    \t\t<\/div>\n\t\t\t\t<\/div>\n\t\t\t\t<div class=\"hf-elementor-layout elementor-element elementor-element-2d76486 elementor-widget elementor-widget-iqonic_icon_box\" data-id=\"2d76486\" data-element_type=\"widget\" data-widget_type=\"iqonic_icon_box.default\">\n\t\t\t\t<div class=\"elementor-widget-container\">\n\t\t\t    <div class=\"iq-icon-box iq-icon-box-style-2\">\n\t\n\t<div class=\"icon-box-img\">\n\t\t<svg xmlns=\"http:\/\/www.w3.org\/2000\/svg\" width=\"14\" height=\"18\" viewbox=\"0 0 14 18\" fill=\"none\"><path fill-rule=\"evenodd\" clip-rule=\"evenodd\" d=\"M9.08268 7.7505C9.08268 6.59944 8.14999 5.66675 6.99977 5.66675C5.84871 5.66675 4.91602 6.59944 4.91602 7.7505C4.91602 8.90072 5.84871 9.83341 6.99977 9.83341C8.14999 9.83341 9.08268 8.90072 9.08268 7.7505Z\" stroke=\"#285BD4\" stroke-width=\"1.5\" stroke-linecap=\"round\" stroke-linejoin=\"round\"><\/path><path fill-rule=\"evenodd\" clip-rule=\"evenodd\" d=\"M6.99959 16.5C6.00086 16.5 0.75 12.2486 0.75 7.80274C0.75 4.3222 3.54758 1.5 6.99959 1.5C10.4516 1.5 13.25 4.3222 13.25 7.80274C13.25 12.2486 7.99832 16.5 6.99959 16.5Z\" stroke=\"#285BD4\" stroke-width=\"1.5\" stroke-linecap=\"round\" stroke-linejoin=\"round\"><\/path><\/svg>\t<\/div>\n\t\t\t\n\t<div class=\"icon-box-content\">\n\t\t\t\t\t\t\n\t\t            <p class=\"icon-box-desc\"> 1470 rue Peel, Suite 305, Montr\u00e9al (Qu\u00e9bec) H3A 1T1, CANADA <\/p>\n                 \t<\/div>\n\t\n <\/div>\n\t\t<\/div>\n\t\t\t\t<\/div>\n\t\t\t\t<div class=\"hf-elementor-layout elementor-element elementor-element-9f9913c elementor-widget elementor-widget-iqonic_icon_box\" data-id=\"9f9913c\" data-element_type=\"widget\" data-widget_type=\"iqonic_icon_box.default\">\n\t\t\t\t<div class=\"elementor-widget-container\">\n\t\t\t    <div class=\"iq-icon-box iq-icon-box-style-2\">\n\t\n\t<div class=\"icon-box-img\">\n\t\t<svg xmlns=\"http:\/\/www.w3.org\/2000\/svg\" width=\"19\" height=\"18\" viewbox=\"0 0 19 18\" fill=\"none\"><path d=\"M11.9609 1.08325C15.0451 1.42575 17.4818 3.85909 17.8276 6.94325\" stroke=\"#285BD4\" stroke-width=\"1.5\" stroke-linecap=\"round\" stroke-linejoin=\"round\"><\/path><path d=\"M11.9609 4.03564C13.4368 4.32231 14.5901 5.47648 14.8776 6.95231\" stroke=\"#285BD4\" stroke-width=\"1.5\" stroke-linecap=\"round\" stroke-linejoin=\"round\"><\/path><path fill-rule=\"evenodd\" clip-rule=\"evenodd\" d=\"M9.19228 9.39357C12.5164 12.7169 13.2705 8.87218 15.3871 10.9873C17.4275 13.0272 18.6012 13.4359 16.015 16.0205C15.6912 16.2808 13.6337 19.4118 6.40307 12.183C-0.82849 4.95325 2.30065 2.89362 2.56097 2.56988C5.15249 -0.0218765 5.55503 1.15774 7.59551 3.19769C9.71112 5.31366 5.86813 6.07026 9.19228 9.39357Z\" stroke=\"#285BD4\" stroke-width=\"1.5\" stroke-linecap=\"round\" stroke-linejoin=\"round\"><\/path><\/svg>\t<\/div>\n\t\t\t\n\t<div class=\"icon-box-content\">\n\t\t\t\t\t\t\n\t\t            <p class=\"icon-box-desc\"> USA and CANADA : 1 866-975-1616 <\/p>\n                 \t<\/div>\n\t\n <\/div>\n\t\t<\/div>\n\t\t\t\t<\/div>\n\t\t\t\t<div class=\"hf-elementor-layout elementor-element elementor-element-d16db53 elementor-widget elementor-widget-text-editor\" data-id=\"d16db53\" data-element_type=\"widget\" data-widget_type=\"text-editor.default\">\n\t\t\t\t<div class=\"elementor-widget-container\">\n\t\t\t<style>\/*! elementor - v3.11.1 - 15-02-2023 *\/\n.elementor-widget-text-editor.elementor-drop-cap-view-stacked .elementor-drop-cap{background-color:#818a91;color:#fff}.elementor-widget-text-editor.elementor-drop-cap-view-framed .elementor-drop-cap{color:#818a91;border:3px solid;background-color:transparent}.elementor-widget-text-editor:not(.elementor-drop-cap-view-default) .elementor-drop-cap{margin-top:8px}.elementor-widget-text-editor:not(.elementor-drop-cap-view-default) .elementor-drop-cap-letter{width:1em;height:1em}.elementor-widget-text-editor .elementor-drop-cap{float:left;text-align:center;line-height:1;font-size:50px}.elementor-widget-text-editor .elementor-drop-cap-letter{display:inline-block}<\/style>\t\t\t\t<div class=\"hf-elementor-layout elementor-element elementor-element-15eff13 elementor-widget elementor-widget-iqonic_icon_box dipmail\" data-id=\"15eff13\" data-element_type=\"widget\" data-widget_type=\"iqonic_icon_box.default\">\n\t\t\t\t<div class=\"elementor-widget-container\">\n\t\t\t    <div class=\"iq-icon-box iq-icon-box-style-2  active\">\n\t\n\t<div class=\"icon-box-img\">\n\t\t<svg xmlns=\"http:\/\/www.w3.org\/2000\/svg\" width=\"20\" height=\"18\" viewbox=\"0 0 20 18\" fill=\"none\"><path d=\"M14.9178 6.37598L11.2151 9.38684C10.5155 9.94184 9.53122 9.94184 8.83164 9.38684L5.09766 6.37598\" stroke=\"#285BD4\" stroke-width=\"1.5\" stroke-linecap=\"round\" stroke-linejoin=\"round\"><\/path><path fill-rule=\"evenodd\" clip-rule=\"evenodd\" d=\"M14.0901 16.5C16.6245 16.507 18.3327 14.4246 18.3327 11.8653V6.14168C18.3327 3.58235 16.6245 1.5 14.0901 1.5H5.90863C3.37417 1.5 1.66602 3.58235 1.66602 6.14168V11.8653C1.66602 14.4246 3.37417 16.507 5.90863 16.5H14.0901Z\" stroke=\"#285BD4\" stroke-width=\"1.5\" stroke-linecap=\"round\" stroke-linejoin=\"round\"><\/path><\/svg>\t<\/div>\n\t\t\t\n\t<div class=\"icon-box-content\">\n\t\t<a class=\"icon-box-desc\" href=\"mailto:info@myclawd.com\"> info@myclawd.com <\/a>\t\t\t\t\n\t\t         \t<\/div>\n\t\n <\/div>\n\t\t<\/div>\n\t\t\t\t<\/div>\t\t\t\t\t\t<\/div>\n\t\t\t\t<\/div>\n\t\t\t\t<div class=\"hf-elementor-layout elementor-element elementor-element-15eff13 elementor-widget elementor-widget-iqonic_icon_box\" data-id=\"15eff13\" data-element_type=\"widget\" data-widget_type=\"iqonic_icon_box.default\">\n\t\t\t\t<div class=\"elementor-widget-container\">\n\t\t\t    <div class=\"iq-icon-box iq-icon-box-style-2  active\">\n\t\n\t<div class=\"icon-box-img\">\n\t\t<svg xmlns=\"http:\/\/www.w3.org\/2000\/svg\" width=\"20\" height=\"18\" viewbox=\"0 0 20 18\" fill=\"none\"><path d=\"M14.9178 6.37598L11.2151 9.38684C10.5155 9.94184 9.53122 9.94184 8.83164 9.38684L5.09766 6.37598\" stroke=\"#285BD4\" stroke-width=\"1.5\" stroke-linecap=\"round\" stroke-linejoin=\"round\"><\/path><path fill-rule=\"evenodd\" clip-rule=\"evenodd\" d=\"M14.0901 16.5C16.6245 16.507 18.3327 14.4246 18.3327 11.8653V6.14168C18.3327 3.58235 16.6245 1.5 14.0901 1.5H5.90863C3.37417 1.5 1.66602 3.58235 1.66602 6.14168V11.8653C1.66602 14.4246 3.37417 16.507 5.90863 16.5H14.0901Z\" stroke=\"#285BD4\" stroke-width=\"1.5\" stroke-linecap=\"round\" stroke-linejoin=\"round\"><\/path><\/svg>\t<\/div>\n\t\t\t\n\t<div class=\"icon-box-content\">\n\t\t\t\t\t\t\n\t\t         \t<\/div>\n\t\n <\/div>\n\t\t<\/div>\n\t\t\t\t<\/div>\n\t\t\t\t\t<\/div>\n\t\t<\/div>\n\t\t\t\t<div class=\"elementor-column elementor-col-50 elementor-inner-column elementor-element elementor-element-971f11b layouts-column-align-inherit layouts-section-position-none\" data-id=\"971f11b\" data-element_type=\"column\">\n\t\t\t<div class=\"elementor-widget-wrap elementor-element-populated\">\n\t\t\t\t\t\t\t\t<div class=\"hf-elementor-layout elementor-element elementor-element-2f5799a elementor-widget elementor-widget-google_maps\" data-id=\"2f5799a\" data-element_type=\"widget\" data-widget_type=\"google_maps.default\">\n\t\t\t\t<div class=\"elementor-widget-container\">\n\t\t\t<style>\/*! elementor - v3.11.1 - 15-02-2023 *\/\n.elementor-widget-google_maps .elementor-widget-container{overflow:hidden}.elementor-widget-google_maps .elementor-custom-embed{line-height:0}.elementor-widget-google_maps iframe{height:300px}<\/style>\t\t<div class=\"elementor-custom-embed\">\n\t\t\t<iframe loading=\"lazy\"\n\t\t\t\t\tsrc=\"https:\/\/maps.google.com\/maps?q=1470%20Peel%20st%2C%20suite%20305%2C%20Montreal%20%28Quebec%29%20H3A%20ITI%2C%20CANADA&#038;t=m&#038;z=10&#038;output=embed&#038;iwloc=near\"\n\t\t\t\t\ttitle=\"1470 rue Peel, suite 305, Montr\u00e9al (Qu\u00e9bec) H3A 1T1, CANADA\"\n\t\t\t\t\taria-label=\"1470 rue Peel, suite 305, Montr\u00e9al (Qu\u00e9bec) H3A 1T1, CANADA\"\n\t\t\t><\/iframe>\n\t\t<\/div>\n\t\t\t\t<\/div>\n\t\t\t\t<\/div>\n\t\t\t\t\t<\/div>\n\t\t<\/div>\n\t\t\t\t\t\t\t<\/div>\n\t\t<\/section>\n\t\t\t\t\t<\/div>\n\t\t<\/div>\n\t\t\t\t\t\t\t<\/div>\n\t\t<\/div>\n\t\t\t\t<section class=\"elementor-section elementor-top-section elementor-element elementor-element-afccb27 elementor-section-stretched elementor-reverse-tablet elementor-reverse-mobile elementor-section-boxed elementor-section-height-default elementor-section-height-default\" data-id=\"afccb27\" data-element_type=\"section\" data-settings=\"{&quot;stretch_section&quot;:&quot;section-stretched&quot;,&quot;background_background&quot;:&quot;classic&quot;}\">\n\t\t\t\t\t\t<div class=\"elementor-container elementor-column-gap-default\">\n\t\t\t\t\t<div class=\"elementor-column elementor-col-50 elementor-top-column elementor-element elementor-element-e559624 layouts-column-align-inherit layouts-section-position-none\" data-id=\"e559624\" data-element_type=\"column\">\n\t\t\t<div class=\"elementor-widget-wrap elementor-element-populated\">\n\t\t\t\t\t\t\t\t<div class=\"hf-elementor-layout elementor-element elementor-element-8eb01c7 elementor-widget elementor-widget-image\" data-id=\"8eb01c7\" data-element_type=\"widget\" data-widget_type=\"image.default\">\n\t\t\t\t<div class=\"elementor-widget-container\">\n\t\t\t<style>\/*! elementor - v3.11.1 - 15-02-2023 *\/\n.elementor-widget-image{text-align:center}.elementor-widget-image a{display:inline-block}.elementor-widget-image a img[src$=\".svg\"]{width:48px}.elementor-widget-image img{vertical-align:middle;display:inline-block}<\/style>\t\t\t\t\t\t\t\t\t\t\t\t<img decoding=\"async\" src=\"http:\/\/myclawd.alliancetek.net\/wp-content\/uploads\/2022\/06\/image-29.webp\" title=\"image-29\" alt=\"image\" loading=\"lazy\" \/>\t\t\t\t\t\t\t\t\t\t\t\t\t\t\t<\/div>\n\t\t\t\t<\/div>\n\t\t\t\t\t<\/div>\n\t\t<\/div>\n\t\t\t\t<div class=\"elementor-column elementor-col-50 elementor-top-column elementor-element elementor-element-aea7cdc layouts-column-align-inherit layouts-section-position-none\" data-id=\"aea7cdc\" data-element_type=\"column\">\n\t\t\t<div class=\"elementor-widget-wrap elementor-element-populated\">\n\t\t\t\t\t\t\t\t<div class=\"hf-elementor-layout elementor-element elementor-element-473e323 elementor-widget elementor-widget-section_title\" data-id=\"473e323\" data-element_type=\"widget\" data-widget_type=\"section_title.default\">\n\t\t\t\t<div class=\"elementor-widget-container\">\n\t\t\t\t<div class=\"iq-title-box iq-title-default iq-title-box-1\">\n\t\t<div class=\"iq-title-icon\">\n\t\t\t\t\t<\/div>\n\t\t\t\t\t<h2 class=\"iq-title\" >\n\t\t\tContactez nous\t\t<\/h2>\n\t\t\t\t<\/div>\n    \t\t<\/div>\n\t\t\t\t<\/div>\n\t\t\t\t<div class=\"hf-elementor-layout elementor-element elementor-element-c0d545f elementor-widget elementor-widget-shortcode\" data-id=\"c0d545f\" data-element_type=\"widget\" data-widget_type=\"shortcode.default\">\n\t\t\t\t<div class=\"elementor-widget-container\">\n\t\t\t\t\t<div class=\"elementor-shortcode\">\n<div class=\"wpcf7 no-js\" id=\"wpcf7-f5231-o1\" lang=\"en-US\" dir=\"ltr\">\n<div class=\"screen-reader-response\"><p role=\"status\" aria-live=\"polite\" aria-atomic=\"true\"><\/p> <ul><\/ul><\/div>\n<form action=\"\/fr\/wp-json\/wp\/v2\/pages\/793#wpcf7-f5231-o1\" method=\"post\" class=\"wpcf7-form init\" aria-label=\"Contact form\" novalidate=\"novalidate\" data-status=\"init\" data-trp-original-action=\"\/fr\/wp-json\/wp\/v2\/pages\/793#wpcf7-f5231-o1\">\n<div style=\"display: none;\">\n<input type=\"hidden\" name=\"_wpcf7\" value=\"5231\" \/>\n<input type=\"hidden\" name=\"_wpcf7_version\" value=\"5.7.3\" \/>\n<input type=\"hidden\" name=\"_wpcf7_locale\" value=\"en_US\" \/>\n<input type=\"hidden\" name=\"_wpcf7_unit_tag\" value=\"wpcf7-f5231-o1\" \/>\n<input type=\"hidden\" name=\"_wpcf7_container_post\" value=\"0\" \/>\n<input type=\"hidden\" name=\"_wpcf7_posted_data_hash\" value=\"\" \/>\n<\/div>\n<div class=\"contact-form-new\">\n\t<div class=\"input-form\">\n\t\t<div class=\"row\">\n\t\t\t<div class=\"col-lg-6\">\n\t\t\t\t<div class=\"form-floating\">\n\t\t\t\t\t<p><span class=\"wpcf7-form-control-wrap\" data-name=\"your-name\"><input size=\"40\" class=\"wpcf7-form-control wpcf7-text wpcf7-validates-as-required\" aria-required=\"true\" aria-invalid=\"false\" placeholder=\"Your Name\" value=\"\" type=\"text\" name=\"your-name\" \/><\/span><label class=\"qloud-form-label\">Votre nom*<\/label>\n\t\t\t\t\t<\/p>\n\t\t\t\t<\/div>\n\t\t\t<\/div>\n\t\t\t<div class=\"col-lg-6\">\n\t\t\t\t<div class=\"form-floating\">\n\t\t\t\t\t<p><span class=\"wpcf7-form-control-wrap\" data-name=\"your-email\"><input size=\"40\" class=\"wpcf7-form-control wpcf7-text wpcf7-email wpcf7-validates-as-required wpcf7-validates-as-email\" aria-required=\"true\" aria-invalid=\"false\" placeholder=\"Your Email\" value=\"\" type=\"email\" name=\"your-email\" \/><\/span><label class=\"qloud-form-label\">Votre e-mail*<\/label>\n\t\t\t\t\t<\/p>\n\t\t\t\t<\/div>\n\t\t\t<\/div>\n\t\t\t<div class=\"col-lg-12\">\n\t\t\t\t<div class=\"form-floating\">\n\t\t\t\t\t<p><span class=\"wpcf7-form-control-wrap\" data-name=\"your-subject\"><input size=\"40\" class=\"wpcf7-form-control wpcf7-text wpcf7-validates-as-required\" aria-required=\"true\" aria-invalid=\"false\" placeholder=\"Your Subject\" value=\"\" type=\"text\" name=\"your-subject\" \/><\/span><label class=\"qloud-form-label\">Votre sujet*<\/label>\n\t\t\t\t\t<\/p>\n\t\t\t\t<\/div>\n\t\t\t<\/div>\n\t\t\t<div class=\"col-lg-12\">\n\t\t\t\t<div class=\"form-floating qloud-textarea\">\n\t\t\t\t\t<p><span class=\"wpcf7-form-control-wrap\" data-name=\"your-message\"><textarea cols=\"40\" rows=\"10\" class=\"wpcf7-form-control wpcf7-textarea wpcf7-validates-as-required\" aria-required=\"true\" aria-invalid=\"false\" placeholder=\"Your message\" name=\"your-message\"><\/textarea><\/span><label class=\"qloud-form-label\">votre message<\/label>\n\t\t\t\t\t<\/p>\n\t\t\t\t<\/div>\n\t\t\t<\/div>\n\t\t\t<div class=\"col-lg-12\">\n\t\t\t\t<div class=\"qloud-checkbox\">\n\t\t\t\t\t<p><span class=\"wpcf7-form-control-wrap\" data-name=\"terms\"><span class=\"wpcf7-form-control wpcf7-checkbox wpcf7-validates-as-required wpcf7-exclusive-checkbox\"><span class=\"wpcf7-list-item first last\"><input type=\"checkbox\" name=\"terms\" value=\"By clicking you agree to use our terms &amp; condition\" tabindex=\"\" \/><span class=\"wpcf7-list-item-label\">En cliquant, vous acceptez d'utiliser nos termes et conditions<\/span><\/span><\/span><\/span>\n\t\t\t\t\t<\/p>\n\t\t\t\t<\/div>\n\t\t\t\t<div class=\"form-button\">\n\t\t\t\t\t<p><button name=\"submit\" type=\"submit\" class=\"iq-button submit contact-form-button\" value=\"Post Comment\"><span class=\"text-btn\">Soumettre<\/span><\/button>\n\t\t\t\t\t<\/p>\n\t\t\t\t<\/div>\n\t\t\t<\/div>\n\t\t<\/div>\n\t<\/div>\n<\/div><div class=\"wpcf7-response-output\" aria-hidden=\"true\"><\/div>\n<input type=\"hidden\" name=\"trp-form-language\" value=\"fr\"\/><\/form>\n<\/div>\n<\/div>\n\t\t\t\t<\/div>\n\t\t\t\t<\/div>\n\t\t\t\t\t<\/div>\n\t\t<\/div>\n\t\t\t\t\t\t\t<\/div>\n\t\t<\/section>\n\t\t\t\t\t\t\t<\/div>","protected":false},"excerpt":{"rendered":"<p>Worldwide location How to find us Your first step in ensuring authenticity verification, information governance, and establishing a legal chain of custody ecosystem begins here. 1470 Peel Street, Suite 305, Montr\u00e9al (Qu\u00e9bec) H3A 1T1, CANADA USA and CANADA : 1 866-975-1616 info@myclawd.com Contact us<\/p>","protected":false},"author":1,"featured_media":0,"parent":0,"menu_order":0,"comment_status":"closed","ping_status":"closed","template":"","meta":[],"acf":[],"_links":{"self":[{"href":"http:\/\/myclawd.alliancetek.net\/fr\/wp-json\/wp\/v2\/pages\/793"}],"collection":[{"href":"http:\/\/myclawd.alliancetek.net\/fr\/wp-json\/wp\/v2\/pages"}],"about":[{"href":"http:\/\/myclawd.alliancetek.net\/fr\/wp-json\/wp\/v2\/types\/page"}],"author":[{"embeddable":true,"href":"http:\/\/myclawd.alliancetek.net\/fr\/wp-json\/wp\/v2\/users\/1"}],"replies":[{"embeddable":true,"href":"http:\/\/myclawd.alliancetek.net\/fr\/wp-json\/wp\/v2\/comments?post=793"}],"version-history":[{"count":64,"href":"http:\/\/myclawd.alliancetek.net\/fr\/wp-json\/wp\/v2\/pages\/793\/revisions"}],"predecessor-version":[{"id":28173,"href":"http:\/\/myclawd.alliancetek.net\/fr\/wp-json\/wp\/v2\/pages\/793\/revisions\/28173"}],"wp:attachment":[{"href":"http:\/\/myclawd.alliancetek.net\/fr\/wp-json\/wp\/v2\/media?parent=793"}],"curies":[{"name":"wp","href":"https:\/\/api.w.org\/{rel}","templated":true}]}}