{"id":732,"date":"2020-02-20T08:13:12","date_gmt":"2020-02-20T08:13:12","guid":{"rendered":"https:\/\/wordpress.iqonic.design\/product\/wp\/qloud\/?page_id=732"},"modified":"2023-06-07T10:26:29","modified_gmt":"2023-06-07T10:26:29","slug":"faq","status":"publish","type":"page","link":"http:\/\/myclawd.alliancetek.net\/fr\/faq\/","title":{"rendered":"FAQ"},"content":{"rendered":"<div data-elementor-type=\"wp-page\" data-elementor-id=\"732\" class=\"elementor elementor-732\">\n\t\t\t\t\t\t\t\t\t<div class=\"elementor-section elementor-top-section elementor-element elementor-element-04bfb94 elementor-section-stretched elementor-section-boxed elementor-section-height-default elementor-section-height-default\" data-id=\"04bfb94\" data-element_type=\"section\" data-settings=\"{&quot;stretch_section&quot;:&quot;section-stretched&quot;,&quot;background_background&quot;:&quot;classic&quot;}\">\n\t\t\t\t\t\t<div class=\"elementor-container elementor-column-gap-default\">\n\t\t\t\t\t<div class=\"elementor-column elementor-col-50 elementor-top-column elementor-element elementor-element-bc9b2b3 layouts-column-align-inherit layouts-section-position-none\" data-id=\"bc9b2b3\" data-element_type=\"column\">\n\t\t\t<div class=\"elementor-widget-wrap elementor-element-populated\">\n\t\t\t\t\t\t\t\t<div class=\"hf-elementor-layout elementor-element elementor-element-059b0f7 elementor-widget elementor-widget-section_title\" data-id=\"059b0f7\" data-element_type=\"widget\" data-widget_type=\"section_title.default\">\n\t\t\t\t<div class=\"elementor-widget-container\">\n\t\t\t\t<div class=\"iq-title-box iq-title-default iq-title-box-1\">\n\t\t<div class=\"iq-title-icon\">\n\t\t\t\t\t<\/div>\n\t\t\t<span class=\"iq-subtitle iq-title-box-1\">asked anything<\/span>\t\t<h2 class=\"iq-title\" >\n\t\t\tDes questions? Consultez la FAQ\t\t<\/h2>\n\t\t\t\t<\/div>\n    \t\t<\/div>\n\t\t\t\t<\/div>\n\t\t\t\t<div class=\"hf-elementor-layout elementor-element elementor-element-199dd34 elementor-widget elementor-widget-iqonic_accordion\" data-id=\"199dd34\" data-element_type=\"widget\" data-widget_type=\"iqonic_accordion.default\">\n\t\t\t\t<div class=\"elementor-widget-container\">\n\t\t\t\n    <div class=\"iq-accordion iq-accordion-style-4 iq-accordion-classic\" >       \n            <div class=\"iq-accordion-block iq-active  1\">\n              <div class=\"iq-accordion-title\">\n                <div class=\"iq-icon-right\"><i aria-hidden=\"true\" class=\"fas fa-chevron-down active\"><\/i><i aria-hidden=\"true\" class=\"fas fa-chevron-right inactive\"><\/i><\/div>                  <h5 class=\"mb-0 accordion-title\">         \n                    What is metadata?                  <\/h5>\n              <\/div>\n              <div class=\"iq-accordion-details\">\n                <p class=\"iq-content-text\"> Les m\u00e9tadonn\u00e9es sont essentiellement des donn\u00e9es (informations \u00e9crites) qui fournissent des informations sur d'autres donn\u00e9es num\u00e9riques. Les M\u00e9tadonn\u00e9es Descriptives D\u00e9crivent Une Ressource \u00c0 Des Fins Telles Que La D\u00e9couverte Et L'Identification Et Peuvent Inclure Le Titre, L'Auteur, Les Versions, Le Nombre De Pages, Les Relations, Les Types De Documents Et D'Autres Caract\u00e9ristiques Des Documents Num\u00e9riques. Il Peut \u00c9galement Inclure Des Informations Pour Aider \u00c0 G\u00e9rer Une Ressource, Telles Que Quand Et Comment Elle A \u00c9t\u00e9 Cr\u00e9\u00e9e, Type De Fichier Et D'Autres Informations Techniques, Et Qui Peut Y Acc\u00e9der. <\/p>\n              <\/div>\n            <\/div>       \n            <div class=\"iq-accordion-block   2\">\n              <div class=\"iq-accordion-title\">\n                <div class=\"iq-icon-right\"><i aria-hidden=\"true\" class=\"fas fa-chevron-down active\"><\/i><i aria-hidden=\"true\" class=\"fas fa-chevron-right inactive\"><\/i><\/div>                  <h5 class=\"mb-0 accordion-title\">         \n                    What does &quot;legally authentic document&quot; mean?                  <\/h5>\n              <\/div>\n              <div class=\"iq-accordion-details\">\n                <p class=\"iq-content-text\"> Un Document Papier Vers Pdf Ou Cr\u00e9\u00e9 Num\u00e9riquement Qui Est Conforme \u00c0 Toutes Les Exigences L\u00e9gales D'Une Certaine Juridiction Ou Pays, Et Aux NormeS ApplicableS \u00c0 La D\u00e9mat\u00e9rialisation D'Un Document De Son Support Papier \u00c0 Un Support Num\u00e9rique Ou \u00c0 La Migration De Donn\u00e9es D'Un Autre Support Pour Cr\u00e9er Des \u00ab Documents Juridiquement AuthentiqueS \u00bb. <\/p>\n              <\/div>\n            <\/div>       \n            <div class=\"iq-accordion-block   3\">\n              <div class=\"iq-accordion-title\">\n                <div class=\"iq-icon-right\"><i aria-hidden=\"true\" class=\"fas fa-chevron-down active\"><\/i><i aria-hidden=\"true\" class=\"fas fa-chevron-right inactive\"><\/i><\/div>                  <h5 class=\"mb-0 accordion-title\">         \n                    What does &quot;highest probative value&quot; mean?                  <\/h5>\n              <\/div>\n              <div class=\"iq-accordion-details\">\n                <p class=\"iq-content-text\"> Avoir La Valeur Probante La Plus \u00c9lev\u00e9e Signifie Qu'Il A Le Plus Grand Poids Qui Peut \u00catre Accord\u00e9 \u00c0 Un Document En Termes De Valeur Authentique, Par Rapport \u00c0 Tout Autre Document Pr\u00e9sent\u00e9 Devant Un Tribunal. Pour Un Document, La Valeur Probante Est \u00c9valu\u00e9e Par Rapport \u00c0 La R\u00e8gle De La Meilleure Preuve. Plus un document est authentique et plus son contenu peut \u00eatre li\u00e9 \u00e0 son cr\u00e9ateur (ou peut prouver qu'une personne avait le pouvoir de repr\u00e9senter le cr\u00e9ateur du document si le cr\u00e9ateur n'est pas l'individu), plus le poids de sa valeur probante est grande parce qu'il tend \u00e0 prouver qu'il est l'original. Fond\u00e9e Sur Des Principes Juridiques, La Notion D'Int\u00e9grit\u00e9 Des Documents Est Souvent Associ\u00e9e \u00c0 L'Authenticit\u00e9, Ce Que L'On Retrouve Souvent Tant Dans La Jurisprudence Que Dans Le Droit De La Preuve. <\/p>\n              <\/div>\n            <\/div>       \n            <div class=\"iq-accordion-block   4\">\n              <div class=\"iq-accordion-title\">\n                <div class=\"iq-icon-right\"><i aria-hidden=\"true\" class=\"fas fa-chevron-down active\"><\/i><i aria-hidden=\"true\" class=\"fas fa-chevron-right inactive\"><\/i><\/div>                  <h5 class=\"mb-0 accordion-title\">         \n                    What is the chain-of-trust (COT)?                  <\/h5>\n              <\/div>\n              <div class=\"iq-accordion-details\">\n                <p class=\"iq-content-text\"> La cha\u00eene de confiance est un processus brevet\u00e9 qui cr\u00e9e un syst\u00e8me de cha\u00eene de confiance l\u00e9galement r\u00e9gi pour l\u2019 internes (employ\u00e9s) et externes (fournisseurs, clients, 3\u00e8me partie) gr\u00e2ce \u00e0 une combinaison de services de v\u00e9rification et de technologie SaaS. La cha\u00eene de confiance garantit que vous ferez affaire avec des entreprises de confiance. Une entreprise de confiance a \u00e9t\u00e9 certifi\u00e9e par un fournisseur de services de certification (CSP). Pour certifier une entreprise, ils font appel \u00e0 des avocats, des CPA et des notaires en r\u00e8gle avec leur ordre professionnel. Ces Professionnels Ind\u00e9pendants Sont Appel\u00e9s Autorit\u00e9s D'Enregistrement. Le processus de certification garantit que chaque entreprise existe r\u00e9ellement et est en r\u00e8gle l\u00e9galement. Le Processus Garantit \u00c9galement Que Chaque Personne Ayant Un R\u00f4le Dans Une Entreprise Voit Son Identit\u00e9 V\u00e9rifi\u00e9e. Une Fois Ce Processus Termin\u00e9, L'Entreprise Est Consid\u00e9r\u00e9e Comme \u00ab De Confiance \u00bb Et Est Certifi\u00e9e dans Clawd. Chaque personne fait auditer ses actions pour s'assurer qu'elle respecte les r\u00e8gles de gouvernance \u00e9tablies par l'entreprise. <\/p>\n              <\/div>\n            <\/div>       \n            <div class=\"iq-accordion-block   5\">\n              <div class=\"iq-accordion-title\">\n                <div class=\"iq-icon-right\"><i aria-hidden=\"true\" class=\"fas fa-chevron-down active\"><\/i><i aria-hidden=\"true\" class=\"fas fa-chevron-right inactive\"><\/i><\/div>                  <h5 class=\"mb-0 accordion-title\">         \n                    What is &quot;Regtech&quot;?                  <\/h5>\n              <\/div>\n              <div class=\"iq-accordion-details\">\n                <p class=\"iq-content-text\"> RegTech Est Un Mot Plut\u00f4t Nouveau Qui Signifie \u00ab Technologie R\u00e9glementaire \u00bb Qui D\u00e9crit La Vague \u00c9mergente D'Entreprises Utilisant La Technologie Cloud Et Software-As-A-Service (SaaS) Qui Aident Les Soci\u00e9t\u00e9s Financi\u00e8res Et Autres \u00c0 Se Conformer \u00c0 La R\u00e9glementation Des Entreprises De Mani\u00e8re Transparente, Efficace Et Rentable. <\/p>\n              <\/div>\n            <\/div>     \n  <\/div>\n\t\t<\/div>\n\t\t\t\t<\/div>\n\t\t\t\t\t<\/div>\n\t\t<\/div>\n\t\t\t\t<div class=\"elementor-column elementor-col-50 elementor-top-column elementor-element elementor-element-857f4d3 layouts-column-align-inherit layouts-section-position-none\" data-id=\"857f4d3\" data-element_type=\"column\">\n\t\t\t<div class=\"elementor-widget-wrap elementor-element-populated\">\n\t\t\t\t\t\t\t\t<div class=\"hf-elementor-layout elementor-element elementor-element-668d85f elementor-widget elementor-widget-image\" data-id=\"668d85f\" data-element_type=\"widget\" data-widget_type=\"image.default\">\n\t\t\t\t<div class=\"elementor-widget-container\">\n\t\t\t<style>\/*! elementor - v3.11.1 - 15-02-2023 *\/\n.elementor-widget-image{text-align:center}.elementor-widget-image a{display:inline-block}.elementor-widget-image a img[src$=\".svg\"]{width:48px}.elementor-widget-image img{vertical-align:middle;display:inline-block}<\/style>\t\t\t\t\t\t\t\t\t\t\t\t<img decoding=\"async\" src=\"http:\/\/myclawd.alliancetek.net\/wp-content\/uploads\/2022\/06\/image-3-1.webp\" title=\"image-3-1\" alt=\"image\" loading=\"lazy\" \/>\t\t\t\t\t\t\t\t\t\t\t\t\t\t\t<\/div>\n\t\t\t\t<\/div>\n\t\t\t\t\t<\/div>\n\t\t<\/div>\n\t\t\t\t\t\t\t<\/div>\n\t\t<\/div>\n\t\t\t\t\t\t\t<\/div>","protected":false},"excerpt":{"rendered":"<p>asked anything Any questions? Check out the FAQs What is metadata? Metadata is basically data (written information) that provides information about other digital data. Descriptive metadata describes a resource for purposes such as discovery and identification and can include the title, author, versions, number of pages, relationships, the types of document, and other characteristics of [&hellip;]<\/p>","protected":false},"author":1,"featured_media":0,"parent":0,"menu_order":0,"comment_status":"closed","ping_status":"closed","template":"","meta":[],"acf":[],"_links":{"self":[{"href":"http:\/\/myclawd.alliancetek.net\/fr\/wp-json\/wp\/v2\/pages\/732"}],"collection":[{"href":"http:\/\/myclawd.alliancetek.net\/fr\/wp-json\/wp\/v2\/pages"}],"about":[{"href":"http:\/\/myclawd.alliancetek.net\/fr\/wp-json\/wp\/v2\/types\/page"}],"author":[{"embeddable":true,"href":"http:\/\/myclawd.alliancetek.net\/fr\/wp-json\/wp\/v2\/users\/1"}],"replies":[{"embeddable":true,"href":"http:\/\/myclawd.alliancetek.net\/fr\/wp-json\/wp\/v2\/comments?post=732"}],"version-history":[{"count":19,"href":"http:\/\/myclawd.alliancetek.net\/fr\/wp-json\/wp\/v2\/pages\/732\/revisions"}],"predecessor-version":[{"id":28053,"href":"http:\/\/myclawd.alliancetek.net\/fr\/wp-json\/wp\/v2\/pages\/732\/revisions\/28053"}],"wp:attachment":[{"href":"http:\/\/myclawd.alliancetek.net\/fr\/wp-json\/wp\/v2\/media?parent=732"}],"curies":[{"name":"wp","href":"https:\/\/api.w.org\/{rel}","templated":true}]}}