{"id":27328,"date":"2023-04-05T17:04:03","date_gmt":"2023-04-05T17:04:03","guid":{"rendered":"http:\/\/myclawd.alliancetek.net\/?page_id=27328"},"modified":"2023-06-07T10:38:08","modified_gmt":"2023-06-07T10:38:08","slug":"our-patents","status":"publish","type":"page","link":"http:\/\/myclawd.alliancetek.net\/fr\/our-patents\/","title":{"rendered":"Nos brevets"},"content":{"rendered":"<div data-elementor-type=\"wp-page\" data-elementor-id=\"27328\" class=\"elementor elementor-27328\">\n\t\t\t\t\t\t\t\t\t<section class=\"elementor-section elementor-top-section elementor-element elementor-element-2da5d87 elementor-section-boxed elementor-section-height-default elementor-section-height-default\" data-id=\"2da5d87\" data-element_type=\"section\">\n\t\t\t\t\t\t<div class=\"elementor-container elementor-column-gap-default\">\n\t\t\t\t\t<div class=\"elementor-column elementor-col-66 elementor-top-column elementor-element elementor-element-a31d7d6 layouts-column-align-inherit layouts-section-position-none\" data-id=\"a31d7d6\" data-element_type=\"column\">\n\t\t\t<div class=\"elementor-widget-wrap elementor-element-populated\">\n\t\t\t\t\t\t\t\t<div class=\"hf-elementor-layout elementor-element elementor-element-a78f156 elementor-widget elementor-widget-section_title\" data-id=\"a78f156\" data-element_type=\"widget\" data-widget_type=\"section_title.default\">\n\t\t\t\t<div class=\"elementor-widget-container\">\n\t\t\t\t<div class=\"left iq-title-box iq-title-default iq-title-box-1\">\n\t\t<div class=\"iq-title-icon\">\n\t\t\t\t\t<\/div>\n\t\t\t\t\t<h5 class=\"iq-title\" >\n\t\t\tM\u00e9thode de gestion des droits num\u00e9riques bas\u00e9s sur les r\u00f4les dans le syst\u00e8me informatique.\t\t<\/h5>\n\t\t\t<p class=\"iq-title-desc\">Un syst\u00e8me informatique g\u00e8re les droits num\u00e9riques bas\u00e9s sur les r\u00f4les en cr\u00e9ant une cha\u00eene de confiance qui provient d'un utilisateur qui pr\u00e9tend agir en tant qu'autorit\u00e9 d'enregistrement dont le statut peut \u00eatre v\u00e9rifi\u00e9 pour s'assurer que l'utilisateur est autoris\u00e9 \u00e0 agir en tant qu'autorit\u00e9 d'enregistrement. L'autorit\u00e9 d'enregistrement cr\u00e9e un compte d'organisation et un premier membre dont le statut est v\u00e9rifi\u00e9 en consultant un serveur de v\u00e9rification d'\u00e9tat. Les autorisations d\u00e9riv\u00e9es accord\u00e9es aux membres sont pr\u00e9dites sur le premier membre et, en fin de compte, sur l'autorit\u00e9 d'enregistrement pour s'assurer qu'il existe une cha\u00eene de confiance reliant chaque membre d'une organisation \u00e0 l'autorit\u00e9 d'enregistrement.<\/p>\t<\/div>\n    \t\t<\/div>\n\t\t\t\t<\/div>\n\t\t\t\t\t<\/div>\n\t\t<\/div>\n\t\t\t\t<div class=\"elementor-column elementor-col-33 elementor-top-column elementor-element elementor-element-cf80e18 layouts-column-align-inherit layouts-section-position-none\" data-id=\"cf80e18\" data-element_type=\"column\">\n\t\t\t<div class=\"elementor-widget-wrap elementor-element-populated\">\n\t\t\t\t\t\t\t\t<div class=\"hf-elementor-layout elementor-element elementor-element-be1021a elementor-widget elementor-widget-iq_button\" data-id=\"be1021a\" data-element_type=\"widget\" data-widget_type=\"iq_button.default\">\n\t\t\t\t<div class=\"elementor-widget-container\">\n\t\t\t <div class=\"iq-btn-container\" >\n\n     <a class=\"iq-button\" href=\"https:\/\/www.ic.gc.ca\/opic-cipo\/cpd\/eng\/patent\/2880095\/summary.html?type=number_search\" target=\"_blank\" >  \n         View on ic.gc.ca  \n\n    <\/a>\n<\/div>\n\t\t<\/div>\n\t\t\t\t<\/div>\n\t\t\t\t<div class=\"hf-elementor-layout elementor-element elementor-element-01a0d5f elementor-widget elementor-widget-section_title\" data-id=\"01a0d5f\" data-element_type=\"widget\" data-widget_type=\"section_title.default\">\n\t\t\t\t<div class=\"elementor-widget-container\">\n\t\t\t\t<div class=\"center iq-title-box iq-title-default iq-title-box-1\">\n\t\t<div class=\"iq-title-icon\">\n\t\t\t\t\t<\/div>\n\t\t\t\t\t<h6 class=\"iq-title\" >\n\t\t\tNum\u00e9ro de brevet CA : 2,880,095\t\t<\/h6>\n\t\t\t<span class=\"iq-subtitle\">Issue Date: 17-01-2017<\/span>\t<\/div>\n    \t\t<\/div>\n\t\t\t\t<\/div>\n\t\t\t\t\t<\/div>\n\t\t<\/div>\n\t\t\t\t\t\t\t<\/div>\n\t\t<\/section>\n\t\t\t\t<section class=\"elementor-section elementor-top-section elementor-element elementor-element-773800c elementor-section-boxed elementor-section-height-default elementor-section-height-default\" data-id=\"773800c\" data-element_type=\"section\">\n\t\t\t\t\t\t<div class=\"elementor-container elementor-column-gap-default\">\n\t\t\t\t\t<div class=\"elementor-column elementor-col-66 elementor-top-column elementor-element elementor-element-dd87895 layouts-column-align-inherit layouts-section-position-none\" data-id=\"dd87895\" data-element_type=\"column\">\n\t\t\t<div class=\"elementor-widget-wrap elementor-element-populated\">\n\t\t\t\t\t\t\t\t<div class=\"hf-elementor-layout elementor-element elementor-element-48ea587 elementor-widget elementor-widget-section_title\" data-id=\"48ea587\" data-element_type=\"widget\" data-widget_type=\"section_title.default\">\n\t\t\t\t<div class=\"elementor-widget-container\">\n\t\t\t\t<div class=\"left iq-title-box iq-title-default iq-title-box-1\">\n\t\t<div class=\"iq-title-icon\">\n\t\t\t\t\t<\/div>\n\t\t\t\t\t<h5 class=\"iq-title\" >\n\t\t\tSupport lisible par syst\u00e8me, m\u00e9thode, serveur et ordinateur pour la v\u00e9rification en temps r\u00e9el de l'\u00e9tat d'un membre d'une organisation\t\t<\/h5>\n\t\t\t<p class=\"iq-title-desc\">Une m\u00e9thode, un syst\u00e8me, un serveur et un support lisible par ordinateur permettent la v\u00e9rification d'un membre d'une organisation et la g\u00e9n\u00e9ration d'une session sp\u00e9cifique certifi\u00e9e pour le membre \u00e0 la r\u00e9ception d'un rapport d'\u00e9tape indiquant que le membre est en r\u00e8gle avec l'organisation. Lorsque le membre se connecte aux informations d'identification des membres sont r\u00e9cup\u00e9r\u00e9es \u00e0 partir d'un serveur d'identification qui permet l'identification des services Web associ\u00e9s \u00e0 l'organisation \u00e0 laquelle le membre appartient. Le serveur d'identification fournit \u00e9galement un certificat personnel associ\u00e9 au membre pour permettre la g\u00e9n\u00e9ration du certificat sp\u00e9cifique \u00e0 la session.<\/p>\t<\/div>\n    \t\t<\/div>\n\t\t\t\t<\/div>\n\t\t\t\t\t<\/div>\n\t\t<\/div>\n\t\t\t\t<div class=\"elementor-column elementor-col-33 elementor-top-column elementor-element elementor-element-3096220 layouts-column-align-inherit layouts-section-position-none\" data-id=\"3096220\" data-element_type=\"column\">\n\t\t\t<div class=\"elementor-widget-wrap elementor-element-populated\">\n\t\t\t\t\t\t\t\t<div class=\"hf-elementor-layout elementor-element elementor-element-ac371e3 elementor-widget elementor-widget-iq_button\" data-id=\"ac371e3\" data-element_type=\"widget\" data-widget_type=\"iq_button.default\">\n\t\t\t\t<div class=\"elementor-widget-container\">\n\t\t\t <div class=\"iq-btn-container\" >\n\n     <a class=\"iq-button\" href=\"https:\/\/www.ic.gc.ca\/opic-cipo\/cpd\/eng\/patent\/2831617\/summary.html?type=number_search\" target=\"_blank\" >  \n         View on ic.gc.ca  \n\n    <\/a>\n<\/div>\n\t\t<\/div>\n\t\t\t\t<\/div>\n\t\t\t\t<div class=\"hf-elementor-layout elementor-element elementor-element-85048ac elementor-widget elementor-widget-section_title\" data-id=\"85048ac\" data-element_type=\"widget\" data-widget_type=\"section_title.default\">\n\t\t\t\t<div class=\"elementor-widget-container\">\n\t\t\t\t<div class=\"center iq-title-box iq-title-default iq-title-box-1\">\n\t\t<div class=\"iq-title-icon\">\n\t\t\t\t\t<\/div>\n\t\t\t\t\t<h6 class=\"iq-title\" >\n\t\t\tNum\u00e9ro de brevet CA : 2,831,617\t\t<\/h6>\n\t\t\t<span class=\"iq-subtitle\">Issue Date: 26-06-2018<\/span>\t<\/div>\n    \t\t<\/div>\n\t\t\t\t<\/div>\n\t\t\t\t\t<\/div>\n\t\t<\/div>\n\t\t\t\t\t\t\t<\/div>\n\t\t<\/section>\n\t\t\t\t\t\t\t<\/div>","protected":false},"excerpt":{"rendered":"<p>Method of managing role based digital rights in computer system. A computer system manages role-based digital rights by creating a chain of trust that originates with a user who purports to act as a registration authority whose status can be verified to ascertain that the user is licensed to act as the registration authority. The [&hellip;]<\/p>","protected":false},"author":1,"featured_media":0,"parent":0,"menu_order":0,"comment_status":"closed","ping_status":"closed","template":"","meta":[],"acf":[],"_links":{"self":[{"href":"http:\/\/myclawd.alliancetek.net\/fr\/wp-json\/wp\/v2\/pages\/27328"}],"collection":[{"href":"http:\/\/myclawd.alliancetek.net\/fr\/wp-json\/wp\/v2\/pages"}],"about":[{"href":"http:\/\/myclawd.alliancetek.net\/fr\/wp-json\/wp\/v2\/types\/page"}],"author":[{"embeddable":true,"href":"http:\/\/myclawd.alliancetek.net\/fr\/wp-json\/wp\/v2\/users\/1"}],"replies":[{"embeddable":true,"href":"http:\/\/myclawd.alliancetek.net\/fr\/wp-json\/wp\/v2\/comments?post=27328"}],"version-history":[{"count":29,"href":"http:\/\/myclawd.alliancetek.net\/fr\/wp-json\/wp\/v2\/pages\/27328\/revisions"}],"predecessor-version":[{"id":28059,"href":"http:\/\/myclawd.alliancetek.net\/fr\/wp-json\/wp\/v2\/pages\/27328\/revisions\/28059"}],"wp:attachment":[{"href":"http:\/\/myclawd.alliancetek.net\/fr\/wp-json\/wp\/v2\/media?parent=27328"}],"curies":[{"name":"wp","href":"https:\/\/api.w.org\/{rel}","templated":true}]}}