{"id":26570,"date":"2023-02-15T11:07:15","date_gmt":"2023-02-15T11:07:15","guid":{"rendered":"http:\/\/myclawd.alliancetek.net\/?page_id=26570"},"modified":"2023-06-07T10:49:48","modified_gmt":"2023-06-07T10:49:48","slug":"metadata-explained","status":"publish","type":"page","link":"http:\/\/myclawd.alliancetek.net\/fr\/metadata-explained\/","title":{"rendered":"M\u00e9tadonn\u00e9es expliqu\u00e9es"},"content":{"rendered":"<div data-elementor-type=\"wp-page\" data-elementor-id=\"26570\" class=\"elementor elementor-26570\">\n\t\t\t\t\t\t\t\t\t<section class=\"elementor-section elementor-top-section elementor-element elementor-element-4a0be73 elementor-section-boxed elementor-section-height-default elementor-section-height-default elementor-invisible\" data-id=\"4a0be73\" data-element_type=\"section\" data-settings=\"{&quot;animation&quot;:&quot;fadeInLeft&quot;}\">\n\t\t\t\t\t\t<div class=\"elementor-container elementor-column-gap-default\">\n\t\t\t\t\t<div class=\"elementor-column elementor-col-100 elementor-top-column elementor-element elementor-element-b778f56 layouts-column-align-inherit layouts-section-position-none\" data-id=\"b778f56\" data-element_type=\"column\">\n\t\t\t<div class=\"elementor-widget-wrap elementor-element-populated\">\n\t\t\t\t\t\t\t\t<div class=\"hf-elementor-layout elementor-element elementor-element-e72a67a elementor-widget elementor-widget-section_title\" data-id=\"e72a67a\" data-element_type=\"widget\" data-widget_type=\"section_title.default\">\n\t\t\t\t<div class=\"elementor-widget-container\">\n\t\t\t\t<div class=\"center iq-title-box iq-title-default iq-title-box-1\">\n\t\t<div class=\"iq-title-icon\">\n\t\t\t\t\t<\/div>\n\t\t\t\t\t<h5 class=\"iq-title\" >\n\t\t\tLes m\u00e9tadonn\u00e9es garantissent la provenance et l'int\u00e9grit\u00e9 \u00e0 long terme\t\t<\/h5>\n\t\t\t<span class=\"iq-subtitle\">Verified metadata automatically injected by our system<\/span>\t<\/div>\n    \t\t<\/div>\n\t\t\t\t<\/div>\n\t\t\t\t\t<\/div>\n\t\t<\/div>\n\t\t\t\t\t\t\t<\/div>\n\t\t<\/section>\n\t\t\t\t<section class=\"elementor-section elementor-top-section elementor-element elementor-element-a92dfdc elementor-section-boxed elementor-section-height-default elementor-section-height-default elementor-invisible\" data-id=\"a92dfdc\" data-element_type=\"section\" data-settings=\"{&quot;animation&quot;:&quot;fadeInDown&quot;}\">\n\t\t\t\t\t\t<div class=\"elementor-container elementor-column-gap-default\">\n\t\t\t\t\t<div class=\"elementor-column elementor-col-100 elementor-top-column elementor-element elementor-element-3714843 layouts-column-align-inherit layouts-section-position-none\" data-id=\"3714843\" data-element_type=\"column\">\n\t\t\t<div class=\"elementor-widget-wrap elementor-element-populated\">\n\t\t\t\t\t\t\t\t<div class=\"hf-elementor-layout elementor-element elementor-element-5dd89c0 elementor-widget elementor-widget-text-editor\" data-id=\"5dd89c0\" data-element_type=\"widget\" data-widget_type=\"text-editor.default\">\n\t\t\t\t<div class=\"elementor-widget-container\">\n\t\t\t<style>\/*! elementor - v3.11.1 - 15-02-2023 *\/\n.elementor-widget-text-editor.elementor-drop-cap-view-stacked .elementor-drop-cap{background-color:#818a91;color:#fff}.elementor-widget-text-editor.elementor-drop-cap-view-framed .elementor-drop-cap{color:#818a91;border:3px solid;background-color:transparent}.elementor-widget-text-editor:not(.elementor-drop-cap-view-default) .elementor-drop-cap{margin-top:8px}.elementor-widget-text-editor:not(.elementor-drop-cap-view-default) .elementor-drop-cap-letter{width:1em;height:1em}.elementor-widget-text-editor .elementor-drop-cap{float:left;text-align:center;line-height:1;font-size:50px}.elementor-widget-text-editor .elementor-drop-cap-letter{display:inline-block}<\/style>\t\t\t\t<p>Les m\u00e9tadonn\u00e9es sont d\u00e9finies comme les donn\u00e9es fournissant des informations sur un ou plusieurs aspects des donn\u00e9es; il est utilis\u00e9 pour r\u00e9sumer les informations de base sur les donn\u00e9es, ce qui peut faciliter le suivi et le travail avec des donn\u00e9es sp\u00e9cifiques.  Quelques exemples incluent la fa\u00e7on dont les donn\u00e9es ont \u00e9t\u00e9 cr\u00e9\u00e9es, le but des donn\u00e9es, l'heure et la date de cr\u00e9ation, le cr\u00e9ateur ou l'auteur des donn\u00e9es, l'emplacement sur un r\u00e9seau informatique o\u00f9 les donn\u00e9es ont \u00e9t\u00e9 cr\u00e9\u00e9es, les normes utilis\u00e9es, la taille du fichier, la qualit\u00e9 des donn\u00e9es, la source des donn\u00e9es, le processus utilis\u00e9 pour cr\u00e9er les donn\u00e9es, mais nous utilisons beaucoup plus.  (Voir l'image ci-dessous)<\/p><p>Nous utilisons <strong>des m\u00e9tadonn\u00e9es l\u00e9gislatives<\/strong> (soumises \u00e0 plusieurs normes l\u00e9gales) ainsi que des m\u00e9tadonn\u00e9es de stockage internes et externes. Nos m\u00e9tadonn\u00e9es internes sont infus\u00e9es directement dans le document; ainsi, les m\u00e9tadonn\u00e9es sont toujours disponibles avec le document de donn\u00e9es, mais les n\u00f4tres ne peuvent pas \u00eatre falsifi\u00e9es. Les m\u00e9tadonn\u00e9es externes, qui peuvent \u00eatre stock\u00e9es dans une base de donn\u00e9es, sont une recherche et une gestion des documents plus efficaces. Les fichiers PDF et leurs m\u00e9tadonn\u00e9es peuvent \u00eatre stock\u00e9s dans vos serveurs, votre cloud, MyVault, qui est notre solution de stockage personnalis\u00e9.<\/p><p>Les m\u00e9tadonn\u00e9es sont automatiquement appliqu\u00e9es au cours de notre processus de num\u00e9risation juridiquement authentique et sont \u00e9galement appliqu\u00e9es par notre plate-forme aux documents num\u00e9riques.<\/p><p>Au cours du processus de num\u00e9risation, chaque document est encapsul\u00e9 avec des m\u00e9tadonn\u00e9es inviolables, aliment\u00e9es par la technologie XMP, dans lesquelles des certificats de signature num\u00e9rique sont appliqu\u00e9s. Un sceau de signature final est appliqu\u00e9 par Clawd Technologies et est soutenu par Entrust. Cela permet de valider le processus et de cr\u00e9er un fichier PDF qui est admissible au tribunal en tant qu'original l\u00e9gal.<\/p><ul><li>Les fichiers PDF sont class\u00e9s en fonction de mots-cl\u00e9s ou d'autres m\u00e9tadonn\u00e9es, ce qui les rend faciles \u00e0 r\u00e9cup\u00e9rer.<\/li><li>Chaque PDF est inviolable et juridiquement contraignant comme l'original.<\/li><li>Les m\u00e9tadonn\u00e9es contiennent des informations telles que quand et o\u00f9 elles ont \u00e9t\u00e9 cr\u00e9\u00e9es, par qui, quelles modifications ont \u00e9t\u00e9 apport\u00e9es et affichent la cha\u00eene de possession tout au long du processus de signature et d'encapsulation.<\/li><li>Les m\u00e9tadonn\u00e9es sont inviolables, peuvent \u00eatre facilement lues par des tiers et peuvent m\u00eame \u00eatre stock\u00e9es dans la blockchain \u00e0 un co\u00fbt suppl\u00e9mentaire.<\/li><li>Les documents papier originaux deviennent des copies apr\u00e8s le processus de num\u00e9risation deClawd, de sorte qu'ils peuvent \u00eatre d\u00e9truits si vous le souhaitez.<\/li><li>Les fichiers PDF peuvent \u00eatre stock\u00e9s sur les propres serveurs d'une entreprise ou sur notre cloud s\u00e9curis\u00e9 dans MyVault, notre solution de stockage personnalis\u00e9e.<\/li><li>La technologie que Clawd utilise est conforme \u00e0 toutes les m\u00e9tadonn\u00e9es ISO applicables et aux r\u00e8gles relatives aux documents num\u00e9riques \/ signatures num\u00e9riques.<\/li><\/ul>\t\t\t\t\t\t<\/div>\n\t\t\t\t<\/div>\n\t\t\t\t\t<\/div>\n\t\t<\/div>\n\t\t\t\t\t\t\t<\/div>\n\t\t<\/section>\n\t\t\t\t<section class=\"elementor-section elementor-top-section elementor-element elementor-element-6ee0f63 elementor-section-boxed elementor-section-height-default elementor-section-height-default elementor-invisible\" data-id=\"6ee0f63\" data-element_type=\"section\" data-settings=\"{&quot;animation&quot;:&quot;fadeInDown&quot;}\">\n\t\t\t\t\t\t<div class=\"elementor-container elementor-column-gap-default\">\n\t\t\t\t\t<div class=\"elementor-column elementor-col-33 elementor-top-column elementor-element elementor-element-a6d6607 layouts-column-align-inherit layouts-section-position-none\" data-id=\"a6d6607\" data-element_type=\"column\">\n\t\t\t<div class=\"elementor-widget-wrap elementor-element-populated\">\n\t\t\t\t\t\t\t\t<div class=\"hf-elementor-layout elementor-element elementor-element-58491fd elementor-widget elementor-widget-image\" data-id=\"58491fd\" data-element_type=\"widget\" data-widget_type=\"image.default\">\n\t\t\t\t<div class=\"elementor-widget-container\">\n\t\t\t<style>\/*! elementor - v3.11.1 - 15-02-2023 *\/\n.elementor-widget-image{text-align:center}.elementor-widget-image a{display:inline-block}.elementor-widget-image a img[src$=\".svg\"]{width:48px}.elementor-widget-image img{vertical-align:middle;display:inline-block}<\/style>\t\t\t\t\t\t\t\t\t\t\t\t<img decoding=\"async\" width=\"714\" height=\"502\" src=\"http:\/\/myclawd.alliancetek.net\/wp-content\/uploads\/2022\/06\/image-29-1.webp\" class=\"attachment-large size-large wp-image-26222\" alt=\"img\" loading=\"lazy\" srcset=\"http:\/\/myclawd.alliancetek.net\/wp-content\/uploads\/2022\/06\/image-29-1.webp 714w, http:\/\/myclawd.alliancetek.net\/wp-content\/uploads\/2022\/06\/image-29-1-300x211.webp 300w\" sizes=\"(min-width: 960px) 75vw, 100vw\" \/>\t\t\t\t\t\t\t\t\t\t\t\t\t\t\t<\/div>\n\t\t\t\t<\/div>\n\t\t\t\t\t<\/div>\n\t\t<\/div>\n\t\t\t\t<div class=\"elementor-column elementor-col-66 elementor-top-column elementor-element elementor-element-75374a0 layouts-column-align-inherit layouts-section-position-none\" data-id=\"75374a0\" data-element_type=\"column\">\n\t\t\t<div class=\"elementor-widget-wrap elementor-element-populated\">\n\t\t\t\t\t\t\t\t<div class=\"hf-elementor-layout elementor-element elementor-element-0ab26db elementor-widget elementor-widget-section_title\" data-id=\"0ab26db\" data-element_type=\"widget\" data-widget_type=\"section_title.default\">\n\t\t\t\t<div class=\"elementor-widget-container\">\n\t\t\t\t<div class=\"left iq-title-box iq-title-default iq-title-box-1\">\n\t\t<div class=\"iq-title-icon\">\n\t\t\t\t\t<\/div>\n\t\t\t\t\t<h6 class=\"iq-title\" >\n\t\t\tL'image ci-dessous est une page de contrat de cl\u00f4ture d'un accord de 150 pages d'un contrat d'acquisition entre deux soci\u00e9t\u00e9s et leurs \u00e9quipes juridiques.\t\t<\/h6>\n\t\t\t\t<\/div>\n    \t\t<\/div>\n\t\t\t\t<\/div>\n\t\t\t\t<div class=\"hf-elementor-layout elementor-element elementor-element-989720a elementor-widget elementor-widget-text-editor\" data-id=\"989720a\" data-element_type=\"widget\" data-widget_type=\"text-editor.default\">\n\t\t\t\t<div class=\"elementor-widget-container\">\n\t\t\t\t\t\t\t<ul><li>Il a \u00e9t\u00e9 entr\u00e9 dans le syst\u00e8me en tant qu\u2019un document word<\/li><li>Chaque signataire a re\u00e7u une notification et a ouvert le document dans une application s\u00e9curis\u00e9e par un mot de passe<\/li><li>Pour signer le document, ils doivent cliquer sur le champ de signature et entrer leur code PIN personnalis\u00e9, en s'assurant qu'eux seuls ont sign\u00e9 le document<\/li><li>L'image de gauche est la table des mati\u00e8res<\/li><li>L'image de droite est une page du contrat ouverte dans Adobe Pro<\/li><li>Les m\u00e9tadonn\u00e9es contiennent la date, la version, affichent les certifications de conformit\u00e9 XMP et confirment si la signature et l'identit\u00e9 du signataire sont valides.<\/li><\/ul>\t\t\t\t\t\t<\/div>\n\t\t\t\t<\/div>\n\t\t\t\t\t<\/div>\n\t\t<\/div>\n\t\t\t\t\t\t\t<\/div>\n\t\t<\/section>\n\t\t\t\t<section class=\"elementor-section elementor-top-section elementor-element elementor-element-2e54260 elementor-section-boxed elementor-section-height-default elementor-section-height-default\" data-id=\"2e54260\" data-element_type=\"section\">\n\t\t\t\t\t\t<div class=\"elementor-container elementor-column-gap-default\">\n\t\t\t\t\t<div class=\"elementor-column elementor-col-100 elementor-top-column elementor-element elementor-element-b2e693d layouts-column-align-inherit layouts-section-position-none\" data-id=\"b2e693d\" data-element_type=\"column\">\n\t\t\t<div class=\"elementor-widget-wrap elementor-element-populated\">\n\t\t\t\t\t\t\t\t<div class=\"hf-elementor-layout elementor-element elementor-element-79f0eb1 elementor-widget elementor-widget-section_title\" data-id=\"79f0eb1\" data-element_type=\"widget\" data-widget_type=\"section_title.default\">\n\t\t\t\t<div class=\"elementor-widget-container\">\n\t\t\t\t<div class=\"left iq-title-box iq-title-default iq-title-box-1\">\n\t\t<div class=\"iq-title-icon\">\n\t\t\t\t\t<\/div>\n\t\t\t\t\t<h5 class=\"iq-title\" >\n\t\t\tInformations de signature d'activit\u00e9\t\t<\/h5>\n\t\t\t<span class=\"iq-subtitle\">The clawd eSignature metadata contains:<\/span>\t<\/div>\n    \t\t<\/div>\n\t\t\t\t<\/div>\n\t\t\t\t<div class=\"hf-elementor-layout elementor-element elementor-element-2fd4f0f elementor-widget elementor-widget-text-editor\" data-id=\"2fd4f0f\" data-element_type=\"widget\" data-widget_type=\"text-editor.default\">\n\t\t\t\t<div class=\"elementor-widget-container\">\n\t\t\t\t\t\t\t<ul>\n<li>Nom du propri\u00e9taire de la signature - si le propri\u00e9taire de la signature a une identit\u00e9 num\u00e9rique v\u00e9rifi\u00e9e, son nom d'utilisateur sera ajout\u00e9<\/li>\n<li>Confirmation que le document n'a pas \u00e9t\u00e9 modifi\u00e9 depuis l'application de la signature<\/li>\n<li>Confirmation de la validit\u00e9 de l'identit\u00e9 du signataire (authentification en deux \u00e9tapes et nip)<\/li>\n<li>Raison de la signature : \u00e9tait-ce \u00e0 titre personnel ou au nom d'une autre personne ou entreprise?<\/li>\n<li>Date de cr\u00e9ation et horodatage avec les donn\u00e9es de fuseau horaire\t<\/li>\n<li>Type de signatures requises, ainsi que l'emplacement de la signature dans le document<\/li>\n<li>Une signature finale de Clawd Technologies pour encapsuler le document<\/li>\n<\/ul>\t\t\t\t\t\t<\/div>\n\t\t\t\t<\/div>\n\t\t\t\t\t<\/div>\n\t\t<\/div>\n\t\t\t\t\t\t\t<\/div>\n\t\t<\/section>\n\t\t\t\t<section class=\"elementor-section elementor-top-section elementor-element elementor-element-1999f31 elementor-section-boxed elementor-section-height-default elementor-section-height-default\" data-id=\"1999f31\" data-element_type=\"section\">\n\t\t\t\t\t\t<div class=\"elementor-container elementor-column-gap-default\">\n\t\t\t\t\t<div class=\"elementor-column elementor-col-100 elementor-top-column elementor-element elementor-element-bd1b661 layouts-column-align-inherit layouts-section-position-none\" data-id=\"bd1b661\" data-element_type=\"column\">\n\t\t\t<div class=\"elementor-widget-wrap elementor-element-populated\">\n\t\t\t\t\t\t\t\t<div class=\"hf-elementor-layout elementor-element elementor-element-a2d789f elementor-widget elementor-widget-section_title\" data-id=\"a2d789f\" data-element_type=\"widget\" data-widget_type=\"section_title.default\">\n\t\t\t\t<div class=\"elementor-widget-container\">\n\t\t\t\t<div class=\"left iq-title-box iq-title-default iq-title-box-1\">\n\t\t<div class=\"iq-title-icon\">\n\t\t\t\t\t<\/div>\n\t\t\t\t\t<h5 class=\"iq-title\" >\n\t\t\tDocument source\t\t<\/h5>\n\t\t\t\t<\/div>\n    \t\t<\/div>\n\t\t\t\t<\/div>\n\t\t\t\t<div class=\"hf-elementor-layout elementor-element elementor-element-9a8484c elementor-widget elementor-widget-text-editor\" data-id=\"9a8484c\" data-element_type=\"widget\" data-widget_type=\"text-editor.default\">\n\t\t\t\t<div class=\"elementor-widget-container\">\n\t\t\t\t\t\t\t<ul><li>Nombre de pages<\/li><li>Format du document source<\/li><li>Dimensions du document source et dimensions finales<\/li><\/ul>\t\t\t\t\t\t<\/div>\n\t\t\t\t<\/div>\n\t\t\t\t\t<\/div>\n\t\t<\/div>\n\t\t\t\t\t\t\t<\/div>\n\t\t<\/section>\n\t\t\t\t<section class=\"elementor-section elementor-top-section elementor-element elementor-element-3743f11 elementor-section-boxed elementor-section-height-default elementor-section-height-default\" data-id=\"3743f11\" data-element_type=\"section\">\n\t\t\t\t\t\t<div class=\"elementor-container elementor-column-gap-default\">\n\t\t\t\t\t<div class=\"elementor-column elementor-col-100 elementor-top-column elementor-element elementor-element-1a563d1 layouts-column-align-inherit layouts-section-position-none\" data-id=\"1a563d1\" data-element_type=\"column\">\n\t\t\t<div class=\"elementor-widget-wrap elementor-element-populated\">\n\t\t\t\t\t\t\t\t<div class=\"hf-elementor-layout elementor-element elementor-element-144f0f7 elementor-widget elementor-widget-section_title\" data-id=\"144f0f7\" data-element_type=\"widget\" data-widget_type=\"section_title.default\">\n\t\t\t\t<div class=\"elementor-widget-container\">\n\t\t\t\t<div class=\"left iq-title-box iq-title-default iq-title-box-1\">\n\t\t<div class=\"iq-title-icon\">\n\t\t\t\t\t<\/div>\n\t\t\t\t\t<h5 class=\"iq-title\" >\n\t\t\tContenu du document\t\t<\/h5>\n\t\t\t\t<\/div>\n    \t\t<\/div>\n\t\t\t\t<\/div>\n\t\t\t\t<div class=\"hf-elementor-layout elementor-element elementor-element-73178ec elementor-widget elementor-widget-text-editor\" data-id=\"73178ec\" data-element_type=\"widget\" data-widget_type=\"text-editor.default\">\n\t\t\t\t<div class=\"elementor-widget-container\">\n\t\t\t\t\t\t\t<ul><li>Date de transfert<\/li><\/ul>\t\t\t\t\t\t<\/div>\n\t\t\t\t<\/div>\n\t\t\t\t\t<\/div>\n\t\t<\/div>\n\t\t\t\t\t\t\t<\/div>\n\t\t<\/section>\n\t\t\t\t<section class=\"elementor-section elementor-top-section elementor-element elementor-element-3c77e5f elementor-section-boxed elementor-section-height-default elementor-section-height-default\" data-id=\"3c77e5f\" data-element_type=\"section\">\n\t\t\t\t\t\t<div class=\"elementor-container elementor-column-gap-default\">\n\t\t\t\t\t<div class=\"elementor-column elementor-col-100 elementor-top-column elementor-element elementor-element-87fe15d layouts-column-align-inherit layouts-section-position-none\" data-id=\"87fe15d\" data-element_type=\"column\">\n\t\t\t<div class=\"elementor-widget-wrap elementor-element-populated\">\n\t\t\t\t\t\t\t\t<div class=\"hf-elementor-layout elementor-element elementor-element-4d523fa elementor-widget elementor-widget-section_title\" data-id=\"4d523fa\" data-element_type=\"widget\" data-widget_type=\"section_title.default\">\n\t\t\t\t<div class=\"elementor-widget-container\">\n\t\t\t\t<div class=\"left iq-title-box iq-title-default iq-title-box-1\">\n\t\t<div class=\"iq-title-icon\">\n\t\t\t\t\t<\/div>\n\t\t\t\t\t<h5 class=\"iq-title\" >\n\t\t\tFlux de travail d'activit\u00e9\t\t<\/h5>\n\t\t\t\t<\/div>\n    \t\t<\/div>\n\t\t\t\t<\/div>\n\t\t\t\t<div class=\"hf-elementor-layout elementor-element elementor-element-9e73890 elementor-widget elementor-widget-text-editor\" data-id=\"9e73890\" data-element_type=\"widget\" data-widget_type=\"text-editor.default\">\n\t\t\t\t<div class=\"elementor-widget-container\">\n\t\t\t\t\t\t\t<ul><li>Qui a sign\u00e9 le document au nom de qui (avec la date et l'heure du fuseau horaire)<\/li><\/ul>\t\t\t\t\t\t<\/div>\n\t\t\t\t<\/div>\n\t\t\t\t\t<\/div>\n\t\t<\/div>\n\t\t\t\t\t\t\t<\/div>\n\t\t<\/section>\n\t\t\t\t<section class=\"elementor-section elementor-top-section elementor-element elementor-element-13aab11 elementor-section-boxed elementor-section-height-default elementor-section-height-default\" data-id=\"13aab11\" data-element_type=\"section\">\n\t\t\t\t\t\t<div class=\"elementor-container elementor-column-gap-default\">\n\t\t\t\t\t<div class=\"elementor-column elementor-col-100 elementor-top-column elementor-element elementor-element-567e2b9 layouts-column-align-inherit layouts-section-position-none\" data-id=\"567e2b9\" data-element_type=\"column\">\n\t\t\t<div class=\"elementor-widget-wrap elementor-element-populated\">\n\t\t\t\t\t\t\t\t<div class=\"hf-elementor-layout elementor-element elementor-element-b49bdba elementor-widget elementor-widget-section_title\" data-id=\"b49bdba\" data-element_type=\"widget\" data-widget_type=\"section_title.default\">\n\t\t\t\t<div class=\"elementor-widget-container\">\n\t\t\t\t<div class=\"left iq-title-box iq-title-default iq-title-box-1\">\n\t\t<div class=\"iq-title-icon\">\n\t\t\t\t\t<\/div>\n\t\t\t\t\t<h5 class=\"iq-title\" >\n\t\t\tGouvernance\t\t<\/h5>\n\t\t\t\t<\/div>\n    \t\t<\/div>\n\t\t\t\t<\/div>\n\t\t\t\t<div class=\"hf-elementor-layout elementor-element elementor-element-14388ba elementor-widget elementor-widget-text-editor\" data-id=\"14388ba\" data-element_type=\"widget\" data-widget_type=\"text-editor.default\">\n\t\t\t\t<div class=\"elementor-widget-container\">\n\t\t\t\t\t\t\t<ul><li>Nom de l'entreprise<\/li><li>Niveau de certification<\/li><li>V\u00e9rifi\u00e9 par qui<\/li><li>Repr\u00e9sentant de l'entreprise<\/li><li>Nom du client<\/li><li>Repr\u00e9sentant du client<\/li><\/ul><p>Les m\u00e9tadonn\u00e9es XMP du document contiennent :<\/p>\t\t\t\t\t\t<\/div>\n\t\t\t\t<\/div>\n\t\t\t\t\t<\/div>\n\t\t<\/div>\n\t\t\t\t\t\t\t<\/div>\n\t\t<\/section>\n\t\t\t\t<section class=\"elementor-section elementor-top-section elementor-element elementor-element-c74211b elementor-section-boxed elementor-section-height-default elementor-section-height-default\" data-id=\"c74211b\" data-element_type=\"section\">\n\t\t\t\t\t\t<div class=\"elementor-container elementor-column-gap-default\">\n\t\t\t\t\t<div class=\"elementor-column elementor-col-100 elementor-top-column elementor-element elementor-element-f64ae51 layouts-column-align-inherit layouts-section-position-none\" data-id=\"f64ae51\" data-element_type=\"column\">\n\t\t\t<div class=\"elementor-widget-wrap elementor-element-populated\">\n\t\t\t\t\t\t\t\t<div class=\"hf-elementor-layout elementor-element elementor-element-89070ac elementor-widget elementor-widget-section_title\" data-id=\"89070ac\" data-element_type=\"widget\" data-widget_type=\"section_title.default\">\n\t\t\t\t<div class=\"elementor-widget-container\">\n\t\t\t\t<div class=\"left iq-title-box iq-title-default iq-title-box-1\">\n\t\t<div class=\"iq-title-icon\">\n\t\t\t\t\t<\/div>\n\t\t\t\t\t<h5 class=\"iq-title\" >\n\t\t\tDocument source et document final\t\t<\/h5>\n\t\t\t\t<\/div>\n    \t\t<\/div>\n\t\t\t\t<\/div>\n\t\t\t\t<div class=\"hf-elementor-layout elementor-element elementor-element-1b37068 elementor-widget elementor-widget-text-editor\" data-id=\"1b37068\" data-element_type=\"widget\" data-widget_type=\"text-editor.default\">\n\t\t\t\t<div class=\"elementor-widget-container\">\n\t\t\t\t\t\t\t<ul><li>Propri\u00e9t\u00e9s PDF<\/li><li>Propri\u00e9t\u00e9s du c\u0153ur XMP<\/li><li>Le cr\u00e9ateur du document \/ propri\u00e9taire du document<\/li><li>Nombre de pages<\/li><li>Format du document source<\/li><li>Dimensions du document source<\/li><li>Format final du document<\/li><li>Dimensions du document final<\/li><\/ul>\t\t\t\t\t\t<\/div>\n\t\t\t\t<\/div>\n\t\t\t\t\t<\/div>\n\t\t<\/div>\n\t\t\t\t\t\t\t<\/div>\n\t\t<\/section>\n\t\t\t\t<section class=\"elementor-section elementor-top-section elementor-element elementor-element-28f174b elementor-section-boxed elementor-section-height-default elementor-section-height-default\" data-id=\"28f174b\" data-element_type=\"section\">\n\t\t\t\t\t\t<div class=\"elementor-container elementor-column-gap-default\">\n\t\t\t\t\t<div class=\"elementor-column elementor-col-100 elementor-top-column elementor-element elementor-element-a810a2a layouts-column-align-inherit layouts-section-position-none\" data-id=\"a810a2a\" data-element_type=\"column\">\n\t\t\t<div class=\"elementor-widget-wrap elementor-element-populated\">\n\t\t\t\t\t\t\t\t<div class=\"hf-elementor-layout elementor-element elementor-element-dfd266c elementor-widget elementor-widget-section_title\" data-id=\"dfd266c\" data-element_type=\"widget\" data-widget_type=\"section_title.default\">\n\t\t\t\t<div class=\"elementor-widget-container\">\n\t\t\t\t<div class=\"left iq-title-box iq-title-default iq-title-box-1\">\n\t\t<div class=\"iq-title-icon\">\n\t\t\t\t\t<\/div>\n\t\t\t\t\t<h5 class=\"iq-title\" >\n\t\t\tGouvernance (s'il y a lieu)\t\t<\/h5>\n\t\t\t\t<\/div>\n    \t\t<\/div>\n\t\t\t\t<\/div>\n\t\t\t\t<div class=\"hf-elementor-layout elementor-element elementor-element-e562c52 elementor-widget elementor-widget-text-editor\" data-id=\"e562c52\" data-element_type=\"widget\" data-widget_type=\"text-editor.default\">\n\t\t\t\t<div class=\"elementor-widget-container\">\n\t\t\t\t\t\t\t<ul><li>Nom de l'entreprise<\/li><li>Niveau de certification de l'entreprise<\/li><li>Si l'identit\u00e9 de l'entreprise est v\u00e9rifi\u00e9e et, le cas \u00e9ch\u00e9ant, le nom de l'autorit\u00e9 d'enregistrement (AR)<\/li><li>Le nom du repr\u00e9sentant qui a sign\u00e9 au nom de l'entreprise<\/li><\/ul>\t\t\t\t\t\t<\/div>\n\t\t\t\t<\/div>\n\t\t\t\t\t<\/div>\n\t\t<\/div>\n\t\t\t\t\t\t\t<\/div>\n\t\t<\/section>\n\t\t\t\t\t\t\t<\/div>","protected":false},"excerpt":{"rendered":"<p>Metadata ensures long-term provenance and integrity Verified metadata automatically injected by our system Metadata is defined as the data providing information about one or more aspects of the data; it is used to summarize basic information about data which can make tracking and working with specific data easier.\u00a0\u00a0Some examples include how the data was created,\u00a0the [&hellip;]<\/p>","protected":false},"author":1,"featured_media":0,"parent":0,"menu_order":0,"comment_status":"closed","ping_status":"closed","template":"","meta":[],"acf":[],"_links":{"self":[{"href":"http:\/\/myclawd.alliancetek.net\/fr\/wp-json\/wp\/v2\/pages\/26570"}],"collection":[{"href":"http:\/\/myclawd.alliancetek.net\/fr\/wp-json\/wp\/v2\/pages"}],"about":[{"href":"http:\/\/myclawd.alliancetek.net\/fr\/wp-json\/wp\/v2\/types\/page"}],"author":[{"embeddable":true,"href":"http:\/\/myclawd.alliancetek.net\/fr\/wp-json\/wp\/v2\/users\/1"}],"replies":[{"embeddable":true,"href":"http:\/\/myclawd.alliancetek.net\/fr\/wp-json\/wp\/v2\/comments?post=26570"}],"version-history":[{"count":39,"href":"http:\/\/myclawd.alliancetek.net\/fr\/wp-json\/wp\/v2\/pages\/26570\/revisions"}],"predecessor-version":[{"id":28072,"href":"http:\/\/myclawd.alliancetek.net\/fr\/wp-json\/wp\/v2\/pages\/26570\/revisions\/28072"}],"wp:attachment":[{"href":"http:\/\/myclawd.alliancetek.net\/fr\/wp-json\/wp\/v2\/media?parent=26570"}],"curies":[{"name":"wp","href":"https:\/\/api.w.org\/{rel}","templated":true}]}}