{"id":26568,"date":"2023-02-15T11:06:49","date_gmt":"2023-02-15T11:06:49","guid":{"rendered":"http:\/\/myclawd.alliancetek.net\/?page_id=26568"},"modified":"2023-06-07T10:44:07","modified_gmt":"2023-06-07T10:44:07","slug":"industries-we-serve","status":"publish","type":"page","link":"http:\/\/myclawd.alliancetek.net\/fr\/industries-we-serve\/","title":{"rendered":"Industries que nous servons"},"content":{"rendered":"<div data-elementor-type=\"wp-page\" data-elementor-id=\"26568\" class=\"elementor elementor-26568\">\n\t\t\t\t\t\t\t\t\t<section class=\"elementor-section elementor-top-section elementor-element elementor-element-385a406 elementor-section-boxed elementor-section-height-default elementor-section-height-default elementor-invisible\" data-id=\"385a406\" data-element_type=\"section\" data-settings=\"{&quot;animation&quot;:&quot;fadeInDown&quot;}\">\n\t\t\t\t\t\t<div class=\"elementor-container elementor-column-gap-default\">\n\t\t\t\t\t<div class=\"elementor-column elementor-col-33 elementor-top-column elementor-element elementor-element-81dea67 layouts-column-align-inherit layouts-section-position-none\" data-id=\"81dea67\" data-element_type=\"column\">\n\t\t\t<div class=\"elementor-widget-wrap elementor-element-populated\">\n\t\t\t\t\t\t\t\t<div class=\"hf-elementor-layout elementor-element elementor-element-1b763af elementor-widget elementor-widget-image\" data-id=\"1b763af\" data-element_type=\"widget\" data-widget_type=\"image.default\">\n\t\t\t\t<div class=\"elementor-widget-container\">\n\t\t\t<style>\/*! elementor - v3.11.1 - 15-02-2023 *\/\n.elementor-widget-image{text-align:center}.elementor-widget-image a{display:inline-block}.elementor-widget-image a img[src$=\".svg\"]{width:48px}.elementor-widget-image img{vertical-align:middle;display:inline-block}<\/style>\t\t\t\t\t\t\t\t\t\t\t\t<img decoding=\"async\" width=\"714\" height=\"502\" src=\"http:\/\/myclawd.alliancetek.net\/wp-content\/uploads\/2022\/06\/image-29-1.webp\" class=\"attachment-large size-large wp-image-26222\" alt=\"img\" loading=\"lazy\" srcset=\"http:\/\/myclawd.alliancetek.net\/wp-content\/uploads\/2022\/06\/image-29-1.webp 714w, http:\/\/myclawd.alliancetek.net\/wp-content\/uploads\/2022\/06\/image-29-1-300x211.webp 300w\" sizes=\"(min-width: 960px) 75vw, 100vw\" \/>\t\t\t\t\t\t\t\t\t\t\t\t\t\t\t<\/div>\n\t\t\t\t<\/div>\n\t\t\t\t\t<\/div>\n\t\t<\/div>\n\t\t\t\t<div class=\"elementor-column elementor-col-66 elementor-top-column elementor-element elementor-element-6f9341f layouts-column-align-inherit layouts-section-position-none\" data-id=\"6f9341f\" data-element_type=\"column\">\n\t\t\t<div class=\"elementor-widget-wrap elementor-element-populated\">\n\t\t\t\t\t\t\t\t<div class=\"hf-elementor-layout elementor-element elementor-element-d625b3e elementor-widget elementor-widget-section_title\" data-id=\"d625b3e\" data-element_type=\"widget\" data-widget_type=\"section_title.default\">\n\t\t\t\t<div class=\"elementor-widget-container\">\n\t\t\t\t<div class=\"left iq-title-box iq-title-default iq-title-box-1\">\n\t\t<div class=\"iq-title-icon\">\n\t\t\t\t\t<\/div>\n\t\t\t\t\t<h5 class=\"iq-title\" >\n\t\t\tSur le march\u00e9 mondial et hautement r\u00e9glement\u00e9 d'aujourd'hui, un \u00e9cosyst\u00e8me de \u00ab confiance \u00bb v\u00e9rifi\u00e9 est la cl\u00e9 pour des transactions commerciales conformes et transparentes dans un monde num\u00e9rique.\t\t<\/h5>\n\t\t\t<p class=\"iq-title-desc\">Dans l'environnement hautement r\u00e9glement\u00e9 d'aujourd'hui, de nombreuses industries peuvent b\u00e9n\u00e9ficier d'une plate-forme intelligente qui permet des transactions de cha\u00eene de possession document\u00e9es, la v\u00e9rification individuelle et d'entit\u00e9 et des eSignatures au sein d'une plate-forme facile \u00e0 utiliser. Clawd offre \u00e9galement le logiciel et les services de num\u00e9risation les plus complets pour cr\u00e9er des fichiers PDF l\u00e9galement authentifi\u00e9s \u00e0 partir de documents papier. Aucune autre solution sur le march\u00e9 ne peut offrir cela.<\/p>\t<\/div>\n    \t\t<\/div>\n\t\t\t\t<\/div>\n\t\t\t\t\t<\/div>\n\t\t<\/div>\n\t\t\t\t\t\t\t<\/div>\n\t\t<\/section>\n\t\t\t\t<section class=\"elementor-section elementor-top-section elementor-element elementor-element-a20ba99 elementor-section-boxed elementor-section-height-default elementor-section-height-default\" data-id=\"a20ba99\" data-element_type=\"section\">\n\t\t\t\t\t\t<div class=\"elementor-container elementor-column-gap-default\">\n\t\t\t\t\t<div class=\"elementor-column elementor-col-100 elementor-top-column elementor-element elementor-element-19d4a15 layouts-column-align-inherit layouts-section-position-none\" data-id=\"19d4a15\" data-element_type=\"column\">\n\t\t\t<div class=\"elementor-widget-wrap elementor-element-populated\">\n\t\t\t\t\t\t\t\t<div class=\"hf-elementor-layout elementor-element elementor-element-5fa7f6e elementor-widget elementor-widget-text-editor\" data-id=\"5fa7f6e\" data-element_type=\"widget\" data-widget_type=\"text-editor.default\">\n\t\t\t\t<div class=\"elementor-widget-container\">\n\t\t\t<style>\/*! elementor - v3.11.1 - 15-02-2023 *\/\n.elementor-widget-text-editor.elementor-drop-cap-view-stacked .elementor-drop-cap{background-color:#818a91;color:#fff}.elementor-widget-text-editor.elementor-drop-cap-view-framed .elementor-drop-cap{color:#818a91;border:3px solid;background-color:transparent}.elementor-widget-text-editor:not(.elementor-drop-cap-view-default) .elementor-drop-cap{margin-top:8px}.elementor-widget-text-editor:not(.elementor-drop-cap-view-default) .elementor-drop-cap-letter{width:1em;height:1em}.elementor-widget-text-editor .elementor-drop-cap{float:left;text-align:center;line-height:1;font-size:50px}.elementor-widget-text-editor .elementor-drop-cap-letter{display:inline-block}<\/style>\t\t\t\t<ul><li>La plate-forme Clawd cr\u00e9e facilement des documents juridiquement authentiques et vous permet de fonctionner comme une organisation sans papier. Vos employ\u00e9s et vos tiers peuvent facilement utiliser le syst\u00e8me pour les signatures \u00e9lectroniques, en maintenant la m\u00eame continuit\u00e9 et en veillant \u00e0 ce que tous vos documents soient des originaux num\u00e9riques.<\/li><li>Les cabinets d'avocats sont soumis \u00e0 une pression accrue pour maintenir des communications s\u00e9curis\u00e9es, conformes et efficaces avec leurs clients et il devient de plus en plus \u00e9vident que les processus existants ne r\u00e9pondent pas aux besoins. UnikSign eSignatures et la num\u00e9risation juridiquement authentique avec docuTrail permettent de trier, de g\u00e9rer et de r\u00e9cup\u00e9rer facilement toute la documentation, ce qui facilite les proc\u00e9dures de d\u00e9couverte \u00e9lectronique et de litige.<\/li><li>Avec la gouvernance, la r\u00e9glementation et la conformit\u00e9 (GRC) devenant plus strictes dans de nombreux secteurs, les documents \u00e9lectroniques qui sont juridiquement authentiques (peuvent \u00eatre confirm\u00e9s devant un tribunal et fournir une cha\u00eene de possession transparente) fourniront l'assurance n\u00e9cessaire pour num\u00e9riser votre m\u00e9moire institutionnelle. Notre solution abordable et facile \u00e0 mettre en \u0153uvre, DocuTrail, permet la conversion de documents pour cr\u00e9er facilement des PDF juridiquement authentiques \u00e0 partir de documents papier pass\u00e9s, pr\u00e9sents et futurs. Tous les FICHIERS PDF peuvent \u00eatre stock\u00e9s dans notre cloud qui utilise le Microsoft Azure conforme \u00e0 la pointe de l'industrie.<\/li><li><strong>Industries ayant besoin de documents authentifi\u00e9s par la loi<\/strong> cabinets d'avocats, soci\u00e9t\u00e9s, soins de sant\u00e9, banque et finance, sciences de la vie, assurance, \u00e9nergie, soci\u00e9t\u00e9s d'ing\u00e9nierie, entreprises de construction, fabrication pharmaceutique et gestion des d\u00e9chets.<\/li><li><i><b>\u00c9tablissements d'enseignement et organismes de soins de sant\u00e9<\/b><\/i><\/li><li>Les documents relatifs \u00e0 l'\u00e9ducation et aux soins de sant\u00e9 doivent \u00eatre conserv\u00e9s pendant des d\u00e9cennies, des si\u00e8cles, voire ind\u00e9finiment. Lorsqu'ils sont multipli\u00e9s par des milliers de personnes, le co\u00fbt du stockage et l'espace n\u00e9cessaire deviennent ing\u00e9rables. En utilisant le logiciel de num\u00e9risation l\u00e9galement authentique de DocuTrail, tous les enregistrements papier deviennent des originaux num\u00e9riques et peuvent \u00eatre stock\u00e9s en toute s\u00e9curit\u00e9 dans MyVault. L'indexation, les balises et la technologie OCR garantissent que n'importe quel fichier peut \u00eatre trouv\u00e9 facilement sur demande.<\/li><li><i><b>Les entreprises de gestion et d'\u00e9limination des d\u00e9chets qui ont besoin d'une plate-forme de cha\u00eene de possession eSignature tr\u00e8s probante<\/b><\/i><\/li><li>Il est de plus en plus difficile et co\u00fbteux de se tenir au courant des nombreuses lois et r\u00e9glementations impos\u00e9es aux entreprises d'\u00e9limination des d\u00e9chets, de suivi pharmaceutique, d'\u00e9limination environnementale et de transfert de d\u00e9chets dangereux. Notre plate-forme eSignature, DocuTrail, peut garantir que toute entreprise de gestion ou d'\u00e9limination des d\u00e9chets de toute taille peut enregistrer un transfert l\u00e9gal de responsabilit\u00e9 au sein d'une plate-forme s\u00e9curis\u00e9e, transparente et tra\u00e7able qui peut conserver tous les enregistrements en cas d'audit.<\/li><\/ul>\t\t\t\t\t\t<\/div>\n\t\t\t\t<\/div>\n\t\t\t\t\t<\/div>\n\t\t<\/div>\n\t\t\t\t\t\t\t<\/div>\n\t\t<\/section>\n\t\t\t\t\t\t\t<\/div>","protected":false},"excerpt":{"rendered":"<p>In today\u2019s highly regulated and global marketplace, a verified \u201cTrust\u201d ecosystem is the key for compliant and transparent business transactions in a digital world. In today\u2019s highly regulated environment many industries can benefit an intelligent platform that enables documented chain-of-custody transactions, individual and entity verification, and eSignatures within an easy-to-use platform. Clawd also offers the [&hellip;]<\/p>","protected":false},"author":1,"featured_media":0,"parent":0,"menu_order":0,"comment_status":"closed","ping_status":"closed","template":"","meta":[],"acf":[],"_links":{"self":[{"href":"http:\/\/myclawd.alliancetek.net\/fr\/wp-json\/wp\/v2\/pages\/26568"}],"collection":[{"href":"http:\/\/myclawd.alliancetek.net\/fr\/wp-json\/wp\/v2\/pages"}],"about":[{"href":"http:\/\/myclawd.alliancetek.net\/fr\/wp-json\/wp\/v2\/types\/page"}],"author":[{"embeddable":true,"href":"http:\/\/myclawd.alliancetek.net\/fr\/wp-json\/wp\/v2\/users\/1"}],"replies":[{"embeddable":true,"href":"http:\/\/myclawd.alliancetek.net\/fr\/wp-json\/wp\/v2\/comments?post=26568"}],"version-history":[{"count":20,"href":"http:\/\/myclawd.alliancetek.net\/fr\/wp-json\/wp\/v2\/pages\/26568\/revisions"}],"predecessor-version":[{"id":28065,"href":"http:\/\/myclawd.alliancetek.net\/fr\/wp-json\/wp\/v2\/pages\/26568\/revisions\/28065"}],"wp:attachment":[{"href":"http:\/\/myclawd.alliancetek.net\/fr\/wp-json\/wp\/v2\/media?parent=26568"}],"curies":[{"name":"wp","href":"https:\/\/api.w.org\/{rel}","templated":true}]}}