{"id":26554,"date":"2023-02-15T11:02:43","date_gmt":"2023-02-15T11:02:43","guid":{"rendered":"http:\/\/myclawd.alliancetek.net\/?page_id=26554"},"modified":"2023-06-07T10:16:41","modified_gmt":"2023-06-07T10:16:41","slug":"find-a-partner","status":"publish","type":"page","link":"http:\/\/myclawd.alliancetek.net\/fr\/find-a-partner\/","title":{"rendered":"Trouver un partenaire"},"content":{"rendered":"<div data-elementor-type=\"wp-page\" data-elementor-id=\"26554\" class=\"elementor elementor-26554\">\n\t\t\t\t\t\t\t\t\t<section class=\"elementor-section elementor-top-section elementor-element elementor-element-8cc0422 elementor-section-boxed elementor-section-height-default elementor-section-height-default elementor-invisible\" data-id=\"8cc0422\" data-element_type=\"section\" data-settings=\"{&quot;animation&quot;:&quot;fadeInDown&quot;}\">\n\t\t\t\t\t\t<div class=\"elementor-container elementor-column-gap-default\">\n\t\t\t\t\t<div class=\"elementor-column elementor-col-33 elementor-top-column elementor-element elementor-element-73046c1 layouts-column-align-inherit layouts-section-position-none\" data-id=\"73046c1\" data-element_type=\"column\">\n\t\t\t<div class=\"elementor-widget-wrap elementor-element-populated\">\n\t\t\t\t\t\t\t\t<div class=\"hf-elementor-layout elementor-element elementor-element-f4b64fc elementor-widget elementor-widget-image\" data-id=\"f4b64fc\" data-element_type=\"widget\" data-widget_type=\"image.default\">\n\t\t\t\t<div class=\"elementor-widget-container\">\n\t\t\t<style>\/*! elementor - v3.11.1 - 15-02-2023 *\/\n.elementor-widget-image{text-align:center}.elementor-widget-image a{display:inline-block}.elementor-widget-image a img[src$=\".svg\"]{width:48px}.elementor-widget-image img{vertical-align:middle;display:inline-block}<\/style>\t\t\t\t\t\t\t\t\t\t\t\t<img decoding=\"async\" width=\"1024\" height=\"676\" src=\"http:\/\/myclawd.alliancetek.net\/wp-content\/uploads\/2023\/04\/Find-a-provider-1-1024x676.jpg\" class=\"attachment-large size-large wp-image-27554\" alt=\"\" loading=\"lazy\" srcset=\"http:\/\/myclawd.alliancetek.net\/wp-content\/uploads\/2023\/04\/Find-a-provider-1-1024x676.jpg 1024w, http:\/\/myclawd.alliancetek.net\/wp-content\/uploads\/2023\/04\/Find-a-provider-1-300x198.jpg 300w, http:\/\/myclawd.alliancetek.net\/wp-content\/uploads\/2023\/04\/Find-a-provider-1-768x507.jpg 768w, http:\/\/myclawd.alliancetek.net\/wp-content\/uploads\/2023\/04\/Find-a-provider-1-1536x1013.jpg 1536w, http:\/\/myclawd.alliancetek.net\/wp-content\/uploads\/2023\/04\/Find-a-provider-1-2048x1351.jpg 2048w\" sizes=\"(min-width: 960px) 75vw, 100vw\" \/>\t\t\t\t\t\t\t\t\t\t\t\t\t\t\t<\/div>\n\t\t\t\t<\/div>\n\t\t\t\t\t<\/div>\n\t\t<\/div>\n\t\t\t\t<div class=\"elementor-column elementor-col-66 elementor-top-column elementor-element elementor-element-96b5452 layouts-column-align-inherit layouts-section-position-none\" data-id=\"96b5452\" data-element_type=\"column\">\n\t\t\t<div class=\"elementor-widget-wrap elementor-element-populated\">\n\t\t\t\t\t\t\t\t<div class=\"hf-elementor-layout elementor-element elementor-element-c61b0ec elementor-widget elementor-widget-section_title\" data-id=\"c61b0ec\" data-element_type=\"widget\" data-widget_type=\"section_title.default\">\n\t\t\t\t<div class=\"elementor-widget-container\">\n\t\t\t\t<div class=\"left iq-title-box iq-title-default iq-title-box-1\">\n\t\t<div class=\"iq-title-icon\">\n\t\t\t\t\t<\/div>\n\t\t\t\t\t<h5 class=\"iq-title\" >\n\t\t\tTrouvez un partenaire dans votre r\u00e9gion pour notre logiciel de num\u00e9risation juridiquement authentique: Canada et \u00c9tats-Unis -&gt;DocuTrail\t\t<\/h5>\n\t\t\t\t<\/div>\n    \t\t<\/div>\n\t\t\t\t<\/div>\n\t\t\t\t<div class=\"hf-elementor-layout elementor-element elementor-element-1f1e594 elementor-widget elementor-widget-text-editor\" data-id=\"1f1e594\" data-element_type=\"widget\" data-widget_type=\"text-editor.default\">\n\t\t\t\t<div class=\"elementor-widget-container\">\n\t\t\t<style>\/*! elementor - v3.11.1 - 15-02-2023 *\/\n.elementor-widget-text-editor.elementor-drop-cap-view-stacked .elementor-drop-cap{background-color:#818a91;color:#fff}.elementor-widget-text-editor.elementor-drop-cap-view-framed .elementor-drop-cap{color:#818a91;border:3px solid;background-color:transparent}.elementor-widget-text-editor:not(.elementor-drop-cap-view-default) .elementor-drop-cap{margin-top:8px}.elementor-widget-text-editor:not(.elementor-drop-cap-view-default) .elementor-drop-cap-letter{width:1em;height:1em}.elementor-widget-text-editor .elementor-drop-cap{float:left;text-align:center;line-height:1;font-size:50px}.elementor-widget-text-editor .elementor-drop-cap-letter{display:inline-block}<\/style>\t\t\t\t<p>En mati\u00e8re de documentation, DocuPlus est un partenaire de service national de premier plan pour la gestion de documents, le soutien aux litiges et les solutions de services g\u00e9r\u00e9s.<\/p><p>Un partenariat naturel s'en est suivi, et DocuPlus a qualifi\u00e9 et form\u00e9 le personnel pour effectuer la num\u00e9risation juridiquement authentique rapidement et efficacement. De plus, ils ont la capacit\u00e9 de d\u00e9truire les copies papier qui en r\u00e9sultent si vous le souhaitez.<\/p>\t\t\t\t\t\t<\/div>\n\t\t\t\t<\/div>\n\t\t\t\t\t<\/div>\n\t\t<\/div>\n\t\t\t\t\t\t\t<\/div>\n\t\t<\/section>\n\t\t\t\t\t\t\t<\/div>","protected":false},"excerpt":{"rendered":"<p>Find a partner in your region for our legally authentic digitization software: Canada and USA -&gt; DocuTrail When it comes to documentation, DocuPlus is a leading national service partner for document management, litigation support and managed services solutions. A natural partnership ensued, and DocuPlus has qualified, trained staff to perform the legally authentic digitization quickly [&hellip;]<\/p>","protected":false},"author":1,"featured_media":0,"parent":0,"menu_order":0,"comment_status":"closed","ping_status":"closed","template":"","meta":[],"acf":[],"_links":{"self":[{"href":"http:\/\/myclawd.alliancetek.net\/fr\/wp-json\/wp\/v2\/pages\/26554"}],"collection":[{"href":"http:\/\/myclawd.alliancetek.net\/fr\/wp-json\/wp\/v2\/pages"}],"about":[{"href":"http:\/\/myclawd.alliancetek.net\/fr\/wp-json\/wp\/v2\/types\/page"}],"author":[{"embeddable":true,"href":"http:\/\/myclawd.alliancetek.net\/fr\/wp-json\/wp\/v2\/users\/1"}],"replies":[{"embeddable":true,"href":"http:\/\/myclawd.alliancetek.net\/fr\/wp-json\/wp\/v2\/comments?post=26554"}],"version-history":[{"count":19,"href":"http:\/\/myclawd.alliancetek.net\/fr\/wp-json\/wp\/v2\/pages\/26554\/revisions"}],"predecessor-version":[{"id":28038,"href":"http:\/\/myclawd.alliancetek.net\/fr\/wp-json\/wp\/v2\/pages\/26554\/revisions\/28038"}],"wp:attachment":[{"href":"http:\/\/myclawd.alliancetek.net\/fr\/wp-json\/wp\/v2\/media?parent=26554"}],"curies":[{"name":"wp","href":"https:\/\/api.w.org\/{rel}","templated":true}]}}