{"id":26543,"date":"2023-02-15T10:56:20","date_gmt":"2023-02-15T10:56:20","guid":{"rendered":"http:\/\/myclawd.alliancetek.net\/?page_id=26543"},"modified":"2023-06-07T10:01:43","modified_gmt":"2023-06-07T10:01:43","slug":"remote-work","status":"publish","type":"page","link":"http:\/\/myclawd.alliancetek.net\/fr\/remote-work\/","title":{"rendered":"Travail \u00e0 distance"},"content":{"rendered":"<div data-elementor-type=\"wp-page\" data-elementor-id=\"26543\" class=\"elementor elementor-26543\">\n\t\t\t\t\t\t\t\t\t<section class=\"elementor-section elementor-top-section elementor-element elementor-element-b9cb558 elementor-section-boxed elementor-section-height-default elementor-section-height-default elementor-invisible\" data-id=\"b9cb558\" data-element_type=\"section\" data-settings=\"{&quot;animation&quot;:&quot;fadeInDown&quot;}\">\n\t\t\t\t\t\t<div class=\"elementor-container elementor-column-gap-default\">\n\t\t\t\t\t<div class=\"elementor-column elementor-col-33 elementor-top-column elementor-element elementor-element-07051b9 layouts-column-align-inherit layouts-section-position-none\" data-id=\"07051b9\" data-element_type=\"column\">\n\t\t\t<div class=\"elementor-widget-wrap elementor-element-populated\">\n\t\t\t\t\t\t\t\t<div class=\"hf-elementor-layout elementor-element elementor-element-95e1ad1 elementor-widget elementor-widget-image\" data-id=\"95e1ad1\" data-element_type=\"widget\" data-widget_type=\"image.default\">\n\t\t\t\t<div class=\"elementor-widget-container\">\n\t\t\t<style>\/*! elementor - v3.11.1 - 15-02-2023 *\/\n.elementor-widget-image{text-align:center}.elementor-widget-image a{display:inline-block}.elementor-widget-image a img[src$=\".svg\"]{width:48px}.elementor-widget-image img{vertical-align:middle;display:inline-block}<\/style>\t\t\t\t\t\t\t\t\t\t\t\t<img decoding=\"async\" width=\"1024\" height=\"683\" src=\"http:\/\/myclawd.alliancetek.net\/wp-content\/uploads\/2023\/04\/Remote-Work-1-1024x683.jpg\" class=\"attachment-large size-large wp-image-27518\" alt=\"\" loading=\"lazy\" srcset=\"http:\/\/myclawd.alliancetek.net\/wp-content\/uploads\/2023\/04\/Remote-Work-1-1024x683.jpg 1024w, http:\/\/myclawd.alliancetek.net\/wp-content\/uploads\/2023\/04\/Remote-Work-1-300x200.jpg 300w, http:\/\/myclawd.alliancetek.net\/wp-content\/uploads\/2023\/04\/Remote-Work-1-768x512.jpg 768w, http:\/\/myclawd.alliancetek.net\/wp-content\/uploads\/2023\/04\/Remote-Work-1-1536x1024.jpg 1536w, http:\/\/myclawd.alliancetek.net\/wp-content\/uploads\/2023\/04\/Remote-Work-1-2048x1365.jpg 2048w, http:\/\/myclawd.alliancetek.net\/wp-content\/uploads\/2023\/04\/Remote-Work-1-720x480.jpg 720w\" sizes=\"(min-width: 960px) 75vw, 100vw\" \/>\t\t\t\t\t\t\t\t\t\t\t\t\t\t\t<\/div>\n\t\t\t\t<\/div>\n\t\t\t\t\t<\/div>\n\t\t<\/div>\n\t\t\t\t<div class=\"elementor-column elementor-col-66 elementor-top-column elementor-element elementor-element-a2561b3 layouts-column-align-inherit layouts-section-position-none\" data-id=\"a2561b3\" data-element_type=\"column\">\n\t\t\t<div class=\"elementor-widget-wrap elementor-element-populated\">\n\t\t\t\t\t\t\t\t<div class=\"hf-elementor-layout elementor-element elementor-element-c3f7478 elementor-widget elementor-widget-section_title\" data-id=\"c3f7478\" data-element_type=\"widget\" data-widget_type=\"section_title.default\">\n\t\t\t\t<div class=\"elementor-widget-container\">\n\t\t\t\t<div class=\"left iq-title-box iq-title-default iq-title-box-1\">\n\t\t<div class=\"iq-title-icon\">\n\t\t\t\t\t<\/div>\n\t\t\t\t\t<h5 class=\"iq-title\" >\n\t\t\tResponsabiliser les \u00e9quipes de travail \u00e0 distance et hybrides\t\t<\/h5>\n\t\t\t<span class=\"iq-subtitle\">Allow your employees to access documents anywhere <\/span>\t<\/div>\n    \t\t<\/div>\n\t\t\t\t<\/div>\n\t\t\t\t<div class=\"hf-elementor-layout elementor-element elementor-element-8ca9271 elementor-widget elementor-widget-text-editor\" data-id=\"8ca9271\" data-element_type=\"widget\" data-widget_type=\"text-editor.default\">\n\t\t\t\t<div class=\"elementor-widget-container\">\n\t\t\t<style>\/*! elementor - v3.11.1 - 15-02-2023 *\/\n.elementor-widget-text-editor.elementor-drop-cap-view-stacked .elementor-drop-cap{background-color:#818a91;color:#fff}.elementor-widget-text-editor.elementor-drop-cap-view-framed .elementor-drop-cap{color:#818a91;border:3px solid;background-color:transparent}.elementor-widget-text-editor:not(.elementor-drop-cap-view-default) .elementor-drop-cap{margin-top:8px}.elementor-widget-text-editor:not(.elementor-drop-cap-view-default) .elementor-drop-cap-letter{width:1em;height:1em}.elementor-widget-text-editor .elementor-drop-cap{float:left;text-align:center;line-height:1;font-size:50px}.elementor-widget-text-editor .elementor-drop-cap-letter{display:inline-block}<\/style>\t\t\t\t<p>M\u00eame avant la pand\u00e9mie, de nombreuses personnes travaillaient \u00e0 domicile et certaines organisations \u00e9taient compl\u00e8tement \u00e9loign\u00e9es. Ce que la pand\u00e9mie a fait, cependant, c'est de faire prendre conscience au monde que la plupart des emplois de cols blancs pouvaient \u00eatre effectu\u00e9s \u00e0 distance \u00e0 partir de la maison avec beaucoup de succ\u00e8s.<\/p>\t\t\t\t\t\t<\/div>\n\t\t\t\t<\/div>\n\t\t\t\t\t<\/div>\n\t\t<\/div>\n\t\t\t\t\t\t\t<\/div>\n\t\t<\/section>\n\t\t\t\t<section class=\"elementor-section elementor-top-section elementor-element elementor-element-2ba19ab elementor-section-boxed elementor-section-height-default elementor-section-height-default elementor-invisible\" data-id=\"2ba19ab\" data-element_type=\"section\" data-settings=\"{&quot;animation&quot;:&quot;fadeInLeft&quot;}\">\n\t\t\t\t\t\t<div class=\"elementor-container elementor-column-gap-default\">\n\t\t\t\t\t<div class=\"elementor-column elementor-col-66 elementor-top-column elementor-element elementor-element-942e63c layouts-column-align-inherit layouts-section-position-none\" data-id=\"942e63c\" data-element_type=\"column\">\n\t\t\t<div class=\"elementor-widget-wrap elementor-element-populated\">\n\t\t\t\t\t\t\t\t<div class=\"hf-elementor-layout elementor-element elementor-element-0f31710 elementor-widget elementor-widget-section_title\" data-id=\"0f31710\" data-element_type=\"widget\" data-widget_type=\"section_title.default\">\n\t\t\t\t<div class=\"elementor-widget-container\">\n\t\t\t\t<div class=\"left iq-title-box iq-title-default iq-title-box-1\">\n\t\t<div class=\"iq-title-icon\">\n\t\t\t\t\t<\/div>\n\t\t\t\t\t<h5 class=\"iq-title\" >\n\t\t\tSignatures et v\u00e9rification de l'identit\u00e9\t\t<\/h5>\n\t\t\t\t<\/div>\n    \t\t<\/div>\n\t\t\t\t<\/div>\n\t\t\t\t<div class=\"hf-elementor-layout elementor-element elementor-element-981cdd7 elementor-widget elementor-widget-text-editor\" data-id=\"981cdd7\" data-element_type=\"widget\" data-widget_type=\"text-editor.default\">\n\t\t\t\t<div class=\"elementor-widget-container\">\n\t\t\t\t\t\t\tCela ne signifie pas qu'il n'y avait pas de probl\u00e8mes, cependant. Sans l'embauche et l'int\u00e9gration en personne, les contrats de travail et les NDA n'\u00e9taient pas physiquement sign\u00e9s sur des contrats papier. Une signature \u00e9lectronique a \u00e9t\u00e9 utilis\u00e9e dans un document num\u00e9rique, mais ce processus n'\u00e9tait pas s\u00e9curis\u00e9. Il est difficile de prouver que le document sign\u00e9 n'a pas \u00e9t\u00e9 modifi\u00e9 pendant le processus de signature. Un autre inconv\u00e9nient \u00e9tait que l'identit\u00e9 du signataire n'avait pas \u00e9t\u00e9 v\u00e9rifi\u00e9e, ou qu'il \u00e9tait difficile de prouver que le signataire pr\u00e9vu avait vraiment sign\u00e9 le document. Les gens n'\u00e9tant plus l\u00e0 o\u00f9 les documents papier ont \u00e9t\u00e9 cr\u00e9\u00e9s et sign\u00e9s, les outils de signature \u00e9lectronique actuels r\u00e9pondent \u00e0 toutes les exigences de base - mais ils ne peuvent pas fournir une preuve irr\u00e9futable que le signataire a sign\u00e9, ou qu'ils sont m\u00eame qui ils pr\u00e9tendent \u00eatre.\t\t\t\t\t\t<\/div>\n\t\t\t\t<\/div>\n\t\t\t\t\t<\/div>\n\t\t<\/div>\n\t\t\t\t<div class=\"elementor-column elementor-col-33 elementor-top-column elementor-element elementor-element-0854d9f layouts-column-align-inherit layouts-section-position-none\" data-id=\"0854d9f\" data-element_type=\"column\">\n\t\t\t<div class=\"elementor-widget-wrap elementor-element-populated\">\n\t\t\t\t\t\t\t\t<div class=\"hf-elementor-layout elementor-element elementor-element-b62007b elementor-widget elementor-widget-image\" data-id=\"b62007b\" data-element_type=\"widget\" data-widget_type=\"image.default\">\n\t\t\t\t<div class=\"elementor-widget-container\">\n\t\t\t\t\t\t\t\t\t\t\t\t\t\t\t<img decoding=\"async\" width=\"1024\" height=\"683\" src=\"http:\/\/myclawd.alliancetek.net\/wp-content\/uploads\/2023\/04\/Remote-work-2-1024x683.jpg\" class=\"attachment-large size-large wp-image-27519\" alt=\"\" loading=\"lazy\" srcset=\"http:\/\/myclawd.alliancetek.net\/wp-content\/uploads\/2023\/04\/Remote-work-2-1024x683.jpg 1024w, http:\/\/myclawd.alliancetek.net\/wp-content\/uploads\/2023\/04\/Remote-work-2-300x200.jpg 300w, http:\/\/myclawd.alliancetek.net\/wp-content\/uploads\/2023\/04\/Remote-work-2-768x512.jpg 768w, http:\/\/myclawd.alliancetek.net\/wp-content\/uploads\/2023\/04\/Remote-work-2-1536x1024.jpg 1536w, http:\/\/myclawd.alliancetek.net\/wp-content\/uploads\/2023\/04\/Remote-work-2-2048x1365.jpg 2048w, http:\/\/myclawd.alliancetek.net\/wp-content\/uploads\/2023\/04\/Remote-work-2-720x480.jpg 720w\" sizes=\"(min-width: 960px) 75vw, 100vw\" \/>\t\t\t\t\t\t\t\t\t\t\t\t\t\t\t<\/div>\n\t\t\t\t<\/div>\n\t\t\t\t\t<\/div>\n\t\t<\/div>\n\t\t\t\t\t\t\t<\/div>\n\t\t<\/section>\n\t\t\t\t<section class=\"elementor-section elementor-top-section elementor-element elementor-element-f74bf13 elementor-section-boxed elementor-section-height-default elementor-section-height-default elementor-invisible\" data-id=\"f74bf13\" data-element_type=\"section\" data-settings=\"{&quot;animation&quot;:&quot;fadeInLeft&quot;}\">\n\t\t\t\t\t\t<div class=\"elementor-container elementor-column-gap-default\">\n\t\t\t\t\t<div class=\"elementor-column elementor-col-100 elementor-top-column elementor-element elementor-element-3eb70e8 layouts-column-align-inherit layouts-section-position-none\" data-id=\"3eb70e8\" data-element_type=\"column\">\n\t\t\t<div class=\"elementor-widget-wrap elementor-element-populated\">\n\t\t\t\t\t\t\t\t<div class=\"hf-elementor-layout elementor-element elementor-element-455de3b elementor-widget elementor-widget-text-editor\" data-id=\"455de3b\" data-element_type=\"widget\" data-widget_type=\"text-editor.default\">\n\t\t\t\t<div class=\"elementor-widget-container\">\n\t\t\t\t\t\t\t<p>Clawd Technologies r\u00e9sout ce probl\u00e8me en proposant des signatures \u00e9lectroniques UnikSign, avec une valeur probante plus \u00e9lev\u00e9e que les autres produits de signature \u00e9lectronique sur le march\u00e9. Tous les documents sign\u00e9s avec une signature \u00e9lectronique UnikSign v\u00e9rifient que la signature \u00e9lectronique du signataire est valide et qu'ils ont au moins un niveau de v\u00e9rification d'identit\u00e9 de base.<\/p><p>Chaque document sign\u00e9 a des m\u00e9tadonn\u00e9es XMP inject\u00e9es dans le document pour l'encapsuler, garantissant que les signatures ou le document lui-m\u00eame ne peuvent pas \u00eatre modifi\u00e9s ou alt\u00e9r\u00e9s. Chaque document est livr\u00e9 avec un certificat d'ach\u00e8vement, qui contient le nom du signataire, un horodatage bas\u00e9 sur l'emplacement, l'adresse IP et une piste d'audit de toutes les interactions avec le document num\u00e9rique. Clawd Technologies applique une signature pour sceller le document, qui est autoris\u00e9 par Entrust. Ce document est l'original juridique et a la valeur probante la plus \u00e9lev\u00e9e dans un tribunal pour un document num\u00e9rique.<\/p><p>Si vous souhaitez un niveau de s\u00e9curit\u00e9 encore plus \u00e9lev\u00e9, vous pouvez demander \u00e0 vos employ\u00e9s de faire v\u00e9rifier leur identit\u00e9 et d'obtenir un certificat num\u00e9rique avanc\u00e9, reliant leur identit\u00e9 num\u00e9rique \u00e0 leur signature \u00e9lectronique UnikSign. Leur signature \u00e9lectronique a maintenant la m\u00eame validit\u00e9 que leur signature manuscrite et ne peut \u00eatre contest\u00e9e.<\/p><p>Avec des employ\u00e9s v\u00e9rifi\u00e9s, vous pouvez d\u00e9sormais obtenir un certificat num\u00e9rique pour votre organisation et permettre aux employ\u00e9s cl\u00e9s de signer au nom de l'entreprise. UnikSign \u00e9limine les conjectures de savoir avec qui vous travaillez, m\u00eame si vous ne les avez jamais rencontr\u00e9s en personne.<\/p>\t\t\t\t\t\t<\/div>\n\t\t\t\t<\/div>\n\t\t\t\t\t<\/div>\n\t\t<\/div>\n\t\t\t\t\t\t\t<\/div>\n\t\t<\/section>\n\t\t\t\t<section class=\"elementor-section elementor-top-section elementor-element elementor-element-c9c737e elementor-section-boxed elementor-section-height-default elementor-section-height-default elementor-invisible\" data-id=\"c9c737e\" data-element_type=\"section\" data-settings=\"{&quot;animation&quot;:&quot;fadeInRight&quot;}\">\n\t\t\t\t\t\t<div class=\"elementor-container elementor-column-gap-default\">\n\t\t\t\t\t<div class=\"elementor-column elementor-col-33 elementor-top-column elementor-element elementor-element-2b932cd layouts-column-align-inherit layouts-section-position-none\" data-id=\"2b932cd\" data-element_type=\"column\">\n\t\t\t<div class=\"elementor-widget-wrap elementor-element-populated\">\n\t\t\t\t\t\t\t\t<div class=\"hf-elementor-layout elementor-element elementor-element-66cce4b elementor-widget elementor-widget-image\" data-id=\"66cce4b\" data-element_type=\"widget\" data-widget_type=\"image.default\">\n\t\t\t\t<div class=\"elementor-widget-container\">\n\t\t\t\t\t\t\t\t\t\t\t\t\t\t\t<img decoding=\"async\" width=\"1024\" height=\"683\" src=\"http:\/\/myclawd.alliancetek.net\/wp-content\/uploads\/2022\/05\/vault-1-1024x683.jpg\" class=\"attachment-large size-large wp-image-27458\" alt=\"\" loading=\"lazy\" srcset=\"http:\/\/myclawd.alliancetek.net\/wp-content\/uploads\/2022\/05\/vault-1-1024x683.jpg 1024w, http:\/\/myclawd.alliancetek.net\/wp-content\/uploads\/2022\/05\/vault-1-300x200.jpg 300w, http:\/\/myclawd.alliancetek.net\/wp-content\/uploads\/2022\/05\/vault-1-768x512.jpg 768w, http:\/\/myclawd.alliancetek.net\/wp-content\/uploads\/2022\/05\/vault-1-1536x1024.jpg 1536w, http:\/\/myclawd.alliancetek.net\/wp-content\/uploads\/2022\/05\/vault-1-2048x1365.jpg 2048w, http:\/\/myclawd.alliancetek.net\/wp-content\/uploads\/2022\/05\/vault-1-720x480.jpg 720w\" sizes=\"(min-width: 960px) 75vw, 100vw\" \/>\t\t\t\t\t\t\t\t\t\t\t\t\t\t\t<\/div>\n\t\t\t\t<\/div>\n\t\t\t\t\t<\/div>\n\t\t<\/div>\n\t\t\t\t<div class=\"elementor-column elementor-col-66 elementor-top-column elementor-element elementor-element-c43d030 layouts-column-align-inherit layouts-section-position-none\" data-id=\"c43d030\" data-element_type=\"column\">\n\t\t\t<div class=\"elementor-widget-wrap elementor-element-populated\">\n\t\t\t\t\t\t\t\t<div class=\"hf-elementor-layout elementor-element elementor-element-fda5ab2 elementor-widget elementor-widget-section_title\" data-id=\"fda5ab2\" data-element_type=\"widget\" data-widget_type=\"section_title.default\">\n\t\t\t\t<div class=\"elementor-widget-container\">\n\t\t\t\t<div class=\"left iq-title-box iq-title-default iq-title-box-1\">\n\t\t<div class=\"iq-title-icon\">\n\t\t\t\t\t<\/div>\n\t\t\t\t\t<h5 class=\"iq-title\" >\n\t\t\tNum\u00e9risation et stockage s\u00e9curis\u00e9 des documents\t\t<\/h5>\n\t\t\t\t<\/div>\n    \t\t<\/div>\n\t\t\t\t<\/div>\n\t\t\t\t<div class=\"hf-elementor-layout elementor-element elementor-element-b740613 elementor-widget elementor-widget-text-editor\" data-id=\"b740613\" data-element_type=\"widget\" data-widget_type=\"text-editor.default\">\n\t\t\t\t<div class=\"elementor-widget-container\">\n\t\t\t\t\t\t\tLe fait d'\u00eatre physiquement retir\u00e9 du bureau signifie que ces employ\u00e9s ne peuvent pas travailler avec vos dossiers et vos contrats. M\u00eame un employ\u00e9 travaillant \u00e0 distance peut causer des probl\u00e8mes dans un environnement papier. Afin d'\u00eatre efficace et d'offrir un acc\u00e8s \u00e9gal \u00e0 tous vos employ\u00e9s, votre m\u00e9moire institutionnelle doit \u00eatre en format num\u00e9rique. Il est long et injuste de demander aux employ\u00e9s du bureau de chercher du mat\u00e9riel pour ceux qui ne sont pas au bureau et pourrait \u00e9galement cr\u00e9er du ressentiment. Avec des fichiers num\u00e9riques et un acc\u00e8s facile au stockage de documents de n'importe o\u00f9, un employ\u00e9 de votre bureau \u00e0 Chicago peut acc\u00e9der \u00e0 un contrat aussi facilement et rapidement qu'un employ\u00e9 travaillant \u00e0 distance en Australie.\t\t\t\t\t\t<\/div>\n\t\t\t\t<\/div>\n\t\t\t\t\t<\/div>\n\t\t<\/div>\n\t\t\t\t\t\t\t<\/div>\n\t\t<\/section>\n\t\t\t\t<section class=\"elementor-section elementor-top-section elementor-element elementor-element-d2c3dad elementor-section-boxed elementor-section-height-default elementor-section-height-default\" data-id=\"d2c3dad\" data-element_type=\"section\">\n\t\t\t\t\t\t<div class=\"elementor-container elementor-column-gap-default\">\n\t\t\t\t\t<div class=\"elementor-column elementor-col-100 elementor-top-column elementor-element elementor-element-6e791d3 layouts-column-align-inherit layouts-section-position-none\" data-id=\"6e791d3\" data-element_type=\"column\">\n\t\t\t<div class=\"elementor-widget-wrap elementor-element-populated\">\n\t\t\t\t\t\t\t\t<div class=\"hf-elementor-layout elementor-element elementor-element-d76ab2a elementor-widget elementor-widget-text-editor\" data-id=\"d76ab2a\" data-element_type=\"widget\" data-widget_type=\"text-editor.default\">\n\t\t\t\t<div class=\"elementor-widget-container\">\n\t\t\t\t\t\t\t<p>Non seulement toutes les informations sont faciles \u00e0 trouver via la recherche OCR, l'indexation et les balises, mais les droits d'acc\u00e8s aux documents et aux dossiers sont enti\u00e8rement personnalisables. Assurez-vous qu'un employ\u00e9 ne verra pas quelque chose qu'il ne devrait pas voir.<\/p>\t\t\t\t\t\t<\/div>\n\t\t\t\t<\/div>\n\t\t\t\t\t<\/div>\n\t\t<\/div>\n\t\t\t\t\t\t\t<\/div>\n\t\t<\/section>\n\t\t\t\t\t\t\t<\/div>","protected":false},"excerpt":{"rendered":"<p>Empower remote and hybrid work teams Allow your employees to access documents anywhere Even before the pandemic, many people worked from home and some organizations were completely remote. What the pandemic did, though, was make the world aware that most white-collar jobs could be performed remotely from home very successfully. Signatures and identity verification This [&hellip;]<\/p>","protected":false},"author":1,"featured_media":0,"parent":0,"menu_order":0,"comment_status":"closed","ping_status":"closed","template":"","meta":[],"acf":[],"_links":{"self":[{"href":"http:\/\/myclawd.alliancetek.net\/fr\/wp-json\/wp\/v2\/pages\/26543"}],"collection":[{"href":"http:\/\/myclawd.alliancetek.net\/fr\/wp-json\/wp\/v2\/pages"}],"about":[{"href":"http:\/\/myclawd.alliancetek.net\/fr\/wp-json\/wp\/v2\/types\/page"}],"author":[{"embeddable":true,"href":"http:\/\/myclawd.alliancetek.net\/fr\/wp-json\/wp\/v2\/users\/1"}],"replies":[{"embeddable":true,"href":"http:\/\/myclawd.alliancetek.net\/fr\/wp-json\/wp\/v2\/comments?post=26543"}],"version-history":[{"count":33,"href":"http:\/\/myclawd.alliancetek.net\/fr\/wp-json\/wp\/v2\/pages\/26543\/revisions"}],"predecessor-version":[{"id":28032,"href":"http:\/\/myclawd.alliancetek.net\/fr\/wp-json\/wp\/v2\/pages\/26543\/revisions\/28032"}],"wp:attachment":[{"href":"http:\/\/myclawd.alliancetek.net\/fr\/wp-json\/wp\/v2\/media?parent=26543"}],"curies":[{"name":"wp","href":"https:\/\/api.w.org\/{rel}","templated":true}]}}