{"id":26541,"date":"2023-02-15T10:55:58","date_gmt":"2023-02-15T10:55:58","guid":{"rendered":"http:\/\/myclawd.alliancetek.net\/?page_id=26541"},"modified":"2023-06-07T09:53:46","modified_gmt":"2023-06-07T09:53:46","slug":"legally-authentic-verification","status":"publish","type":"page","link":"http:\/\/myclawd.alliancetek.net\/fr\/legally-authentic-verification\/","title":{"rendered":"V\u00e9rification juridiquement authentique"},"content":{"rendered":"<div data-elementor-type=\"wp-page\" data-elementor-id=\"26541\" class=\"elementor elementor-26541\">\n\t\t\t\t\t\t\t\t\t<section class=\"elementor-section elementor-top-section elementor-element elementor-element-a21ef21 elementor-section-boxed elementor-section-height-default elementor-section-height-default elementor-invisible\" data-id=\"a21ef21\" data-element_type=\"section\" data-settings=\"{&quot;animation&quot;:&quot;fadeInDown&quot;}\">\n\t\t\t\t\t\t<div class=\"elementor-container elementor-column-gap-default\">\n\t\t\t\t\t<div class=\"elementor-column elementor-col-33 elementor-top-column elementor-element elementor-element-af17550 layouts-column-align-inherit layouts-section-position-none\" data-id=\"af17550\" data-element_type=\"column\">\n\t\t\t<div class=\"elementor-widget-wrap elementor-element-populated\">\n\t\t\t\t\t\t\t\t<div class=\"hf-elementor-layout elementor-element elementor-element-20f2ecf elementor-widget elementor-widget-image\" data-id=\"20f2ecf\" data-element_type=\"widget\" data-widget_type=\"image.default\">\n\t\t\t\t<div class=\"elementor-widget-container\">\n\t\t\t<style>\/*! elementor - v3.11.1 - 15-02-2023 *\/\n.elementor-widget-image{text-align:center}.elementor-widget-image a{display:inline-block}.elementor-widget-image a img[src$=\".svg\"]{width:48px}.elementor-widget-image img{vertical-align:middle;display:inline-block}<\/style>\t\t\t\t\t\t\t\t\t\t\t\t<img decoding=\"async\" width=\"1024\" height=\"722\" src=\"http:\/\/myclawd.alliancetek.net\/wp-content\/uploads\/2023\/04\/1-Legally-Authentic-1024x722.jpg\" class=\"attachment-large size-large wp-image-27487\" alt=\"\" loading=\"lazy\" srcset=\"http:\/\/myclawd.alliancetek.net\/wp-content\/uploads\/2023\/04\/1-Legally-Authentic-1024x722.jpg 1024w, http:\/\/myclawd.alliancetek.net\/wp-content\/uploads\/2023\/04\/1-Legally-Authentic-300x211.jpg 300w, http:\/\/myclawd.alliancetek.net\/wp-content\/uploads\/2023\/04\/1-Legally-Authentic-768x541.jpg 768w, http:\/\/myclawd.alliancetek.net\/wp-content\/uploads\/2023\/04\/1-Legally-Authentic-1536x1083.jpg 1536w, http:\/\/myclawd.alliancetek.net\/wp-content\/uploads\/2023\/04\/1-Legally-Authentic-2048x1444.jpg 2048w\" sizes=\"(min-width: 960px) 75vw, 100vw\" \/>\t\t\t\t\t\t\t\t\t\t\t\t\t\t\t<\/div>\n\t\t\t\t<\/div>\n\t\t\t\t\t<\/div>\n\t\t<\/div>\n\t\t\t\t<div class=\"elementor-column elementor-col-66 elementor-top-column elementor-element elementor-element-2a10304 layouts-column-align-inherit layouts-section-position-none\" data-id=\"2a10304\" data-element_type=\"column\">\n\t\t\t<div class=\"elementor-widget-wrap elementor-element-populated\">\n\t\t\t\t\t\t\t\t<div class=\"hf-elementor-layout elementor-element elementor-element-8b65f29 elementor-widget elementor-widget-section_title\" data-id=\"8b65f29\" data-element_type=\"widget\" data-widget_type=\"section_title.default\">\n\t\t\t\t<div class=\"elementor-widget-container\">\n\t\t\t\t<div class=\"left iq-title-box iq-title-default iq-title-box-1\">\n\t\t<div class=\"iq-title-icon\">\n\t\t\t\t\t<\/div>\n\t\t\t\t\t<h5 class=\"iq-title\" >\n\t\t\tCr\u00e9ez des pdfs num\u00e9riques avec une valeur probante si \u00e9lev\u00e9e qu'ils deviennent des originaux num\u00e9riques\t\t<\/h5>\n\t\t\t<span class=\"iq-subtitle\">Convert your paper documents into digital originals \u2013 then delete your paper<\/span>\t<\/div>\n    \t\t<\/div>\n\t\t\t\t<\/div>\n\t\t\t\t<div class=\"hf-elementor-layout elementor-element elementor-element-4c6999b elementor-widget elementor-widget-text-editor\" data-id=\"4c6999b\" data-element_type=\"widget\" data-widget_type=\"text-editor.default\">\n\t\t\t\t<div class=\"elementor-widget-container\">\n\t\t\t<style>\/*! elementor - v3.11.1 - 15-02-2023 *\/\n.elementor-widget-text-editor.elementor-drop-cap-view-stacked .elementor-drop-cap{background-color:#818a91;color:#fff}.elementor-widget-text-editor.elementor-drop-cap-view-framed .elementor-drop-cap{color:#818a91;border:3px solid;background-color:transparent}.elementor-widget-text-editor:not(.elementor-drop-cap-view-default) .elementor-drop-cap{margin-top:8px}.elementor-widget-text-editor:not(.elementor-drop-cap-view-default) .elementor-drop-cap-letter{width:1em;height:1em}.elementor-widget-text-editor .elementor-drop-cap{float:left;text-align:center;line-height:1;font-size:50px}.elementor-widget-text-editor .elementor-drop-cap-letter{display:inline-block}<\/style>\t\t\t\t<p>Saviez-vous que dans tous les autres processus de num\u00e9risation, vous devez toujours conserver 100% de vos documents? C'est parce que vos documents papier sont toujours les originaux, et les versions num\u00e9riques sont des copies.<\/p><p>Clawd Technologies a d\u00e9velopp\u00e9 une formule brevet\u00e9e pour entreprendre le processus de num\u00e9risation juridiquement authentique de mani\u00e8re \u00e0 ce que, une fois termin\u00e9s, vos documents papier puissent \u00eatre d\u00e9truits.<\/p><p>Aucun autre logiciel ne peut atteindre ce niveau de validit\u00e9 juridique pour les documents num\u00e9ris\u00e9s. Notre logiciel vous permet de vous lib\u00e9rer du papier et de passer \u00e0 un moyen de transaction sans papier.<\/p>\t\t\t\t\t\t<\/div>\n\t\t\t\t<\/div>\n\t\t\t\t\t<\/div>\n\t\t<\/div>\n\t\t\t\t\t\t\t<\/div>\n\t\t<\/section>\n\t\t\t\t<section class=\"elementor-section elementor-top-section elementor-element elementor-element-7d7a02e elementor-section-boxed elementor-section-height-default elementor-section-height-default\" data-id=\"7d7a02e\" data-element_type=\"section\">\n\t\t\t\t\t\t<div class=\"elementor-container elementor-column-gap-default\">\n\t\t\t\t\t<div class=\"elementor-column elementor-col-100 elementor-top-column elementor-element elementor-element-d8383e6 layouts-column-align-inherit layouts-section-position-none\" data-id=\"d8383e6\" data-element_type=\"column\">\n\t\t\t<div class=\"elementor-widget-wrap elementor-element-populated\">\n\t\t\t\t\t\t\t\t<div class=\"hf-elementor-layout elementor-element elementor-element-f5d1793 elementor-widget elementor-widget-text-editor\" data-id=\"f5d1793\" data-element_type=\"widget\" data-widget_type=\"text-editor.default\">\n\t\t\t\t<div class=\"elementor-widget-container\">\n\t\t\t\t\t\t\t<p>Si vous cr\u00e9ez des documents papier \u00e0 l'avenir, il n'y a pas de souci car ils peuvent imm\u00e9diatement passer par le logiciel DocuTrail pour devenir des originaux num\u00e9riques, \u00e9liminant ainsi les co\u00fbts et les efforts pour les stocker dans un format physique. Cela permet \u00e9galement \u00e0 toute votre documentation de rester dans le m\u00eame format, au lieu de m\u00e9langer le papier, le num\u00e9rique et d'autres formats multim\u00e9dias.<\/p><p>Pour passer sans papier, consultez notre processus ci-dessous.<\/p>\t\t\t\t\t\t<\/div>\n\t\t\t\t<\/div>\n\t\t\t\t\t<\/div>\n\t\t<\/div>\n\t\t\t\t\t\t\t<\/div>\n\t\t<\/section>\n\t\t\t\t<section class=\"elementor-section elementor-top-section elementor-element elementor-element-07f72f6 elementor-section-boxed elementor-section-height-default elementor-section-height-default elementor-invisible\" data-id=\"07f72f6\" data-element_type=\"section\" data-settings=\"{&quot;animation&quot;:&quot;fadeInLeft&quot;}\">\n\t\t\t\t\t\t<div class=\"elementor-container elementor-column-gap-default\">\n\t\t\t\t\t<div class=\"elementor-column elementor-col-66 elementor-top-column elementor-element elementor-element-e19af39 layouts-column-align-inherit layouts-section-position-none\" data-id=\"e19af39\" data-element_type=\"column\">\n\t\t\t<div class=\"elementor-widget-wrap elementor-element-populated\">\n\t\t\t\t\t\t\t\t<div class=\"hf-elementor-layout elementor-element elementor-element-26636a0 elementor-widget elementor-widget-section_title\" data-id=\"26636a0\" data-element_type=\"widget\" data-widget_type=\"section_title.default\">\n\t\t\t\t<div class=\"elementor-widget-container\">\n\t\t\t\t<div class=\"left iq-title-box iq-title-default iq-title-box-1\">\n\t\t<div class=\"iq-title-icon\">\n\t\t\t\t\t<\/div>\n\t\t\t\t\t<h5 class=\"iq-title\" >\n\t\t\tNotre processus de num\u00e9risation\t\t<\/h5>\n\t\t\t\t<\/div>\n    \t\t<\/div>\n\t\t\t\t<\/div>\n\t\t\t\t<div class=\"hf-elementor-layout elementor-element elementor-element-35e1232 elementor-widget elementor-widget-text-editor\" data-id=\"35e1232\" data-element_type=\"widget\" data-widget_type=\"text-editor.default\">\n\t\t\t\t<div class=\"elementor-widget-container\">\n\t\t\t\t\t\t\t<ul style=\"margin-bottom: 0px;\">\n \t<li>Identifiez les documents qui doivent \u00eatre num\u00e9ris\u00e9s. D\u00e9signez au moins une personne de votre organisation pour qu'elle soit v\u00e9rifi\u00e9e par le processus de v\u00e9rification de la signature \u00e9lectronique et de l'identit\u00e9 num\u00e9rique Clawd, ce qui garantit que la cha\u00eene de possession reste intacte.<\/li>\n \t<li>Trouvez un fournisseur de services approuv\u00e9 qui se trouve dans le r\u00e9seau Clawd.<\/li>\n \t<li>Affectez un gestionnaire d'enregistrements qui s'assurera que les documents num\u00e9ris\u00e9s contiennent exactement les m\u00eames informations que les documents papier en cours de num\u00e9risation.<\/li>\n \t<li>Ouvrez les bons de travail pour que les documents soient num\u00e9ris\u00e9s.<\/li>\n \t<li>Le processus d'approbation dans DocuTrail garantira que chaque document est encapsul\u00e9 avec des m\u00e9tadonn\u00e9es, sign\u00e9 par les participants, re\u00e7u un certificat d'ach\u00e8vement, et un sceau de signature est appliqu\u00e9 par Clawd Technologies, soutenu par Entrust. Le document qui a \u00e9t\u00e9 num\u00e9ris\u00e9 est maintenant l'original aux yeux de la loi.<\/li>\n<\/ul>\t\t\t\t\t\t<\/div>\n\t\t\t\t<\/div>\n\t\t\t\t\t<\/div>\n\t\t<\/div>\n\t\t\t\t<div class=\"elementor-column elementor-col-33 elementor-top-column elementor-element elementor-element-1353dd7 layouts-column-align-inherit layouts-section-position-none\" data-id=\"1353dd7\" data-element_type=\"column\">\n\t\t\t<div class=\"elementor-widget-wrap elementor-element-populated\">\n\t\t\t\t\t\t\t\t<div class=\"hf-elementor-layout elementor-element elementor-element-74ba1eb elementor-widget elementor-widget-image\" data-id=\"74ba1eb\" data-element_type=\"widget\" data-widget_type=\"image.default\">\n\t\t\t\t<div class=\"elementor-widget-container\">\n\t\t\t\t\t\t\t\t\t\t\t\t\t\t\t<img decoding=\"async\" width=\"1024\" height=\"683\" src=\"http:\/\/myclawd.alliancetek.net\/wp-content\/uploads\/2023\/04\/2-Legally-Authentic-1024x683.jpg\" class=\"attachment-large size-large wp-image-27488\" alt=\"\" loading=\"lazy\" srcset=\"http:\/\/myclawd.alliancetek.net\/wp-content\/uploads\/2023\/04\/2-Legally-Authentic-1024x683.jpg 1024w, http:\/\/myclawd.alliancetek.net\/wp-content\/uploads\/2023\/04\/2-Legally-Authentic-300x200.jpg 300w, http:\/\/myclawd.alliancetek.net\/wp-content\/uploads\/2023\/04\/2-Legally-Authentic-768x512.jpg 768w, http:\/\/myclawd.alliancetek.net\/wp-content\/uploads\/2023\/04\/2-Legally-Authentic-1536x1024.jpg 1536w, http:\/\/myclawd.alliancetek.net\/wp-content\/uploads\/2023\/04\/2-Legally-Authentic-2048x1365.jpg 2048w, http:\/\/myclawd.alliancetek.net\/wp-content\/uploads\/2023\/04\/2-Legally-Authentic-720x480.jpg 720w\" sizes=\"(min-width: 960px) 75vw, 100vw\" \/>\t\t\t\t\t\t\t\t\t\t\t\t\t\t\t<\/div>\n\t\t\t\t<\/div>\n\t\t\t\t\t<\/div>\n\t\t<\/div>\n\t\t\t\t\t\t\t<\/div>\n\t\t<\/section>\n\t\t\t\t<section class=\"elementor-section elementor-top-section elementor-element elementor-element-7d44601 animated-slow elementor-section-boxed elementor-section-height-default elementor-section-height-default elementor-invisible\" data-id=\"7d44601\" data-element_type=\"section\" data-settings=\"{&quot;animation&quot;:&quot;fadeInLeft&quot;}\">\n\t\t\t\t\t\t<div class=\"elementor-container elementor-column-gap-default\">\n\t\t\t\t\t<div class=\"elementor-column elementor-col-100 elementor-top-column elementor-element elementor-element-7279e22 layouts-column-align-inherit layouts-section-position-none\" data-id=\"7279e22\" data-element_type=\"column\">\n\t\t\t<div class=\"elementor-widget-wrap elementor-element-populated\">\n\t\t\t\t\t\t\t\t<div class=\"hf-elementor-layout elementor-element elementor-element-f81c250 elementor-widget elementor-widget-text-editor\" data-id=\"f81c250\" data-element_type=\"widget\" data-widget_type=\"text-editor.default\">\n\t\t\t\t<div class=\"elementor-widget-container\">\n\t\t\t\t\t\t\t<ul style=\"margin-top: -12px;\">\n<li>Une fois les bons de travail termin\u00e9s, une v\u00e9rification finale est effectu\u00e9e pour s'assurer que tous les documents ont \u00e9t\u00e9 num\u00e9ris\u00e9s et sont comptabilis\u00e9s.<\/li>\n<\/ul>\nLe bon de travail est ferm\u00e9 et les documents papier sont retourn\u00e9s, archiv\u00e9s de fa\u00e7on permanente ou d\u00e9truits.\t\t\t\t\t\t<\/div>\n\t\t\t\t<\/div>\n\t\t\t\t\t<\/div>\n\t\t<\/div>\n\t\t\t\t\t\t\t<\/div>\n\t\t<\/section>\n\t\t\t\t\t\t\t<\/div>","protected":false},"excerpt":{"rendered":"<p>Create digital PDFs with such high probative value that they become digital originals Convert your paper documents into digital originals \u2013 then delete your paper Did you know that in all other digitization processes, you still need to keep 100% of your documents? That\u2019s because your paper documents are still the originals, and the digital [&hellip;]<\/p>","protected":false},"author":1,"featured_media":0,"parent":0,"menu_order":0,"comment_status":"closed","ping_status":"closed","template":"","meta":[],"acf":[],"_links":{"self":[{"href":"http:\/\/myclawd.alliancetek.net\/fr\/wp-json\/wp\/v2\/pages\/26541"}],"collection":[{"href":"http:\/\/myclawd.alliancetek.net\/fr\/wp-json\/wp\/v2\/pages"}],"about":[{"href":"http:\/\/myclawd.alliancetek.net\/fr\/wp-json\/wp\/v2\/types\/page"}],"author":[{"embeddable":true,"href":"http:\/\/myclawd.alliancetek.net\/fr\/wp-json\/wp\/v2\/users\/1"}],"replies":[{"embeddable":true,"href":"http:\/\/myclawd.alliancetek.net\/fr\/wp-json\/wp\/v2\/comments?post=26541"}],"version-history":[{"count":29,"href":"http:\/\/myclawd.alliancetek.net\/fr\/wp-json\/wp\/v2\/pages\/26541\/revisions"}],"predecessor-version":[{"id":28023,"href":"http:\/\/myclawd.alliancetek.net\/fr\/wp-json\/wp\/v2\/pages\/26541\/revisions\/28023"}],"wp:attachment":[{"href":"http:\/\/myclawd.alliancetek.net\/fr\/wp-json\/wp\/v2\/media?parent=26541"}],"curies":[{"name":"wp","href":"https:\/\/api.w.org\/{rel}","templated":true}]}}