{"id":26539,"date":"2023-02-15T10:55:32","date_gmt":"2023-02-15T10:55:32","guid":{"rendered":"http:\/\/myclawd.alliancetek.net\/?page_id=26539"},"modified":"2023-06-07T09:47:57","modified_gmt":"2023-06-07T09:47:57","slug":"get-verified","status":"publish","type":"page","link":"http:\/\/myclawd.alliancetek.net\/fr\/get-verified\/","title":{"rendered":"Faites-vous v\u00e9rifier"},"content":{"rendered":"<div data-elementor-type=\"wp-page\" data-elementor-id=\"26539\" class=\"elementor elementor-26539\">\n\t\t\t\t\t\t\t\t\t<section class=\"elementor-section elementor-top-section elementor-element elementor-element-6bcb024 elementor-section-boxed elementor-section-height-default elementor-section-height-default elementor-invisible\" data-id=\"6bcb024\" data-element_type=\"section\" data-settings=\"{&quot;animation&quot;:&quot;fadeInDown&quot;}\">\n\t\t\t\t\t\t<div class=\"elementor-container elementor-column-gap-default\">\n\t\t\t\t\t<div class=\"elementor-column elementor-col-33 elementor-top-column elementor-element elementor-element-ff25949 layouts-column-align-inherit layouts-section-position-none\" data-id=\"ff25949\" data-element_type=\"column\">\n\t\t\t<div class=\"elementor-widget-wrap elementor-element-populated\">\n\t\t\t\t\t\t\t\t<div class=\"hf-elementor-layout elementor-element elementor-element-749b87c elementor-widget elementor-widget-image\" data-id=\"749b87c\" data-element_type=\"widget\" data-widget_type=\"image.default\">\n\t\t\t\t<div class=\"elementor-widget-container\">\n\t\t\t<style>\/*! elementor - v3.11.1 - 15-02-2023 *\/\n.elementor-widget-image{text-align:center}.elementor-widget-image a{display:inline-block}.elementor-widget-image a img[src$=\".svg\"]{width:48px}.elementor-widget-image img{vertical-align:middle;display:inline-block}<\/style>\t\t\t\t\t\t\t\t\t\t\t\t<img decoding=\"async\" width=\"1024\" height=\"683\" src=\"http:\/\/myclawd.alliancetek.net\/wp-content\/uploads\/2023\/04\/Get-Verified-1-1024x683.jpg\" class=\"attachment-large size-large wp-image-27705\" alt=\"\" loading=\"lazy\" srcset=\"http:\/\/myclawd.alliancetek.net\/wp-content\/uploads\/2023\/04\/Get-Verified-1-1024x683.jpg 1024w, http:\/\/myclawd.alliancetek.net\/wp-content\/uploads\/2023\/04\/Get-Verified-1-300x200.jpg 300w, http:\/\/myclawd.alliancetek.net\/wp-content\/uploads\/2023\/04\/Get-Verified-1-768x512.jpg 768w, http:\/\/myclawd.alliancetek.net\/wp-content\/uploads\/2023\/04\/Get-Verified-1-1536x1024.jpg 1536w, http:\/\/myclawd.alliancetek.net\/wp-content\/uploads\/2023\/04\/Get-Verified-1-2048x1365.jpg 2048w, http:\/\/myclawd.alliancetek.net\/wp-content\/uploads\/2023\/04\/Get-Verified-1-720x480.jpg 720w\" sizes=\"(min-width: 960px) 75vw, 100vw\" \/>\t\t\t\t\t\t\t\t\t\t\t\t\t\t\t<\/div>\n\t\t\t\t<\/div>\n\t\t\t\t\t<\/div>\n\t\t<\/div>\n\t\t\t\t<div class=\"elementor-column elementor-col-66 elementor-top-column elementor-element elementor-element-c00e6a4 layouts-column-align-inherit layouts-section-position-none\" data-id=\"c00e6a4\" data-element_type=\"column\">\n\t\t\t<div class=\"elementor-widget-wrap elementor-element-populated\">\n\t\t\t\t\t\t\t\t<div class=\"hf-elementor-layout elementor-element elementor-element-6bb1fd9 elementor-widget elementor-widget-section_title\" data-id=\"6bb1fd9\" data-element_type=\"widget\" data-widget_type=\"section_title.default\">\n\t\t\t\t<div class=\"elementor-widget-container\">\n\t\t\t\t<div class=\"left iq-title-box iq-title-default iq-title-box-1\">\n\t\t<div class=\"iq-title-icon\">\n\t\t\t\t\t<\/div>\n\t\t\t\t\t<h5 class=\"iq-title\" >\n\t\t\tVotre identit\u00e9 num\u00e9rique est votre passeport pour le monde num\u00e9rique\t\t<\/h5>\n\t\t\t<span class=\"iq-subtitle\">Link your eSignature to your verified digital identity<\/span>\t<\/div>\n    \t\t<\/div>\n\t\t\t\t<\/div>\n\t\t\t\t<div class=\"hf-elementor-layout elementor-element elementor-element-84f63a1 elementor-widget elementor-widget-text-editor\" data-id=\"84f63a1\" data-element_type=\"widget\" data-widget_type=\"text-editor.default\">\n\t\t\t\t<div class=\"elementor-widget-container\">\n\t\t\t<style>\/*! elementor - v3.11.1 - 15-02-2023 *\/\n.elementor-widget-text-editor.elementor-drop-cap-view-stacked .elementor-drop-cap{background-color:#818a91;color:#fff}.elementor-widget-text-editor.elementor-drop-cap-view-framed .elementor-drop-cap{color:#818a91;border:3px solid;background-color:transparent}.elementor-widget-text-editor:not(.elementor-drop-cap-view-default) .elementor-drop-cap{margin-top:8px}.elementor-widget-text-editor:not(.elementor-drop-cap-view-default) .elementor-drop-cap-letter{width:1em;height:1em}.elementor-widget-text-editor .elementor-drop-cap{float:left;text-align:center;line-height:1;font-size:50px}.elementor-widget-text-editor .elementor-drop-cap-letter{display:inline-block}<\/style>\t\t\t\t<p>Signatures \u00e9lectroniques? Nous avons ce qu'il en est. Passez au monde num\u00e9rique en connectant votre identit\u00e9 physique \u00e0 votre eSignature et \u00e0 votre identit\u00e9 num\u00e9rique v\u00e9rifi\u00e9e.<\/p><p>Votre identit\u00e9 num\u00e9rique v\u00e9rifi\u00e9e est reconnue \u00e0 l'\u00e9chelle internationale et inviolable. Faites v\u00e9rifier votre identit\u00e9 par UnikSign et transformez votre eSignature en une signature num\u00e9rique qui a la m\u00eame valeur juridique que votre signature manuscrite. Pour ce faire, vous liez votre signature \u00e9lectronique \u00e0 votre identit\u00e9 num\u00e9rique v\u00e9rifi\u00e9e.<\/p><p>Avec diff\u00e9rents niveaux de v\u00e9rification, cela permet une v\u00e9rification d'identit\u00e9 \u00e0 distance et une signature s\u00e9curis\u00e9e \u00e0 l'aide d'un certificat num\u00e9rique avanc\u00e9: votre identit\u00e9 num\u00e9rique v\u00e9rifi\u00e9e, votre passeport pour le monde num\u00e9rique. Toute personne ou entreprise peut \u00eatre v\u00e9rifi\u00e9e.<\/p>\t\t\t\t\t\t<\/div>\n\t\t\t\t<\/div>\n\t\t\t\t\t<\/div>\n\t\t<\/div>\n\t\t\t\t\t\t\t<\/div>\n\t\t<\/section>\n\t\t\t\t<section class=\"elementor-section elementor-top-section elementor-element elementor-element-29cce33 elementor-section-boxed elementor-section-height-default elementor-section-height-default elementor-invisible\" data-id=\"29cce33\" data-element_type=\"section\" data-settings=\"{&quot;animation&quot;:&quot;fadeInLeft&quot;}\">\n\t\t\t\t\t\t<div class=\"elementor-container elementor-column-gap-default\">\n\t\t\t\t\t<div class=\"elementor-column elementor-col-66 elementor-top-column elementor-element elementor-element-4fb548a layouts-column-align-inherit layouts-section-position-none\" data-id=\"4fb548a\" data-element_type=\"column\">\n\t\t\t<div class=\"elementor-widget-wrap elementor-element-populated\">\n\t\t\t\t\t\t\t\t<div class=\"hf-elementor-layout elementor-element elementor-element-cd32161 elementor-widget elementor-widget-section_title\" data-id=\"cd32161\" data-element_type=\"widget\" data-widget_type=\"section_title.default\">\n\t\t\t\t<div class=\"elementor-widget-container\">\n\t\t\t\t<div class=\"left iq-title-box iq-title-default iq-title-box-1\">\n\t\t<div class=\"iq-title-icon\">\n\t\t\t\t\t<\/div>\n\t\t\t\t\t<h5 class=\"iq-title\" >\n\t\t\tNotre processus de v\u00e9rification\t\t<\/h5>\n\t\t\t\t<\/div>\n    \t\t<\/div>\n\t\t\t\t<\/div>\n\t\t\t\t<div class=\"hf-elementor-layout elementor-element elementor-element-143543d elementor-widget elementor-widget-text-editor\" data-id=\"143543d\" data-element_type=\"widget\" data-widget_type=\"text-editor.default\">\n\t\t\t\t<div class=\"elementor-widget-container\">\n\t\t\t\t\t\t\t<ol><li>Configurez votre eSignature dans UnikSign. Une fois cela fait, s\u00e9lectionnez la demande de v\u00e9rification d'identit\u00e9 pour une personne ou une entit\u00e9, si vous voulez faire v\u00e9rifier votre entreprise.<\/li><li>T\u00e9l\u00e9chargez vos pi\u00e8ces d'identit\u00e9 \u2013 passeport ou autre pi\u00e8ce d'identit\u00e9 \u00e9mise par le gouvernement. Pour v\u00e9rifier une entit\u00e9, t\u00e9l\u00e9chargez les documents commerciaux appropri\u00e9s.<\/li><li>Planifiez une r\u00e9union rapide avec une autorit\u00e9 d'enregistrement (un avocat ou un notaire en r\u00e8gle) qui fait partie du r\u00e9seau UnikSign.<\/li><li>Une fois approuv\u00e9, vous recevrez votre certificat d'identit\u00e9 num\u00e9rique avanc\u00e9 dans votre compte UnikSign.<\/li><\/ol><p>Des niveaux de v\u00e9rification avanc\u00e9s peuvent \u00eatre effectu\u00e9s pour les entit\u00e9s suivant le m\u00eame processus. <\/p>\t\t\t\t\t\t<\/div>\n\t\t\t\t<\/div>\n\t\t\t\t\t<\/div>\n\t\t<\/div>\n\t\t\t\t<div class=\"elementor-column elementor-col-33 elementor-top-column elementor-element elementor-element-1d5aa1e layouts-column-align-inherit layouts-section-position-none\" data-id=\"1d5aa1e\" data-element_type=\"column\">\n\t\t\t<div class=\"elementor-widget-wrap elementor-element-populated\">\n\t\t\t\t\t\t\t\t<div class=\"hf-elementor-layout elementor-element elementor-element-1ba1d07 elementor-widget elementor-widget-image\" data-id=\"1ba1d07\" data-element_type=\"widget\" data-widget_type=\"image.default\">\n\t\t\t\t<div class=\"elementor-widget-container\">\n\t\t\t\t\t\t\t\t\t\t\t\t\t\t\t<img decoding=\"async\" width=\"1024\" height=\"529\" src=\"http:\/\/myclawd.alliancetek.net\/wp-content\/uploads\/2023\/04\/Get-Verified-2-1024x529.jpg\" class=\"attachment-large size-large wp-image-27482\" alt=\"\" loading=\"lazy\" srcset=\"http:\/\/myclawd.alliancetek.net\/wp-content\/uploads\/2023\/04\/Get-Verified-2-1024x529.jpg 1024w, http:\/\/myclawd.alliancetek.net\/wp-content\/uploads\/2023\/04\/Get-Verified-2-300x155.jpg 300w, http:\/\/myclawd.alliancetek.net\/wp-content\/uploads\/2023\/04\/Get-Verified-2-768x397.jpg 768w, http:\/\/myclawd.alliancetek.net\/wp-content\/uploads\/2023\/04\/Get-Verified-2-1536x794.jpg 1536w, http:\/\/myclawd.alliancetek.net\/wp-content\/uploads\/2023\/04\/Get-Verified-2-2048x1058.jpg 2048w\" sizes=\"(min-width: 960px) 75vw, 100vw\" \/>\t\t\t\t\t\t\t\t\t\t\t\t\t\t\t<\/div>\n\t\t\t\t<\/div>\n\t\t\t\t\t<\/div>\n\t\t<\/div>\n\t\t\t\t\t\t\t<\/div>\n\t\t<\/section>\n\t\t\t\t<section class=\"elementor-section elementor-top-section elementor-element elementor-element-b91083b elementor-section-boxed elementor-section-height-default elementor-section-height-default elementor-invisible\" data-id=\"b91083b\" data-element_type=\"section\" data-settings=\"{&quot;animation&quot;:&quot;fadeInRight&quot;}\">\n\t\t\t\t\t\t<div class=\"elementor-container elementor-column-gap-default\">\n\t\t\t\t\t<div class=\"elementor-column elementor-col-33 elementor-top-column elementor-element elementor-element-ee21b9a layouts-column-align-inherit layouts-section-position-none\" data-id=\"ee21b9a\" data-element_type=\"column\">\n\t\t\t<div class=\"elementor-widget-wrap elementor-element-populated\">\n\t\t\t\t\t\t\t\t<div class=\"hf-elementor-layout elementor-element elementor-element-1ed1153 elementor-widget elementor-widget-image\" data-id=\"1ed1153\" data-element_type=\"widget\" data-widget_type=\"image.default\">\n\t\t\t\t<div class=\"elementor-widget-container\">\n\t\t\t\t\t\t\t\t\t\t\t\t\t\t\t<img decoding=\"async\" width=\"1024\" height=\"683\" src=\"http:\/\/myclawd.alliancetek.net\/wp-content\/uploads\/2023\/04\/Get-Verified-3-1024x683.jpg\" class=\"attachment-large size-large wp-image-27483\" alt=\"\" loading=\"lazy\" srcset=\"http:\/\/myclawd.alliancetek.net\/wp-content\/uploads\/2023\/04\/Get-Verified-3-1024x683.jpg 1024w, http:\/\/myclawd.alliancetek.net\/wp-content\/uploads\/2023\/04\/Get-Verified-3-300x200.jpg 300w, http:\/\/myclawd.alliancetek.net\/wp-content\/uploads\/2023\/04\/Get-Verified-3-768x512.jpg 768w, http:\/\/myclawd.alliancetek.net\/wp-content\/uploads\/2023\/04\/Get-Verified-3-1536x1024.jpg 1536w, http:\/\/myclawd.alliancetek.net\/wp-content\/uploads\/2023\/04\/Get-Verified-3-2048x1365.jpg 2048w, http:\/\/myclawd.alliancetek.net\/wp-content\/uploads\/2023\/04\/Get-Verified-3-720x480.jpg 720w\" sizes=\"(min-width: 960px) 75vw, 100vw\" \/>\t\t\t\t\t\t\t\t\t\t\t\t\t\t\t<\/div>\n\t\t\t\t<\/div>\n\t\t\t\t\t<\/div>\n\t\t<\/div>\n\t\t\t\t<div class=\"elementor-column elementor-col-66 elementor-top-column elementor-element elementor-element-1567392 layouts-column-align-inherit layouts-section-position-none\" data-id=\"1567392\" data-element_type=\"column\">\n\t\t\t<div class=\"elementor-widget-wrap elementor-element-populated\">\n\t\t\t\t\t\t\t\t<div class=\"hf-elementor-layout elementor-element elementor-element-9751a98 elementor-widget elementor-widget-section_title\" data-id=\"9751a98\" data-element_type=\"widget\" data-widget_type=\"section_title.default\">\n\t\t\t\t<div class=\"elementor-widget-container\">\n\t\t\t\t<div class=\"left iq-title-box iq-title-default iq-title-box-1\">\n\t\t<div class=\"iq-title-icon\">\n\t\t\t\t\t<\/div>\n\t\t\t\t\t<h5 class=\"iq-title\" >\n\t\t\tNiveaux de v\u00e9rification\t\t<\/h5>\n\t\t\t\t<\/div>\n    \t\t<\/div>\n\t\t\t\t<\/div>\n\t\t\t\t<div class=\"hf-elementor-layout elementor-element elementor-element-1133c51 elementor-widget elementor-widget-text-editor\" data-id=\"1133c51\" data-element_type=\"widget\" data-widget_type=\"text-editor.default\">\n\t\t\t\t<div class=\"elementor-widget-container\">\n\t\t\t\t\t\t\t<p><u>Standard<\/u> - votre identit\u00e9 num\u00e9rique n'a pas encore \u00e9t\u00e9 li\u00e9e \u00e0 votre signature, mais votre eSignature a am\u00e9lior\u00e9 la valeur juridique gr\u00e2ce \u00e0 une identification en deux \u00e9tapes et \u00e0 un code PIN lorsque vous souhaitez signer un document.<\/p>\n<p>Niveau 1 \u2013 Votre identit\u00e9 est confirm\u00e9e par une autorit\u00e9 d'enregistrement (AR), comme un avocat ou un notaire. Vous obtenez ensuite un certificat num\u00e9rique avanc\u00e9 liant votre eSignature \u00e0 votre identit\u00e9 num\u00e9rique. Pour les entreprises, les documents d'entreprise sont v\u00e9rifi\u00e9s par une autorit\u00e9 d'enregistrement (AR), et un certificat num\u00e9rique avanc\u00e9 est accord\u00e9 \u00e0 l'entreprise.<\/p>\n<p>Niveau 2 \u2013 Disponible pour les entreprises seulement. La structure de l'entreprise et les administrateurs sont v\u00e9rifi\u00e9s. Les personnes dont la signature a \u00e9t\u00e9 v\u00e9rifi\u00e9e au nom de l'entreprise ont \u00e9t\u00e9 autoris\u00e9es par le conseil d'administration. Chaque personne qui souhaite signer au nom de l'entreprise doit passer par le processus de v\u00e9rification de l'identit\u00e9 num\u00e9rique au niveau 1.<\/p>\t\t\t\t\t\t<\/div>\n\t\t\t\t<\/div>\n\t\t\t\t\t<\/div>\n\t\t<\/div>\n\t\t\t\t\t\t\t<\/div>\n\t\t<\/section>\n\t\t\t\t<section class=\"elementor-section elementor-top-section elementor-element elementor-element-e803b36 elementor-section-boxed elementor-section-height-default elementor-section-height-default\" data-id=\"e803b36\" data-element_type=\"section\">\n\t\t\t\t\t\t<div class=\"elementor-container elementor-column-gap-default\">\n\t\t\t\t\t<div class=\"elementor-column elementor-col-100 elementor-top-column elementor-element elementor-element-625811f layouts-column-align-inherit layouts-section-position-none\" data-id=\"625811f\" data-element_type=\"column\">\n\t\t\t<div class=\"elementor-widget-wrap elementor-element-populated\">\n\t\t\t\t\t\t\t\t<div class=\"hf-elementor-layout elementor-element elementor-element-a66a06b elementor-widget elementor-widget-text-editor\" data-id=\"a66a06b\" data-element_type=\"widget\" data-widget_type=\"text-editor.default\">\n\t\t\t\t<div class=\"elementor-widget-container\">\n\t\t\t\t\t\t\t<p>Niveau 3 \u2013 Disponible pour les entreprises seulement. Il s'agit du plus haut niveau de v\u00e9rification. \u00c0 cette \u00e9tape, la gouvernance et les r\u00f4les au sein de l'organisation sont v\u00e9rifi\u00e9s. Ce niveau ultime de v\u00e9rification vous permet d'\u00eatre certain que la personne qui signe le document est ce qu'elle dit \u00eatre et est responsable de signer au nom de l'entreprise.<\/p>\t\t\t\t\t\t<\/div>\n\t\t\t\t<\/div>\n\t\t\t\t\t<\/div>\n\t\t<\/div>\n\t\t\t\t\t\t\t<\/div>\n\t\t<\/section>\n\t\t\t\t\t\t\t<\/div>","protected":false},"excerpt":{"rendered":"<p>Your digital identity is your passport to the digital world Link your eSignature to your verified digital identity E-Signatures? We\u2019ve got that covered. Move into the digital world by connecting your physical identity to your eSignature and verified digital identity. Your verified digital identity is internationally recognized and tamper-proof. Get your identity verified by UnikSign [&hellip;]<\/p>","protected":false},"author":1,"featured_media":0,"parent":0,"menu_order":0,"comment_status":"closed","ping_status":"closed","template":"","meta":[],"acf":[],"_links":{"self":[{"href":"http:\/\/myclawd.alliancetek.net\/fr\/wp-json\/wp\/v2\/pages\/26539"}],"collection":[{"href":"http:\/\/myclawd.alliancetek.net\/fr\/wp-json\/wp\/v2\/pages"}],"about":[{"href":"http:\/\/myclawd.alliancetek.net\/fr\/wp-json\/wp\/v2\/types\/page"}],"author":[{"embeddable":true,"href":"http:\/\/myclawd.alliancetek.net\/fr\/wp-json\/wp\/v2\/users\/1"}],"replies":[{"embeddable":true,"href":"http:\/\/myclawd.alliancetek.net\/fr\/wp-json\/wp\/v2\/comments?post=26539"}],"version-history":[{"count":27,"href":"http:\/\/myclawd.alliancetek.net\/fr\/wp-json\/wp\/v2\/pages\/26539\/revisions"}],"predecessor-version":[{"id":28020,"href":"http:\/\/myclawd.alliancetek.net\/fr\/wp-json\/wp\/v2\/pages\/26539\/revisions\/28020"}],"wp:attachment":[{"href":"http:\/\/myclawd.alliancetek.net\/fr\/wp-json\/wp\/v2\/media?parent=26539"}],"curies":[{"name":"wp","href":"https:\/\/api.w.org\/{rel}","templated":true}]}}