{"id":26537,"date":"2023-02-15T10:54:37","date_gmt":"2023-02-15T10:54:37","guid":{"rendered":"http:\/\/myclawd.alliancetek.net\/?page_id=26537"},"modified":"2023-06-07T09:44:47","modified_gmt":"2023-06-07T09:44:47","slug":"esignature-process","status":"publish","type":"page","link":"http:\/\/myclawd.alliancetek.net\/fr\/esignature-process\/","title":{"rendered":"Processus de signature \u00e9lectronique"},"content":{"rendered":"<div data-elementor-type=\"wp-page\" data-elementor-id=\"26537\" class=\"elementor elementor-26537\">\n\t\t\t\t\t\t\t\t\t<section class=\"elementor-section elementor-top-section elementor-element elementor-element-feb7e83 elementor-section-boxed elementor-section-height-default elementor-section-height-default elementor-invisible\" data-id=\"feb7e83\" data-element_type=\"section\" data-settings=\"{&quot;animation&quot;:&quot;fadeInDown&quot;}\">\n\t\t\t\t\t\t<div class=\"elementor-container elementor-column-gap-default\">\n\t\t\t\t\t<div class=\"elementor-column elementor-col-33 elementor-top-column elementor-element elementor-element-ee58cd9 layouts-column-align-inherit layouts-section-position-none\" data-id=\"ee58cd9\" data-element_type=\"column\">\n\t\t\t<div class=\"elementor-widget-wrap elementor-element-populated\">\n\t\t\t\t\t\t\t\t<div class=\"hf-elementor-layout elementor-element elementor-element-d5e862c elementor-widget elementor-widget-image\" data-id=\"d5e862c\" data-element_type=\"widget\" data-widget_type=\"image.default\">\n\t\t\t\t<div class=\"elementor-widget-container\">\n\t\t\t<style>\/*! elementor - v3.11.1 - 15-02-2023 *\/\n.elementor-widget-image{text-align:center}.elementor-widget-image a{display:inline-block}.elementor-widget-image a img[src$=\".svg\"]{width:48px}.elementor-widget-image img{vertical-align:middle;display:inline-block}<\/style>\t\t\t\t\t\t\t\t\t\t\t\t<img decoding=\"async\" width=\"1024\" height=\"683\" src=\"http:\/\/myclawd.alliancetek.net\/wp-content\/uploads\/2023\/04\/digital-identity-1024x683.jpg\" class=\"attachment-large size-large wp-image-27429\" alt=\"\" loading=\"lazy\" srcset=\"http:\/\/myclawd.alliancetek.net\/wp-content\/uploads\/2023\/04\/digital-identity-1024x683.jpg 1024w, http:\/\/myclawd.alliancetek.net\/wp-content\/uploads\/2023\/04\/digital-identity-300x200.jpg 300w, http:\/\/myclawd.alliancetek.net\/wp-content\/uploads\/2023\/04\/digital-identity-768x512.jpg 768w, http:\/\/myclawd.alliancetek.net\/wp-content\/uploads\/2023\/04\/digital-identity-1536x1024.jpg 1536w, http:\/\/myclawd.alliancetek.net\/wp-content\/uploads\/2023\/04\/digital-identity-2048x1365.jpg 2048w, http:\/\/myclawd.alliancetek.net\/wp-content\/uploads\/2023\/04\/digital-identity-720x480.jpg 720w\" sizes=\"(min-width: 960px) 75vw, 100vw\" \/>\t\t\t\t\t\t\t\t\t\t\t\t\t\t\t<\/div>\n\t\t\t\t<\/div>\n\t\t\t\t\t<\/div>\n\t\t<\/div>\n\t\t\t\t<div class=\"elementor-column elementor-col-66 elementor-top-column elementor-element elementor-element-bad45ea layouts-column-align-inherit layouts-section-position-none\" data-id=\"bad45ea\" data-element_type=\"column\">\n\t\t\t<div class=\"elementor-widget-wrap elementor-element-populated\">\n\t\t\t\t\t\t\t\t<div class=\"hf-elementor-layout elementor-element elementor-element-8a7c37f elementor-widget elementor-widget-section_title\" data-id=\"8a7c37f\" data-element_type=\"widget\" data-widget_type=\"section_title.default\">\n\t\t\t\t<div class=\"elementor-widget-container\">\n\t\t\t\t<div class=\"left iq-title-box iq-title-default iq-title-box-1\">\n\t\t<div class=\"iq-title-icon\">\n\t\t\t\t\t<\/div>\n\t\t\t\t\t<h5 class=\"iq-title\" >\n\t\t\tVotre signature est unique pour vous, assurez-vous qu'elle le reste\t\t<\/h5>\n\t\t\t<p class=\"iq-title-desc\">Cr\u00e9ez une signature \u00e9lectronique qui va au-del\u00e0 des normes e-Sign actuelles. <\/p>\t<\/div>\n    \t\t<\/div>\n\t\t\t\t<\/div>\n\t\t\t\t<div class=\"hf-elementor-layout elementor-element elementor-element-8396d0a elementor-widget elementor-widget-text-editor\" data-id=\"8396d0a\" data-element_type=\"widget\" data-widget_type=\"text-editor.default\">\n\t\t\t\t<div class=\"elementor-widget-container\">\n\t\t\t<style>\/*! elementor - v3.11.1 - 15-02-2023 *\/\n.elementor-widget-text-editor.elementor-drop-cap-view-stacked .elementor-drop-cap{background-color:#818a91;color:#fff}.elementor-widget-text-editor.elementor-drop-cap-view-framed .elementor-drop-cap{color:#818a91;border:3px solid;background-color:transparent}.elementor-widget-text-editor:not(.elementor-drop-cap-view-default) .elementor-drop-cap{margin-top:8px}.elementor-widget-text-editor:not(.elementor-drop-cap-view-default) .elementor-drop-cap-letter{width:1em;height:1em}.elementor-widget-text-editor .elementor-drop-cap{float:left;text-align:center;line-height:1;font-size:50px}.elementor-widget-text-editor .elementor-drop-cap-letter{display:inline-block}<\/style>\t\t\t\t<p>Avec une authentification en deux \u00e9tapes et un code PIN s\u00e9curis\u00e9, la signature \u00e9lectronique UnikSign d\u00e9passe toutes les r\u00e9glementations en vigueur concernant les signatures \u00e9lectroniques.<\/p><p>Prouvez que c'est vraiment vous qui avez sign\u00e9 le document - nous avons la valeur probante la plus \u00e9lev\u00e9e sur le march\u00e9 pour notre eSignature.<\/p><p>Ne vous contentez pas d'une signature dactylographi\u00e9e ou d'une image qui peut \u00eatre plac\u00e9e sur un document par n'importe qui. Voyez comment notre processus pr\u00e9serve l'int\u00e9grit\u00e9 de votre signature, qui est accept\u00e9e par un tribunal.<\/p>\t\t\t\t\t\t<\/div>\n\t\t\t\t<\/div>\n\t\t\t\t\t<\/div>\n\t\t<\/div>\n\t\t\t\t\t\t\t<\/div>\n\t\t<\/section>\n\t\t\t\t<section class=\"elementor-section elementor-top-section elementor-element elementor-element-74d6207 elementor-section-boxed elementor-section-height-default elementor-section-height-default elementor-invisible\" data-id=\"74d6207\" data-element_type=\"section\" data-settings=\"{&quot;animation&quot;:&quot;fadeInLeft&quot;}\">\n\t\t\t\t\t\t<div class=\"elementor-container elementor-column-gap-default\">\n\t\t\t\t\t<div class=\"elementor-column elementor-col-66 elementor-top-column elementor-element elementor-element-309976f layouts-column-align-inherit layouts-section-position-none\" data-id=\"309976f\" data-element_type=\"column\">\n\t\t\t<div class=\"elementor-widget-wrap elementor-element-populated\">\n\t\t\t\t\t\t\t\t<div class=\"hf-elementor-layout elementor-element elementor-element-a27dcb6 elementor-widget elementor-widget-section_title\" data-id=\"a27dcb6\" data-element_type=\"widget\" data-widget_type=\"section_title.default\">\n\t\t\t\t<div class=\"elementor-widget-container\">\n\t\t\t\t<div class=\"left iq-title-box iq-title-default iq-title-box-1\">\n\t\t<div class=\"iq-title-icon\">\n\t\t\t\t\t<\/div>\n\t\t\t\t\t<h5 class=\"iq-title\" >\n\t\t\tNotre processus de signature \u00e9lectronique\t\t<\/h5>\n\t\t\t\t<\/div>\n    \t\t<\/div>\n\t\t\t\t<\/div>\n\t\t\t\t<div class=\"hf-elementor-layout elementor-element elementor-element-b81ac28 elementor-widget elementor-widget-text-editor\" data-id=\"b81ac28\" data-element_type=\"widget\" data-widget_type=\"text-editor.default\">\n\t\t\t\t<div class=\"elementor-widget-container\">\n\t\t\t\t\t\t\t<ul style=\"margin-bottom: 0px;\"><li>Lorsque vous vous inscrivez \u00e0 la signature \u00e9lectronique d'UnikSign, vous cr\u00e9ez un compte pour g\u00e9rer votre signature et votre identit\u00e9.<\/li><li>Votre compte est v\u00e9rifi\u00e9 et s\u00e9curis\u00e9 via le processus d'authentification. Vous disposez d\u00e9sormais d'une identit\u00e9 num\u00e9rique standard li\u00e9e \u00e0 votre compte eSignature.\u00a0<\/li><li>Configurez votre signature dans UnikSign. Utilisez l'une des polices personnalis\u00e9es disponibles ou t\u00e9l\u00e9chargez une image de votre signature physique.<\/li><li>Choisissez un NIP pour votre signature. Cela doit rester confidentiel - ne le partagez avec personne. Vous entrerez toujours ce CODE PIN pour signer un document. Le but est de s'assurer que vous seul pouvez signer votre propre signature, elle ne peut pas \u00eatre utilis\u00e9e \u00e0 votre insu. Il agit comme preuve de l'intention de signature dans un tribunal.<\/li><\/ul>\t\t\t\t\t\t<\/div>\n\t\t\t\t<\/div>\n\t\t\t\t\t<\/div>\n\t\t<\/div>\n\t\t\t\t<div class=\"elementor-column elementor-col-33 elementor-top-column elementor-element elementor-element-7038106 layouts-column-align-inherit layouts-section-position-none\" data-id=\"7038106\" data-element_type=\"column\">\n\t\t\t<div class=\"elementor-widget-wrap elementor-element-populated\">\n\t\t\t\t\t\t\t\t<div class=\"hf-elementor-layout elementor-element elementor-element-74df58b elementor-widget elementor-widget-image\" data-id=\"74df58b\" data-element_type=\"widget\" data-widget_type=\"image.default\">\n\t\t\t\t<div class=\"elementor-widget-container\">\n\t\t\t\t\t\t\t\t\t\t\t\t\t\t\t<img decoding=\"async\" width=\"1024\" height=\"474\" src=\"http:\/\/myclawd.alliancetek.net\/wp-content\/uploads\/2023\/04\/biomatrics-esignature-1024x474.jpg\" class=\"attachment-large size-large wp-image-27421\" alt=\"\" loading=\"lazy\" srcset=\"http:\/\/myclawd.alliancetek.net\/wp-content\/uploads\/2023\/04\/biomatrics-esignature-1024x474.jpg 1024w, http:\/\/myclawd.alliancetek.net\/wp-content\/uploads\/2023\/04\/biomatrics-esignature-300x139.jpg 300w, http:\/\/myclawd.alliancetek.net\/wp-content\/uploads\/2023\/04\/biomatrics-esignature-768x355.jpg 768w, http:\/\/myclawd.alliancetek.net\/wp-content\/uploads\/2023\/04\/biomatrics-esignature-1536x711.jpg 1536w, http:\/\/myclawd.alliancetek.net\/wp-content\/uploads\/2023\/04\/biomatrics-esignature-2048x947.jpg 2048w\" sizes=\"(min-width: 960px) 75vw, 100vw\" \/>\t\t\t\t\t\t\t\t\t\t\t\t\t\t\t<\/div>\n\t\t\t\t<\/div>\n\t\t\t\t\t<\/div>\n\t\t<\/div>\n\t\t\t\t\t\t\t<\/div>\n\t\t<\/section>\n\t\t\t\t<section class=\"elementor-section elementor-top-section elementor-element elementor-element-4005a08 elementor-section-boxed elementor-section-height-default elementor-section-height-default elementor-invisible\" data-id=\"4005a08\" data-element_type=\"section\" data-settings=\"{&quot;animation&quot;:&quot;fadeInLeft&quot;}\">\n\t\t\t\t\t\t<div class=\"elementor-container elementor-column-gap-default\">\n\t\t\t\t\t<div class=\"elementor-column elementor-col-100 elementor-top-column elementor-element elementor-element-9b60678 layouts-column-align-inherit layouts-section-position-none\" data-id=\"9b60678\" data-element_type=\"column\">\n\t\t\t<div class=\"elementor-widget-wrap elementor-element-populated\">\n\t\t\t\t\t\t\t\t<div class=\"hf-elementor-layout elementor-element elementor-element-315c696 elementor-widget elementor-widget-text-editor\" data-id=\"315c696\" data-element_type=\"widget\" data-widget_type=\"text-editor.default\">\n\t\t\t\t<div class=\"elementor-widget-container\">\n\t\t\t\t\t\t\t<ul style=\"margin-top: -12px;\">\n \t<li>T\u00e9l\u00e9chargez un document sur la plate-forme de bureau Clawd ou l'application UnikSign, placez les champs de signature et de texte si n\u00e9cessaire et envoyez-le pour signature.<\/li>\n \t<li>Voyez qui a sign\u00e9 en temps r\u00e9el. Une fois le document termin\u00e9, vous recevrez une notification par e-mail indiquant que votre document est stock\u00e9 dans MyVault, avec un certificat d'ach\u00e8vement, des m\u00e9tadonn\u00e9es inject\u00e9es par XMP qui encapsulent le document, qui est sign\u00e9 par Clawd Technologies et soutenu par Entrust.<\/li>\n<\/ul>\t\t\t\t\t\t<\/div>\n\t\t\t\t<\/div>\n\t\t\t\t\t<\/div>\n\t\t<\/div>\n\t\t\t\t\t\t\t<\/div>\n\t\t<\/section>\n\t\t\t\t\t\t\t<\/div>","protected":false},"excerpt":{"rendered":"<p>Your signature is unique to you, make sure it stays that way Create an electronic signature that goes above and beyond current e-Sign standards. With two-step authentication and a secure PIN, the UnikSign eSignature exceeds all current regulations regarding electronic signatures. Prove that it really is you that signed the document \u2013 we have the [&hellip;]<\/p>","protected":false},"author":1,"featured_media":0,"parent":0,"menu_order":0,"comment_status":"closed","ping_status":"closed","template":"","meta":[],"acf":[],"_links":{"self":[{"href":"http:\/\/myclawd.alliancetek.net\/fr\/wp-json\/wp\/v2\/pages\/26537"}],"collection":[{"href":"http:\/\/myclawd.alliancetek.net\/fr\/wp-json\/wp\/v2\/pages"}],"about":[{"href":"http:\/\/myclawd.alliancetek.net\/fr\/wp-json\/wp\/v2\/types\/page"}],"author":[{"embeddable":true,"href":"http:\/\/myclawd.alliancetek.net\/fr\/wp-json\/wp\/v2\/users\/1"}],"replies":[{"embeddable":true,"href":"http:\/\/myclawd.alliancetek.net\/fr\/wp-json\/wp\/v2\/comments?post=26537"}],"version-history":[{"count":42,"href":"http:\/\/myclawd.alliancetek.net\/fr\/wp-json\/wp\/v2\/pages\/26537\/revisions"}],"predecessor-version":[{"id":28014,"href":"http:\/\/myclawd.alliancetek.net\/fr\/wp-json\/wp\/v2\/pages\/26537\/revisions\/28014"}],"wp:attachment":[{"href":"http:\/\/myclawd.alliancetek.net\/fr\/wp-json\/wp\/v2\/media?parent=26537"}],"curies":[{"name":"wp","href":"https:\/\/api.w.org\/{rel}","templated":true}]}}