{"id":26534,"date":"2023-02-15T10:53:38","date_gmt":"2023-02-15T10:53:38","guid":{"rendered":"http:\/\/myclawd.alliancetek.net\/?page_id=26534"},"modified":"2023-06-07T09:39:49","modified_gmt":"2023-06-07T09:39:49","slug":"digital-transformation","status":"publish","type":"page","link":"http:\/\/myclawd.alliancetek.net\/fr\/digital-transformation\/","title":{"rendered":"Transformation num\u00e9rique"},"content":{"rendered":"<div data-elementor-type=\"wp-page\" data-elementor-id=\"26534\" class=\"elementor elementor-26534\">\n\t\t\t\t\t\t\t\t\t<section class=\"elementor-section elementor-top-section elementor-element elementor-element-ddcc0a5 elementor-section-boxed elementor-section-height-default elementor-section-height-default elementor-invisible\" data-id=\"ddcc0a5\" data-element_type=\"section\" data-settings=\"{&quot;animation&quot;:&quot;fadeInDown&quot;}\">\n\t\t\t\t\t\t<div class=\"elementor-container elementor-column-gap-default\">\n\t\t\t\t\t<div class=\"elementor-column elementor-col-33 elementor-top-column elementor-element elementor-element-7cbb1b9 layouts-column-align-inherit layouts-section-position-none\" data-id=\"7cbb1b9\" data-element_type=\"column\">\n\t\t\t<div class=\"elementor-widget-wrap elementor-element-populated\">\n\t\t\t\t\t\t\t\t<div class=\"hf-elementor-layout elementor-element elementor-element-2f9c96f elementor-widget elementor-widget-image\" data-id=\"2f9c96f\" data-element_type=\"widget\" data-widget_type=\"image.default\">\n\t\t\t\t<div class=\"elementor-widget-container\">\n\t\t\t<style>\/*! elementor - v3.11.1 - 15-02-2023 *\/\n.elementor-widget-image{text-align:center}.elementor-widget-image a{display:inline-block}.elementor-widget-image a img[src$=\".svg\"]{width:48px}.elementor-widget-image img{vertical-align:middle;display:inline-block}<\/style>\t\t\t\t\t\t\t\t\t\t\t\t<img decoding=\"async\" width=\"1024\" height=\"529\" src=\"http:\/\/myclawd.alliancetek.net\/wp-content\/uploads\/2023\/04\/001-Digital-Transformation-1024x529.jpg\" class=\"attachment-large size-large wp-image-27471\" alt=\"\" loading=\"lazy\" srcset=\"http:\/\/myclawd.alliancetek.net\/wp-content\/uploads\/2023\/04\/001-Digital-Transformation-1024x529.jpg 1024w, http:\/\/myclawd.alliancetek.net\/wp-content\/uploads\/2023\/04\/001-Digital-Transformation-300x155.jpg 300w, http:\/\/myclawd.alliancetek.net\/wp-content\/uploads\/2023\/04\/001-Digital-Transformation-768x397.jpg 768w, http:\/\/myclawd.alliancetek.net\/wp-content\/uploads\/2023\/04\/001-Digital-Transformation-1536x794.jpg 1536w, http:\/\/myclawd.alliancetek.net\/wp-content\/uploads\/2023\/04\/001-Digital-Transformation-2048x1058.jpg 2048w\" sizes=\"(min-width: 960px) 75vw, 100vw\" \/>\t\t\t\t\t\t\t\t\t\t\t\t\t\t\t<\/div>\n\t\t\t\t<\/div>\n\t\t\t\t\t<\/div>\n\t\t<\/div>\n\t\t\t\t<div class=\"elementor-column elementor-col-66 elementor-top-column elementor-element elementor-element-3e9a66a layouts-column-align-inherit layouts-section-position-none\" data-id=\"3e9a66a\" data-element_type=\"column\">\n\t\t\t<div class=\"elementor-widget-wrap elementor-element-populated\">\n\t\t\t\t\t\t\t\t<div class=\"hf-elementor-layout elementor-element elementor-element-3785539 elementor-widget elementor-widget-section_title\" data-id=\"3785539\" data-element_type=\"widget\" data-widget_type=\"section_title.default\">\n\t\t\t\t<div class=\"elementor-widget-container\">\n\t\t\t\t<div class=\"left iq-title-box iq-title-default iq-title-box-1\">\n\t\t<div class=\"iq-title-icon\">\n\t\t\t\t\t<\/div>\n\t\t\t\t\t<h5 class=\"iq-title\" >\n\t\t\tUne solution cl\u00e9 en main pour devenir une organisation num\u00e9rique sans papier\t\t<\/h5>\n\t\t\t\t<\/div>\n    \t\t<\/div>\n\t\t\t\t<\/div>\n\t\t\t\t<div class=\"hf-elementor-layout elementor-element elementor-element-fbb4962 elementor-widget elementor-widget-text-editor\" data-id=\"fbb4962\" data-element_type=\"widget\" data-widget_type=\"text-editor.default\">\n\t\t\t\t<div class=\"elementor-widget-container\">\n\t\t\t<style>\/*! elementor - v3.11.1 - 15-02-2023 *\/\n.elementor-widget-text-editor.elementor-drop-cap-view-stacked .elementor-drop-cap{background-color:#818a91;color:#fff}.elementor-widget-text-editor.elementor-drop-cap-view-framed .elementor-drop-cap{color:#818a91;border:3px solid;background-color:transparent}.elementor-widget-text-editor:not(.elementor-drop-cap-view-default) .elementor-drop-cap{margin-top:8px}.elementor-widget-text-editor:not(.elementor-drop-cap-view-default) .elementor-drop-cap-letter{width:1em;height:1em}.elementor-widget-text-editor .elementor-drop-cap{float:left;text-align:center;line-height:1;font-size:50px}.elementor-widget-text-editor .elementor-drop-cap-letter{display:inline-block}<\/style>\t\t\t\t<p>Clawd Technologies offre une approche en trois parties qu'aucune autre entreprise ne peut offrir. Nous fournissons des processus s\u00e9curis\u00e9s et rentables pour nous assurer que toutes vos informations sont converties et cr\u00e9\u00e9es dans un format num\u00e9rique et sont reconnues comme des originaux num\u00e9riques.<\/p>\n<p>D'autres fournisseurs peuvent vous permettre de signer des documents - mais qu'en est-il des contrats papier du pass\u00e9? D'autres solutions offrent de stocker en toute s\u00e9curit\u00e9 vos informations \u00e9lectroniques - mais comment pouvez-vous convertir vos documents papier en format num\u00e9rique?<\/p>\t\t\t\t\t\t<\/div>\n\t\t\t\t<\/div>\n\t\t\t\t\t<\/div>\n\t\t<\/div>\n\t\t\t\t\t\t\t<\/div>\n\t\t<\/section>\n\t\t\t\t<section class=\"elementor-section elementor-top-section elementor-element elementor-element-261c1b9 elementor-section-boxed elementor-section-height-default elementor-section-height-default\" data-id=\"261c1b9\" data-element_type=\"section\">\n\t\t\t\t\t\t<div class=\"elementor-container elementor-column-gap-default\">\n\t\t\t\t\t<div class=\"elementor-column elementor-col-100 elementor-top-column elementor-element elementor-element-ac93a52 layouts-column-align-inherit layouts-section-position-none\" data-id=\"ac93a52\" data-element_type=\"column\">\n\t\t\t<div class=\"elementor-widget-wrap elementor-element-populated\">\n\t\t\t\t\t\t\t\t<div class=\"hf-elementor-layout elementor-element elementor-element-326d609 elementor-widget elementor-widget-text-editor\" data-id=\"326d609\" data-element_type=\"widget\" data-widget_type=\"text-editor.default\">\n\t\t\t\t<div class=\"elementor-widget-container\">\n\t\t\t\t\t\t\t<p>Pour qu'une transformation num\u00e9rique ait lieu, toutes les informations doivent \u00eatre dans le m\u00eame format. Clawd Technologies vous permet de transformer vos documents papier en originaux num\u00e9riques, fournit un flux de travail pour signer et cr\u00e9er des documents originaux num\u00e9riques, et un coffre-fort s\u00e9curis\u00e9 bas\u00e9 sur le cloud pour stocker votre m\u00e9moire d'entreprise.<\/p>\t\t\t\t\t\t<\/div>\n\t\t\t\t<\/div>\n\t\t\t\t\t<\/div>\n\t\t<\/div>\n\t\t\t\t\t\t\t<\/div>\n\t\t<\/section>\n\t\t\t\t<section class=\"elementor-section elementor-top-section elementor-element elementor-element-4a47e66 elementor-section-boxed elementor-section-height-default elementor-section-height-default elementor-invisible\" data-id=\"4a47e66\" data-element_type=\"section\" data-settings=\"{&quot;animation&quot;:&quot;fadeInLeft&quot;}\">\n\t\t\t\t\t\t<div class=\"elementor-container elementor-column-gap-default\">\n\t\t\t\t\t<div class=\"elementor-column elementor-col-66 elementor-top-column elementor-element elementor-element-0bb99ca layouts-column-align-inherit layouts-section-position-none\" data-id=\"0bb99ca\" data-element_type=\"column\">\n\t\t\t<div class=\"elementor-widget-wrap elementor-element-populated\">\n\t\t\t\t\t\t\t\t<div class=\"hf-elementor-layout elementor-element elementor-element-fc367d8 elementor-widget elementor-widget-section_title\" data-id=\"fc367d8\" data-element_type=\"widget\" data-widget_type=\"section_title.default\">\n\t\t\t\t<div class=\"elementor-widget-container\">\n\t\t\t\t<div class=\"left iq-title-box iq-title-default iq-title-box-1\">\n\t\t<div class=\"iq-title-icon\">\n\t\t\t\t\t<\/div>\n\t\t\t\t\t<h5 class=\"iq-title\" >\n\t\t\tESignature d'Uniksign et identit\u00e9 v\u00e9rifi\u00e9e\t\t<\/h5>\n\t\t\t\t<\/div>\n    \t\t<\/div>\n\t\t\t\t<\/div>\n\t\t\t\t<div class=\"hf-elementor-layout elementor-element elementor-element-0c35e74 elementor-widget elementor-widget-text-editor\" data-id=\"0c35e74\" data-element_type=\"widget\" data-widget_type=\"text-editor.default\">\n\t\t\t\t<div class=\"elementor-widget-container\">\n\t\t\t\t\t\t\tLa signature \u00e9lectronique UnikSign a la valeur probante la plus \u00e9lev\u00e9e sur le march\u00e9, et votre signature a la m\u00eame valeur juridique que votre signature physique une fois votre identit\u00e9 v\u00e9rifi\u00e9e. Chaque document sign\u00e9 est encapsul\u00e9 avec des m\u00e9tadonn\u00e9es inviolables, a un certificat d'ach\u00e8vement et obtient la signature de la valeur probante de Clawd (IPV) pour sceller le document, soutenue par Entrust.<br><br>Les services de v\u00e9rification d'identit\u00e9 d'UnikSign fournissent des certificats d'identit\u00e9 num\u00e9riques aux particuliers et aux entreprises. Assurez-vous de savoir qui signe au nom de votre entreprise et qu'elle a le droit l\u00e9gal de le faire.\t\t\t\t\t\t<\/div>\n\t\t\t\t<\/div>\n\t\t\t\t\t<\/div>\n\t\t<\/div>\n\t\t\t\t<div class=\"elementor-column elementor-col-33 elementor-top-column elementor-element elementor-element-09e9ff9 layouts-column-align-inherit layouts-section-position-none\" data-id=\"09e9ff9\" data-element_type=\"column\">\n\t\t\t<div class=\"elementor-widget-wrap elementor-element-populated\">\n\t\t\t\t\t\t\t\t<div class=\"hf-elementor-layout elementor-element elementor-element-64c1f44 elementor-widget elementor-widget-image\" data-id=\"64c1f44\" data-element_type=\"widget\" data-widget_type=\"image.default\">\n\t\t\t\t<div class=\"elementor-widget-container\">\n\t\t\t\t\t\t\t\t\t\t\t\t\t\t\t<img decoding=\"async\" width=\"1024\" height=\"768\" src=\"http:\/\/myclawd.alliancetek.net\/wp-content\/uploads\/2022\/06\/businessman-use-electronic-pen-sign-signature-electronic-esigning-data-sheet-document-management-paperless-office-concept-businessman-using-stylus-pen-signing-e-document-digital-tablet-1-1024x768.jpg\" class=\"attachment-large size-large wp-image-27397\" alt=\"\" loading=\"lazy\" srcset=\"http:\/\/myclawd.alliancetek.net\/wp-content\/uploads\/2022\/06\/businessman-use-electronic-pen-sign-signature-electronic-esigning-data-sheet-document-management-paperless-office-concept-businessman-using-stylus-pen-signing-e-document-digital-tablet-1-1024x768.jpg 1024w, http:\/\/myclawd.alliancetek.net\/wp-content\/uploads\/2022\/06\/businessman-use-electronic-pen-sign-signature-electronic-esigning-data-sheet-document-management-paperless-office-concept-businessman-using-stylus-pen-signing-e-document-digital-tablet-1-300x225.jpg 300w, http:\/\/myclawd.alliancetek.net\/wp-content\/uploads\/2022\/06\/businessman-use-electronic-pen-sign-signature-electronic-esigning-data-sheet-document-management-paperless-office-concept-businessman-using-stylus-pen-signing-e-document-digital-tablet-1-768x576.jpg 768w, http:\/\/myclawd.alliancetek.net\/wp-content\/uploads\/2022\/06\/businessman-use-electronic-pen-sign-signature-electronic-esigning-data-sheet-document-management-paperless-office-concept-businessman-using-stylus-pen-signing-e-document-digital-tablet-1-1536x1152.jpg 1536w, http:\/\/myclawd.alliancetek.net\/wp-content\/uploads\/2022\/06\/businessman-use-electronic-pen-sign-signature-electronic-esigning-data-sheet-document-management-paperless-office-concept-businessman-using-stylus-pen-signing-e-document-digital-tablet-1-2048x1536.jpg 2048w\" sizes=\"(min-width: 960px) 75vw, 100vw\" \/>\t\t\t\t\t\t\t\t\t\t\t\t\t\t\t<\/div>\n\t\t\t\t<\/div>\n\t\t\t\t\t<\/div>\n\t\t<\/div>\n\t\t\t\t\t\t\t<\/div>\n\t\t<\/section>\n\t\t\t\t<section class=\"elementor-section elementor-top-section elementor-element elementor-element-0a7e3b6 elementor-section-boxed elementor-section-height-default elementor-section-height-default elementor-invisible\" data-id=\"0a7e3b6\" data-element_type=\"section\" data-settings=\"{&quot;animation&quot;:&quot;fadeInRight&quot;}\">\n\t\t\t\t\t\t<div class=\"elementor-container elementor-column-gap-default\">\n\t\t\t\t\t<div class=\"elementor-column elementor-col-33 elementor-top-column elementor-element elementor-element-4858db9 layouts-column-align-inherit layouts-section-position-none\" data-id=\"4858db9\" data-element_type=\"column\">\n\t\t\t<div class=\"elementor-widget-wrap elementor-element-populated\">\n\t\t\t\t\t\t\t\t<div class=\"hf-elementor-layout elementor-element elementor-element-0cb101e elementor-widget elementor-widget-image\" data-id=\"0cb101e\" data-element_type=\"widget\" data-widget_type=\"image.default\">\n\t\t\t\t<div class=\"elementor-widget-container\">\n\t\t\t\t\t\t\t\t\t\t\t\t\t\t\t<img decoding=\"async\" width=\"1024\" height=\"683\" src=\"http:\/\/myclawd.alliancetek.net\/wp-content\/uploads\/2022\/05\/Vault-2-1024x683.jpg\" class=\"attachment-large size-large wp-image-27459\" alt=\"\" loading=\"lazy\" srcset=\"http:\/\/myclawd.alliancetek.net\/wp-content\/uploads\/2022\/05\/Vault-2-1024x683.jpg 1024w, http:\/\/myclawd.alliancetek.net\/wp-content\/uploads\/2022\/05\/Vault-2-300x200.jpg 300w, http:\/\/myclawd.alliancetek.net\/wp-content\/uploads\/2022\/05\/Vault-2-768x512.jpg 768w, http:\/\/myclawd.alliancetek.net\/wp-content\/uploads\/2022\/05\/Vault-2-1536x1025.jpg 1536w, http:\/\/myclawd.alliancetek.net\/wp-content\/uploads\/2022\/05\/Vault-2-2048x1367.jpg 2048w, http:\/\/myclawd.alliancetek.net\/wp-content\/uploads\/2022\/05\/Vault-2-720x480.jpg 720w\" sizes=\"(min-width: 960px) 75vw, 100vw\" \/>\t\t\t\t\t\t\t\t\t\t\t\t\t\t\t<\/div>\n\t\t\t\t<\/div>\n\t\t\t\t\t<\/div>\n\t\t<\/div>\n\t\t\t\t<div class=\"elementor-column elementor-col-66 elementor-top-column elementor-element elementor-element-1be5df3 layouts-column-align-inherit layouts-section-position-none\" data-id=\"1be5df3\" data-element_type=\"column\">\n\t\t\t<div class=\"elementor-widget-wrap elementor-element-populated\">\n\t\t\t\t\t\t\t\t<div class=\"hf-elementor-layout elementor-element elementor-element-1743acd elementor-widget elementor-widget-section_title\" data-id=\"1743acd\" data-element_type=\"widget\" data-widget_type=\"section_title.default\">\n\t\t\t\t<div class=\"elementor-widget-container\">\n\t\t\t\t<div class=\"left iq-title-box iq-title-default iq-title-box-1\">\n\t\t<div class=\"iq-title-icon\">\n\t\t\t\t\t<\/div>\n\t\t\t\t\t<h5 class=\"iq-title\" >\n\t\t\tDocuTrail\t\t<\/h5>\n\t\t\t\t<\/div>\n    \t\t<\/div>\n\t\t\t\t<\/div>\n\t\t\t\t<div class=\"hf-elementor-layout elementor-element elementor-element-4fa0401 elementor-widget elementor-widget-text-editor\" data-id=\"4fa0401\" data-element_type=\"widget\" data-widget_type=\"text-editor.default\">\n\t\t\t\t<div class=\"elementor-widget-container\">\n\t\t\t\t\t\t\tDocuTrail est un processus mis en \u0153uvre par des fournisseurs de services de num\u00e9risation v\u00e9rifi\u00e9s, form\u00e9s \u00e0 l'utilisation du logiciel DocuTrail. Les documents papier et les supports sont num\u00e9ris\u00e9s et retourn\u00e9s sous forme d'originaux num\u00e9riques, en maintenant la cha\u00eene de possession et les pistes de v\u00e9rification compl\u00e8tes, scell\u00e9s avec des signatures num\u00e9riques et encapsul\u00e9s avec des m\u00e9tadonn\u00e9es pour en faire l'original num\u00e9rique. Vous pouvez d\u00e9truire vos copies papier - ne conservez que celles requises par la loi (environ 2 \u00e0 5% de vos documents papier totaux).<br><br>Ce processus peut \u00eatre appliqu\u00e9 aux documents qui ont \u00e9t\u00e9 archiv\u00e9s, aux documents actuels, et est une solution pour tous les documents papier cr\u00e9\u00e9s \u00e0 l'avenir. Sur le plan de la num\u00e9risation du papier, nous avons ce qu'il vous faut, peu importe ce qui se passera \u00e0 l'avenir.\t\t\t\t\t\t<\/div>\n\t\t\t\t<\/div>\n\t\t\t\t\t<\/div>\n\t\t<\/div>\n\t\t\t\t\t\t\t<\/div>\n\t\t<\/section>\n\t\t\t\t<section class=\"elementor-section elementor-top-section elementor-element elementor-element-d2eebda elementor-section-boxed elementor-section-height-default elementor-section-height-default elementor-invisible\" data-id=\"d2eebda\" data-element_type=\"section\" data-settings=\"{&quot;animation&quot;:&quot;fadeInUp&quot;}\">\n\t\t\t\t\t\t<div class=\"elementor-container elementor-column-gap-default\">\n\t\t\t\t\t<div class=\"elementor-column elementor-col-66 elementor-top-column elementor-element elementor-element-6668958 layouts-column-align-inherit layouts-section-position-none\" data-id=\"6668958\" data-element_type=\"column\">\n\t\t\t<div class=\"elementor-widget-wrap elementor-element-populated\">\n\t\t\t\t\t\t\t\t<div class=\"hf-elementor-layout elementor-element elementor-element-7b89ee4 elementor-widget elementor-widget-section_title\" data-id=\"7b89ee4\" data-element_type=\"widget\" data-widget_type=\"section_title.default\">\n\t\t\t\t<div class=\"elementor-widget-container\">\n\t\t\t\t<div class=\"left iq-title-box iq-title-default iq-title-box-1\">\n\t\t<div class=\"iq-title-icon\">\n\t\t\t\t\t<\/div>\n\t\t\t\t\t<h5 class=\"iq-title\" >\n\t\t\tMyVault\t\t<\/h5>\n\t\t\t\t<\/div>\n    \t\t<\/div>\n\t\t\t\t<\/div>\n\t\t\t\t<div class=\"hf-elementor-layout elementor-element elementor-element-55dbb41 elementor-widget elementor-widget-text-editor\" data-id=\"55dbb41\" data-element_type=\"widget\" data-widget_type=\"text-editor.default\">\n\t\t\t\t<div class=\"elementor-widget-container\">\n\t\t\t\t\t\t\t<p>Avec la cr\u00e9ation d'originaux num\u00e9riques vient le besoin d'un stockage s\u00e9curis\u00e9. MyVault est le coffre-fort de stockage personnalis\u00e9 bas\u00e9 sur le cloud de Clawd, aliment\u00e9 par Microsoft Azure. Vos documents num\u00e9riques sont automatiquement transf\u00e9r\u00e9s vers le coffre-fort par UnikSign et DocuTrail. Facile \u00e0 mettre en \u0153uvre et plus rentable que les syst\u00e8mes de gestion de documents personnalis\u00e9s et auto-h\u00e9berg\u00e9s, vous pouvez facilement rechercher, envoyer et personnaliser l'acc\u00e8s \u00e0 votre pr\u00e9cieuse m\u00e9moire institutionnelle.<\/p>\t\t\t\t\t\t<\/div>\n\t\t\t\t<\/div>\n\t\t\t\t\t<\/div>\n\t\t<\/div>\n\t\t\t\t<div class=\"elementor-column elementor-col-33 elementor-top-column elementor-element elementor-element-be22881 layouts-column-align-inherit layouts-section-position-none\" data-id=\"be22881\" data-element_type=\"column\">\n\t\t\t<div class=\"elementor-widget-wrap elementor-element-populated\">\n\t\t\t\t\t\t\t\t<div class=\"hf-elementor-layout elementor-element elementor-element-5faafbb elementor-widget elementor-widget-image\" data-id=\"5faafbb\" data-element_type=\"widget\" data-widget_type=\"image.default\">\n\t\t\t\t<div class=\"elementor-widget-container\">\n\t\t\t\t\t\t\t\t\t\t\t\t\t\t\t<img decoding=\"async\" width=\"1024\" height=\"683\" src=\"http:\/\/myclawd.alliancetek.net\/wp-content\/uploads\/2022\/05\/vault-1-1024x683.jpg\" class=\"attachment-large size-large wp-image-27458\" alt=\"\" loading=\"lazy\" srcset=\"http:\/\/myclawd.alliancetek.net\/wp-content\/uploads\/2022\/05\/vault-1-1024x683.jpg 1024w, http:\/\/myclawd.alliancetek.net\/wp-content\/uploads\/2022\/05\/vault-1-300x200.jpg 300w, http:\/\/myclawd.alliancetek.net\/wp-content\/uploads\/2022\/05\/vault-1-768x512.jpg 768w, http:\/\/myclawd.alliancetek.net\/wp-content\/uploads\/2022\/05\/vault-1-1536x1024.jpg 1536w, http:\/\/myclawd.alliancetek.net\/wp-content\/uploads\/2022\/05\/vault-1-2048x1365.jpg 2048w, http:\/\/myclawd.alliancetek.net\/wp-content\/uploads\/2022\/05\/vault-1-720x480.jpg 720w\" sizes=\"(min-width: 960px) 75vw, 100vw\" \/>\t\t\t\t\t\t\t\t\t\t\t\t\t\t\t<\/div>\n\t\t\t\t<\/div>\n\t\t\t\t\t<\/div>\n\t\t<\/div>\n\t\t\t\t\t\t\t<\/div>\n\t\t<\/section>\n\t\t\t\t\t\t\t<\/div>","protected":false},"excerpt":{"rendered":"<p>A turn-key solution to go paperless and become a digital organization Clawd Technologies offers a three-part approach that no other company can offer. We provide secure and cost-effective processes to ensure all your information is converted to and created in a digital format and is recognized as digital originals. Other providers can allow you to [&hellip;]<\/p>","protected":false},"author":1,"featured_media":0,"parent":0,"menu_order":0,"comment_status":"closed","ping_status":"closed","template":"","meta":[],"acf":[],"_links":{"self":[{"href":"http:\/\/myclawd.alliancetek.net\/fr\/wp-json\/wp\/v2\/pages\/26534"}],"collection":[{"href":"http:\/\/myclawd.alliancetek.net\/fr\/wp-json\/wp\/v2\/pages"}],"about":[{"href":"http:\/\/myclawd.alliancetek.net\/fr\/wp-json\/wp\/v2\/types\/page"}],"author":[{"embeddable":true,"href":"http:\/\/myclawd.alliancetek.net\/fr\/wp-json\/wp\/v2\/users\/1"}],"replies":[{"embeddable":true,"href":"http:\/\/myclawd.alliancetek.net\/fr\/wp-json\/wp\/v2\/comments?post=26534"}],"version-history":[{"count":57,"href":"http:\/\/myclawd.alliancetek.net\/fr\/wp-json\/wp\/v2\/pages\/26534\/revisions"}],"predecessor-version":[{"id":28008,"href":"http:\/\/myclawd.alliancetek.net\/fr\/wp-json\/wp\/v2\/pages\/26534\/revisions\/28008"}],"wp:attachment":[{"href":"http:\/\/myclawd.alliancetek.net\/fr\/wp-json\/wp\/v2\/media?parent=26534"}],"curies":[{"name":"wp","href":"https:\/\/api.w.org\/{rel}","templated":true}]}}